{"id":983,"date":"2024-11-26T12:07:05","date_gmt":"2024-11-26T12:07:05","guid":{"rendered":"https:\/\/izotex.canturan.dev\/?page_id=983"},"modified":"2025-11-05T09:48:32","modified_gmt":"2025-11-05T09:48:32","slug":"hakkimizda","status":"publish","type":"page","link":"https:\/\/izotex.com\/tr\/hakkimizda\/","title":{"rendered":"Hakk\u0131m\u0131zda"},"content":{"rendered":"\n\t<section class=\"section\" id=\"section_1333220498\">\n\t\t<div class=\"section-bg fill\" >\n\t\t\t<img decoding=\"async\" width=\"2560\" height=\"1280\" src=\"https:\/\/izotex.com\/wp-content\/uploads\/2025\/01\/izotex-hakkimizda-ust-banner.jpg\" class=\"bg attachment-original size-original\" alt=\"\u0130zotex Hakk\u0131m\u0131zda \u00dcst Banner - \u0130zotex&#039;in faaliyet alanlar\u0131n\u0131 ve misyonunu yans\u0131tan kurumsal banner g\u00f6rseli.\" \/>\t\t\t\t\t\t<div class=\"section-bg-overlay absolute fill\"><\/div>\n\t\t\t\n\n\t\t<\/div>\n\n\t\t\n\n\t\t<div class=\"section-content relative\">\n\t\t\t\n\t\t<\/div>\n\n\t\t\n<style>\n#section_1333220498 {\n  padding-top: 60px;\n  padding-bottom: 60px;\n}\n#section_1333220498 .section-bg-overlay {\n  background-color: rgba(0, 160, 227, 0.523);\n}\n#section_1333220498 .section-bg img {\n  object-position: 41% 50%;\n}\n@media (min-width:550px) {\n  #section_1333220498 {\n    padding-top: 120px;\n    padding-bottom: 120px;\n  }\n}\n<\/style>\n\t<\/section>\n\t\n\n\t<section class=\"section\" id=\"section_177805804\">\n\t\t<div class=\"section-bg fill\" >\n\t\t\t<img decoding=\"async\" src=\"https:\/\/izotex.com\/wp-content\/uploads\/2025\/01\/izotex-hakkimizda-background-kaplama.svg\" class=\"bg attachment-original size-original\" alt=\"\u0130zotex Hakk\u0131m\u0131zda Arka Plan Kaplama - Kurumsal tasar\u0131m\u0131 tamamlayan arka plan g\u00f6rseli.\" \/>\t\t\t\t\t\t<div class=\"section-bg-overlay absolute fill\"><\/div>\n\t\t\t\n\n\t\t<\/div>\n\n\t\t\n\n\t\t<div class=\"section-content relative\">\n\t\t\t\n<div class=\"row align-middle\"  id=\"row-1340720050\">\n\n\t<div id=\"col-1931465415\" class=\"col medium-6 small-12 large-6\"  >\n\t\t\t\t<div class=\"col-inner\"  >\n\t\t\t\n\t\t\t\n\t<div id=\"text-315696718\" class=\"text hk-title\">\n\t\t\n<h1 class=\"hk-title\">Hakk\u0131m\u0131zda<\/h1>\n\t\t\t<\/div>\n\t\n\t<div id=\"text-3288765555\" class=\"text bloklama\">\n\t\t\n<p><strong>IZOTEX olarak in\u015faat ve yap\u0131 sekt\u00f6r\u00fcne yenilik\u00e7i ve etkili \u00e7\u00f6z\u00fcmler sunmak i\u00e7in kurulduk. \u00dcr\u00fcnlerimiz, su yal\u0131t\u0131m\u0131 ve do\u011frama izolasyonu gibi kritik alanlarda g\u00fcvenilirli\u011fi, dayan\u0131kl\u0131l\u0131\u011f\u0131 ve kaliteyi bir araya getiriyor.<\/strong><\/p>\n\t\t\t<\/div>\n\t\n\t<div id=\"text-238188382\" class=\"text bloklama\">\n\t\t\n<p>IZOTEX, su yal\u0131t\u0131m\u0131 alan\u0131nda yenilik\u00e7i ve g\u00fcvenilir \u00e7\u00f6z\u00fcmler sunmak amac\u0131yla 2005 y\u0131l\u0131nda Ar-Ge \u00e7al\u0131\u015fmalar\u0131na ba\u015flad\u0131. Bu \u00e7al\u0131\u015fmalar\u0131n sonucunda geli\u015ftirdi\u011fimiz su yal\u0131t\u0131m membranlar\u0131, ticari olarak piyasaya sunuldu. Kurulu\u015fumuzdan bu yana, m\u00fc\u015fteri ihtiya\u00e7lar\u0131n\u0131 kar\u015f\u0131lamaya odaklanarak \u00fcr\u00fcn portf\u00f6y\u00fcm\u00fcz\u00fc s\u00fcrekli geli\u015ftiriyoruz. Kendinden yap\u0131\u015fkanl\u0131 su yal\u0131t\u0131m membranlar\u0131, pencere do\u011framalar\u0131nda kullan\u0131lan k\u00f6r kasa yal\u0131t\u0131m bantlar\u0131 ve detay noktalar\u0131nda kullan\u0131lan yard\u0131mc\u0131 aksesuarlar gibi yenilik\u00e7i \u00fcr\u00fcnlerimizle sekt\u00f6rde fark yarat\u0131yoruz.<br \/>\n\t\t\n<style>\n#text-238188382 {\n  font-size: 0.95rem;\n}\n<\/style>\n\t<\/div>\n\t\n\t<div id=\"text-1024924918\" class=\"text bloklama\">\n\t\t\n<p>\u00dcr\u00fcnlerimizin tamam\u0131, Avrupa standartlar\u0131na uygun \u015fekilde \u00fcretilmekte olup, kalite ve dayan\u0131kl\u0131l\u0131k konusunda T\u00fcrkiye\u2019de \u00f6nc\u00fc markalar aras\u0131nda yer al\u0131yoruz.<br \/>\n\t\t\n<style>\n#text-1024924918 {\n  font-size: 0.95rem;\n}\n<\/style>\n\t<\/div>\n\t\n\t<div id=\"text-706700805\" class=\"text bloklama\">\n\t\t\n<p>IZOTEX olarak, su yal\u0131t\u0131m\u0131 konusundaki uzmanl\u0131\u011f\u0131m\u0131z\u0131, esnek ve \u00f6zelle\u015ftirilmi\u015f \u00fcretim anlay\u0131\u015f\u0131m\u0131zla birle\u015ftiriyoruz. \u00dcretim alan\u0131m\u0131z, 5000 metrekarelik geni\u015f bir tesisle, her t\u00fcrl\u00fc ihtiyaca cevap verecek kapasiteye sahiptir. M\u00fc\u015fteri memnuniyetini her zaman \u00f6nceli\u011fimiz kabul ediyor, sadece \u00fcr\u00fcnlerimizle de\u011fil, sa\u011flad\u0131\u011f\u0131m\u0131z hizmetle de fark yaratmay\u0131 hedefliyoruz.<br \/>\n\t\t\n<style>\n#text-706700805 {\n  font-size: 0.95rem;\n}\n<\/style>\n\t<\/div>\n\t\n\t<div id=\"text-136792530\" class=\"text bloklama\">\n\t\t\n<p>Ar-Ge\u2019ye olan tutkumuz ve sekt\u00f6re olan ba\u011fl\u0131l\u0131\u011f\u0131m\u0131zla, yap\u0131lar\u0131n uzun \u00f6m\u00fcrl\u00fc olmas\u0131na katk\u0131 sa\u011flamak i\u00e7in \u00e7al\u0131\u015fmaya devam ediyoruz.<br \/>\n\t\t\n<style>\n#text-136792530 {\n  font-size: 0.95rem;\n}\n<\/style>\n\t<\/div>\n\t\n\t\t<\/div>\n\t\t\t\t\t<\/div>\n\n\t\n\n\t<div id=\"col-2139173954\" class=\"col medium-6 small-12 large-6\"  >\n\t\t\t\t<div class=\"col-inner text-center\"  >\n\t\t\t\n\t\t\t\n\t<div class=\"img has-hover x md-x lg-x y md-y lg-y\" id=\"image_144160523\">\n\t\t\t\t\t\t\t\t<div class=\"img-inner dark\" >\n\t\t\t<img decoding=\"async\" width=\"1500\" height=\"1881\" src=\"https:\/\/izotex.com\/wp-content\/uploads\/2025\/01\/izotex-yalitim-cozumleri.png\" class=\"attachment-original size-original\" alt=\"Binalarda su ve hava s\u0131zd\u0131rmazl\u0131\u011f\u0131 sa\u011flayan IZOTEX \u00fcr\u00fcnleri ile dayan\u0131kl\u0131 ve uzun \u00f6m\u00fcrl\u00fc \u00e7\u00f6z\u00fcmler.\" srcset=\"https:\/\/izotex.com\/wp-content\/uploads\/2025\/01\/izotex-yalitim-cozumleri.png 1500w, https:\/\/izotex.com\/wp-content\/uploads\/2025\/01\/izotex-yalitim-cozumleri-239x300.png 239w, https:\/\/izotex.com\/wp-content\/uploads\/2025\/01\/izotex-yalitim-cozumleri-817x1024.png 817w, https:\/\/izotex.com\/wp-content\/uploads\/2025\/01\/izotex-yalitim-cozumleri-768x963.png 768w, https:\/\/izotex.com\/wp-content\/uploads\/2025\/01\/izotex-yalitim-cozumleri-1225x1536.png 1225w\" sizes=\"(max-width: 1500px) 100vw, 1500px\" \/>\t\t\t\t\t\t\n\t\t\t\t\t<\/div>\n\t\t\t\t\t\t\t\t\n<style>\n#image_144160523 {\n  width: 79%;\n}\n<\/style>\n\t<\/div>\n\t\n\t\t<\/div>\n\t\t\t\t\t<\/div>\n\n\t\n<\/div>\n<div class=\"row\"  id=\"row-1691418889\">\n\n\t<div id=\"col-1878303788\" class=\"col medium-6 small-12 large-6\"  >\n\t\t\t\t<div class=\"col-inner\"  >\n\t\t\t\n\t\t\t\n\t<div id=\"text-212723209\" class=\"text bloklama\">\n\t\t\n<h4 class=\"hk-title\">Vizyon<\/h4>\n\t\t\t<\/div>\n\t\n\t<div id=\"text-4120906623\" class=\"text bloklama\">\n\t\t\n<p>Yap\u0131 sekt\u00f6r\u00fcnde yenilik\u00e7i su yal\u0131t\u0131m \u00e7\u00f6z\u00fcmleriyle global \u00f6l\u00e7ekte tan\u0131nan ve tercih edilen bir marka olmak; s\u00fcrd\u00fcr\u00fclebilirlik, kalite ve m\u00fc\u015fteri memnuniyetinde sekt\u00f6r standartlar\u0131n\u0131 belirlemek.<br \/>\n\t\t\n<style>\n#text-4120906623 {\n  font-size: 0.95rem;\n}\n<\/style>\n\t<\/div>\n\t\n\t\t<\/div>\n\t\t\t\t\t<\/div>\n\n\t\n\n\t<div id=\"col-1256904622\" class=\"col medium-6 small-12 large-6\"  >\n\t\t\t\t<div class=\"col-inner\"  >\n\t\t\t\n\t\t\t\n\t<div id=\"text-1826656701\" class=\"text bloklama\">\n\t\t\n<h4 class=\"hk-title\">Misyon<\/h4>\n\t\t\t<\/div>\n\t\n\t<div id=\"text-825861929\" class=\"text bloklama\">\n\t\t\n<p>M\u00fc\u015fterilerimizin ihtiya\u00e7lar\u0131n\u0131 kar\u015f\u0131layan y\u00fcksek kaliteli, \u00e7evre dostu ve dayan\u0131kl\u0131 su yal\u0131t\u0131m \u00fcr\u00fcnleri geli\u015ftirmek. Ar-Ge ve teknolojiye yat\u0131r\u0131m yaparak sekt\u00f6rdeki yeniliklere \u00f6nc\u00fcl\u00fck etmek ve yap\u0131lar i\u00e7in g\u00fcvenli, uzun \u00f6m\u00fcrl\u00fc \u00e7\u00f6z\u00fcmler sunmak.<br \/>\n\t\t\n<style>\n#text-825861929 {\n  font-size: 0.95rem;\n}\n<\/style>\n\t<\/div>\n\t\n\t\t<\/div>\n\t\t\t\t\t<\/div>\n\n\t\n<\/div>\n\t\t<\/div>\n\n\t\t\n<style>\n#section_177805804 {\n  padding-top: 30px;\n  padding-bottom: 30px;\n}\n#section_177805804 .section-bg-overlay {\n  background-color: rgba(255, 255, 255, 0.767);\n}\n#section_177805804 .section-bg img {\n  object-position: 0% 100%;\n}\n@media (min-width:550px) {\n  #section_177805804 {\n    padding-top: 60px;\n    padding-bottom: 60px;\n  }\n}\n<\/style>\n\t<\/section>\n\t\n\n\t<section class=\"section\" id=\"section_937957963\">\n\t\t<div class=\"section-bg fill\" >\n\t\t\t\t\t\t\t\t\t<div class=\"section-bg-overlay absolute fill\"><\/div>\n\t\t\t\n\n\t\t<\/div>\n\n\t\t\n\n\t\t<div class=\"section-content relative\">\n\t\t\t\n<div class=\"row\"  id=\"row-1172069644\">\n\n\t<div id=\"col-1180734440\" class=\"col small-12 large-12\"  >\n\t\t\t\t<div class=\"col-inner\"  >\n\t\t\t\n\t\t\t\n\t<div id=\"text-1524416872\" class=\"text\">\n\t\t\n<h2 class=\"hk-title\" style=\"text-align: center; margin: 0 auto;\">Galeri<\/h2>\n\t\t\n<style>\n#text-1524416872 {\n  text-align: center;\n}\n<\/style>\n\t<\/div>\n\t\n\t\t<\/div>\n\t\t\t\t\t<\/div>\n\n\t\n\n\t<div id=\"col-246679186\" class=\"col small-12 large-12\"  >\n\t\t\t\t<div class=\"col-inner\"  >\n\t\t\t\n\t\t\t\n\n  \n    <div class=\"row large-columns-3 medium-columns- small-columns-1\" >\n  <div class=\"gallery-col col\" >\n          <div class=\"col-inner\">\n            <a class=\"image-lightbox lightbox-gallery\" href=\"https:\/\/izotex.com\/wp-content\/uploads\/2025\/01\/izotex-fabrika-3.jpg\" title=\"\u0130zotex Fabrika 1 - Modern \u00dcretim Tesisi\">            <div class=\"box has-hover gallery-box box-overlay dark\">\n              <div class=\"box-image image-cover\" style=\"padding-top:75%;\">\n                <img decoding=\"async\" width=\"1024\" height=\"768\" src=\"https:\/\/izotex.com\/wp-content\/uploads\/2025\/01\/izotex-fabrika-3.jpg\" class=\"attachment-original size-original\" alt=\"\u0130zotex \u00fcretim tesisi d\u0131\u015f cephe g\u00f6r\u00fcn\u00fcm\u00fc\" ids=\"1949,1951,1953\" lightbox_image_size=\"original\" columns=\"3\" columns__sm=\"1\" image_height=\"75%\" image_size=\"original\" srcset=\"https:\/\/izotex.com\/wp-content\/uploads\/2025\/01\/izotex-fabrika-3.jpg 1024w, https:\/\/izotex.com\/wp-content\/uploads\/2025\/01\/izotex-fabrika-3-300x225.jpg 300w, https:\/\/izotex.com\/wp-content\/uploads\/2025\/01\/izotex-fabrika-3-768x576.jpg 768w\" sizes=\"(max-width: 1024px) 100vw, 1024px\" \/>                                  <div class=\"overlay fill\"\n                      style=\"background-color: rgba(0,0,0,.15)\">\n                  <\/div>\n                                                              <\/div>\n              <div class=\"box-text text-left\" >\n                 <p>\u0130zotex Fabrika 1 - Modern \u00dcretim Tesisi<\/p>\n              <\/div>\n            <\/div>\n            <\/a>          <\/div>\n         <\/div><div class=\"gallery-col col\" >\n          <div class=\"col-inner\">\n            <a class=\"image-lightbox lightbox-gallery\" href=\"https:\/\/izotex.com\/wp-content\/uploads\/2025\/01\/izotex-fabrika-1.jpg\" title=\"\u0130zotex Fabrika 2 - Teknolojik \u00dcretim S\u00fcre\u00e7leri\">            <div class=\"box has-hover gallery-box box-overlay dark\">\n              <div class=\"box-image image-cover\" style=\"padding-top:75%;\">\n                <img decoding=\"async\" width=\"1677\" height=\"946\" src=\"https:\/\/izotex.com\/wp-content\/uploads\/2025\/01\/izotex-fabrika-1.jpg\" class=\"attachment-original size-original\" alt=\"\u0130zotex Fabrika 2 - \u0130zotex fabrikas\u0131n\u0131n i\u00e7 mekanlar\u0131, \u00fcretim s\u00fcre\u00e7leri ve teknolojik ekipmanlar\u0131.\" ids=\"1949,1951,1953\" lightbox_image_size=\"original\" columns=\"3\" columns__sm=\"1\" image_height=\"75%\" image_size=\"original\" srcset=\"https:\/\/izotex.com\/wp-content\/uploads\/2025\/01\/izotex-fabrika-1.jpg 1677w, https:\/\/izotex.com\/wp-content\/uploads\/2025\/01\/izotex-fabrika-1-300x169.jpg 300w, https:\/\/izotex.com\/wp-content\/uploads\/2025\/01\/izotex-fabrika-1-1024x578.jpg 1024w, https:\/\/izotex.com\/wp-content\/uploads\/2025\/01\/izotex-fabrika-1-768x433.jpg 768w, https:\/\/izotex.com\/wp-content\/uploads\/2025\/01\/izotex-fabrika-1-1536x866.jpg 1536w\" sizes=\"(max-width: 1677px) 100vw, 1677px\" \/>                                  <div class=\"overlay fill\"\n                      style=\"background-color: rgba(0,0,0,.15)\">\n                  <\/div>\n                                                              <\/div>\n              <div class=\"box-text text-left\" >\n                 <p>\u0130zotex Fabrika 2 - Teknolojik \u00dcretim S\u00fcre\u00e7leri<\/p>\n              <\/div>\n            <\/div>\n            <\/a>          <\/div>\n         <\/div><div class=\"gallery-col col\" >\n          <div class=\"col-inner\">\n            <a class=\"image-lightbox lightbox-gallery\" href=\"https:\/\/izotex.com\/wp-content\/uploads\/2025\/01\/izotex-fabrika-2.jpg\" title=\"\u0130zotex Fabrika 3 - Genel Tesis ve Lojistik Alanlar\u0131\">            <div class=\"box has-hover gallery-box box-overlay dark\">\n              <div class=\"box-image image-cover\" style=\"padding-top:75%;\">\n                <img decoding=\"async\" width=\"1670\" height=\"946\" src=\"https:\/\/izotex.com\/wp-content\/uploads\/2025\/01\/izotex-fabrika-2.jpg\" class=\"attachment-original size-original\" alt=\"\u0130zotex Fabrika 3 - \u0130zotex tesislerinin genel g\u00f6r\u00fcn\u00fcm\u00fc ve lojistik alanlar\u0131.\" ids=\"1949,1951,1953\" lightbox_image_size=\"original\" columns=\"3\" columns__sm=\"1\" image_height=\"75%\" image_size=\"original\" srcset=\"https:\/\/izotex.com\/wp-content\/uploads\/2025\/01\/izotex-fabrika-2.jpg 1670w, https:\/\/izotex.com\/wp-content\/uploads\/2025\/01\/izotex-fabrika-2-300x170.jpg 300w, https:\/\/izotex.com\/wp-content\/uploads\/2025\/01\/izotex-fabrika-2-1024x580.jpg 1024w, https:\/\/izotex.com\/wp-content\/uploads\/2025\/01\/izotex-fabrika-2-768x435.jpg 768w, https:\/\/izotex.com\/wp-content\/uploads\/2025\/01\/izotex-fabrika-2-1536x870.jpg 1536w\" sizes=\"(max-width: 1670px) 100vw, 1670px\" \/>                                  <div class=\"overlay fill\"\n                      style=\"background-color: rgba(0,0,0,.15)\">\n                  <\/div>\n                                                              <\/div>\n              <div class=\"box-text text-left\" >\n                 <p>\u0130zotex Fabrika 3 - Genel Tesis ve Lojistik Alanlar\u0131<\/p>\n              <\/div>\n            <\/div>\n            <\/a>          <\/div>\n         <\/div><\/div>\n\t\t<\/div>\n\t\t\t\t\t<\/div>\n\n\t\n<\/div>\n\t\t<\/div>\n\n\t\t\n<style>\n#section_937957963 {\n  padding-top: 30px;\n  padding-bottom: 30px;\n}\n#section_937957963 .section-bg-overlay {\n  background-color: rgb(227, 227, 227);\n}\n<\/style>\n\t<\/section>\n\t\n","protected":false},"excerpt":{"rendered":"","protected":false},"author":1,"featured_media":0,"parent":0,"menu_order":0,"comment_status":"closed","ping_status":"closed","template":"page-blank.php","meta":{"footnotes":""},"class_list":["post-983","page","type-page","status-publish","hentry"],"aioseo_notices":[],"yoast_head":"<!-- This site is optimized with the Yoast SEO plugin v25.5 - https:\/\/yoast.com\/wordpress\/plugins\/seo\/ -->\n<title>Hakk\u0131m\u0131zda - Su Yal\u0131t\u0131m\u0131nda G\u00fcvenilir \u00c7\u00f6z\u00fcmler | Izotex<\/title>\n<meta name=\"description\" content=\"Izotex, su yal\u0131t\u0131m\u0131 ve izolasyon \u00e7\u00f6z\u00fcmlerinde kalite, dayan\u0131kl\u0131l\u0131k ve m\u00fc\u015fteri memnuniyeti odakl\u0131 hizmet sunarak sekt\u00f6rde fark yaratmaktad\u0131r.\" \/>\n<meta name=\"robots\" content=\"index, follow, max-snippet:-1, max-image-preview:large, max-video-preview:-1\" \/>\n<link rel=\"canonical\" href=\"https:\/\/izotex.com\/tr\/hakkimizda\/\" \/>\n<meta property=\"og:locale\" content=\"tr_TR\" \/>\n<meta property=\"og:type\" content=\"article\" \/>\n<meta property=\"og:title\" content=\"Hakk\u0131m\u0131zda - Su Yal\u0131t\u0131m\u0131nda G\u00fcvenilir \u00c7\u00f6z\u00fcmler | Izotex\" \/>\n<meta property=\"og:description\" content=\"Izotex, su yal\u0131t\u0131m\u0131 ve izolasyon \u00e7\u00f6z\u00fcmlerinde kalite, dayan\u0131kl\u0131l\u0131k ve m\u00fc\u015fteri memnuniyeti odakl\u0131 hizmet sunarak sekt\u00f6rde fark yaratmaktad\u0131r.\" \/>\n<meta property=\"og:url\" content=\"https:\/\/izotex.com\/tr\/hakkimizda\/\" \/>\n<meta property=\"og:site_name\" content=\"\u0130zotex\" \/>\n<meta property=\"article:modified_time\" content=\"2025-11-05T09:48:32+00:00\" \/>\n<meta name=\"twitter:card\" content=\"summary_large_image\" \/>\n<meta name=\"twitter:label1\" content=\"Tahmini okuma s\u00fcresi\" \/>\n\t<meta name=\"twitter:data1\" content=\"2 dakika\" \/>\n<script type=\"application\/ld+json\" class=\"yoast-schema-graph\">{\"@context\":\"https:\/\/schema.org\",\"@graph\":[{\"@type\":\"WebPage\",\"@id\":\"https:\/\/izotex.com\/tr\/hakkimizda\/\",\"url\":\"https:\/\/izotex.com\/tr\/hakkimizda\/\",\"name\":\"Hakk\u0131m\u0131zda - Su Yal\u0131t\u0131m\u0131nda G\u00fcvenilir \u00c7\u00f6z\u00fcmler | Izotex\",\"isPartOf\":{\"@id\":\"https:\/\/izotex.com\/en\/#website\"},\"datePublished\":\"2024-11-26T12:07:05+00:00\",\"dateModified\":\"2025-11-05T09:48:32+00:00\",\"description\":\"Izotex, su yal\u0131t\u0131m\u0131 ve izolasyon \u00e7\u00f6z\u00fcmlerinde kalite, dayan\u0131kl\u0131l\u0131k ve m\u00fc\u015fteri memnuniyeti odakl\u0131 hizmet sunarak sekt\u00f6rde fark yaratmaktad\u0131r.\",\"breadcrumb\":{\"@id\":\"https:\/\/izotex.com\/tr\/hakkimizda\/#breadcrumb\"},\"inLanguage\":\"tr\",\"potentialAction\":[{\"@type\":\"ReadAction\",\"target\":[\"https:\/\/izotex.com\/tr\/hakkimizda\/\"]}]},{\"@type\":\"BreadcrumbList\",\"@id\":\"https:\/\/izotex.com\/tr\/hakkimizda\/#breadcrumb\",\"itemListElement\":[{\"@type\":\"ListItem\",\"position\":1,\"name\":\"Home\",\"item\":\"https:\/\/izotex.com\/tr\/\"},{\"@type\":\"ListItem\",\"position\":2,\"name\":\"Hakk\u0131m\u0131zda\"}]},{\"@type\":\"WebSite\",\"@id\":\"https:\/\/izotex.com\/en\/#website\",\"url\":\"https:\/\/izotex.com\/en\/\",\"name\":\"\u0130zotex\",\"description\":\"\",\"potentialAction\":[{\"@type\":\"SearchAction\",\"target\":{\"@type\":\"EntryPoint\",\"urlTemplate\":\"https:\/\/izotex.com\/en\/?s={search_term_string}\"},\"query-input\":{\"@type\":\"PropertyValueSpecification\",\"valueRequired\":true,\"valueName\":\"search_term_string\"}}],\"inLanguage\":\"tr\"}]}<\/script>\n<!-- \/ Yoast SEO plugin. -->","yoast_head_json":{"title":"Hakk\u0131m\u0131zda - Su Yal\u0131t\u0131m\u0131nda G\u00fcvenilir \u00c7\u00f6z\u00fcmler | Izotex","description":"Izotex, su yal\u0131t\u0131m\u0131 ve izolasyon \u00e7\u00f6z\u00fcmlerinde kalite, dayan\u0131kl\u0131l\u0131k ve m\u00fc\u015fteri memnuniyeti odakl\u0131 hizmet sunarak sekt\u00f6rde fark yaratmaktad\u0131r.","robots":{"index":"index","follow":"follow","max-snippet":"max-snippet:-1","max-image-preview":"max-image-preview:large","max-video-preview":"max-video-preview:-1"},"canonical":"https:\/\/izotex.com\/tr\/hakkimizda\/","og_locale":"tr_TR","og_type":"article","og_title":"Hakk\u0131m\u0131zda - Su Yal\u0131t\u0131m\u0131nda G\u00fcvenilir \u00c7\u00f6z\u00fcmler | Izotex","og_description":"Izotex, su yal\u0131t\u0131m\u0131 ve izolasyon \u00e7\u00f6z\u00fcmlerinde kalite, dayan\u0131kl\u0131l\u0131k ve m\u00fc\u015fteri memnuniyeti odakl\u0131 hizmet sunarak sekt\u00f6rde fark yaratmaktad\u0131r.","og_url":"https:\/\/izotex.com\/tr\/hakkimizda\/","og_site_name":"\u0130zotex","article_modified_time":"2025-11-05T09:48:32+00:00","twitter_card":"summary_large_image","twitter_misc":{"Tahmini okuma s\u00fcresi":"2 dakika"},"schema":{"@context":"https:\/\/schema.org","@graph":[{"@type":"WebPage","@id":"https:\/\/izotex.com\/tr\/hakkimizda\/","url":"https:\/\/izotex.com\/tr\/hakkimizda\/","name":"Hakk\u0131m\u0131zda - Su Yal\u0131t\u0131m\u0131nda G\u00fcvenilir \u00c7\u00f6z\u00fcmler | Izotex","isPartOf":{"@id":"https:\/\/izotex.com\/en\/#website"},"datePublished":"2024-11-26T12:07:05+00:00","dateModified":"2025-11-05T09:48:32+00:00","description":"Izotex, su yal\u0131t\u0131m\u0131 ve izolasyon \u00e7\u00f6z\u00fcmlerinde kalite, dayan\u0131kl\u0131l\u0131k ve m\u00fc\u015fteri memnuniyeti odakl\u0131 hizmet sunarak sekt\u00f6rde fark yaratmaktad\u0131r.","breadcrumb":{"@id":"https:\/\/izotex.com\/tr\/hakkimizda\/#breadcrumb"},"inLanguage":"tr","potentialAction":[{"@type":"ReadAction","target":["https:\/\/izotex.com\/tr\/hakkimizda\/"]}]},{"@type":"BreadcrumbList","@id":"https:\/\/izotex.com\/tr\/hakkimizda\/#breadcrumb","itemListElement":[{"@type":"ListItem","position":1,"name":"Home","item":"https:\/\/izotex.com\/tr\/"},{"@type":"ListItem","position":2,"name":"Hakk\u0131m\u0131zda"}]},{"@type":"WebSite","@id":"https:\/\/izotex.com\/en\/#website","url":"https:\/\/izotex.com\/en\/","name":"\u0130zotex","description":"","potentialAction":[{"@type":"SearchAction","target":{"@type":"EntryPoint","urlTemplate":"https:\/\/izotex.com\/en\/?s={search_term_string}"},"query-input":{"@type":"PropertyValueSpecification","valueRequired":true,"valueName":"search_term_string"}}],"inLanguage":"tr"}]}},"_links":{"self":[{"href":"https:\/\/izotex.com\/tr\/wp-json\/wp\/v2\/pages\/983","targetHints":{"allow":["GET"]}}],"collection":[{"href":"https:\/\/izotex.com\/tr\/wp-json\/wp\/v2\/pages"}],"about":[{"href":"https:\/\/izotex.com\/tr\/wp-json\/wp\/v2\/types\/page"}],"author":[{"embeddable":true,"href":"https:\/\/izotex.com\/tr\/wp-json\/wp\/v2\/users\/1"}],"replies":[{"embeddable":true,"href":"https:\/\/izotex.com\/tr\/wp-json\/wp\/v2\/comments?post=983"}],"version-history":[{"count":27,"href":"https:\/\/izotex.com\/tr\/wp-json\/wp\/v2\/pages\/983\/revisions"}],"predecessor-version":[{"id":2573,"href":"https:\/\/izotex.com\/tr\/wp-json\/wp\/v2\/pages\/983\/revisions\/2573"}],"wp:attachment":[{"href":"https:\/\/izotex.com\/tr\/wp-json\/wp\/v2\/media?parent=983"}],"curies":[{"name":"wp","href":"https:\/\/api.w.org\/{rel}","templated":true}]}}