{"id":970,"date":"2024-11-26T11:45:14","date_gmt":"2024-11-26T11:45:14","guid":{"rendered":"https:\/\/izotex.canturan.dev\/?page_id=970"},"modified":"2024-11-26T11:45:14","modified_gmt":"2024-11-26T11:45:14","slug":"kendinden-yapiskanli-membranlar","status":"publish","type":"page","link":"https:\/\/izotex.com\/tr\/kendinden-yapiskanli-membranlar\/","title":{"rendered":"KEND\u0130NDEN YAPI\u015eKANLI MEMBRANLAR"},"content":{"rendered":"","protected":false},"excerpt":{"rendered":"","protected":false},"author":1,"featured_media":0,"parent":0,"menu_order":0,"comment_status":"closed","ping_status":"closed","template":"","meta":{"footnotes":""},"class_list":["post-970","page","type-page","status-publish","hentry"],"aioseo_notices":[],"yoast_head":"<!-- This site is optimized with the Yoast SEO plugin v25.5 - https:\/\/yoast.com\/wordpress\/plugins\/seo\/ -->\n<title>KEND\u0130NDEN YAPI\u015eKANLI MEMBRANLAR - \u0130zotex<\/title>\n<meta name=\"robots\" content=\"index, follow, max-snippet:-1, max-image-preview:large, max-video-preview:-1\" \/>\n<link rel=\"canonical\" href=\"https:\/\/izotex.com\/tr\/kendinden-yapiskanli-membranlar\/\" \/>\n<meta property=\"og:locale\" content=\"tr_TR\" \/>\n<meta property=\"og:type\" content=\"article\" \/>\n<meta property=\"og:title\" content=\"KEND\u0130NDEN YAPI\u015eKANLI MEMBRANLAR - \u0130zotex\" \/>\n<meta property=\"og:url\" content=\"https:\/\/izotex.com\/tr\/kendinden-yapiskanli-membranlar\/\" \/>\n<meta property=\"og:site_name\" content=\"\u0130zotex\" \/>\n<meta name=\"twitter:card\" content=\"summary_large_image\" \/>\n<script type=\"application\/ld+json\" class=\"yoast-schema-graph\">{\"@context\":\"https:\/\/schema.org\",\"@graph\":[{\"@type\":\"WebPage\",\"@id\":\"https:\/\/izotex.com\/tr\/kendinden-yapiskanli-membranlar\/\",\"url\":\"https:\/\/izotex.com\/tr\/kendinden-yapiskanli-membranlar\/\",\"name\":\"KEND\u0130NDEN YAPI\u015eKANLI MEMBRANLAR - \u0130zotex\",\"isPartOf\":{\"@id\":\"https:\/\/izotex.com\/en\/#website\"},\"datePublished\":\"2024-11-26T11:45:14+00:00\",\"breadcrumb\":{\"@id\":\"https:\/\/izotex.com\/tr\/kendinden-yapiskanli-membranlar\/#breadcrumb\"},\"inLanguage\":\"tr\",\"potentialAction\":[{\"@type\":\"ReadAction\",\"target\":[\"https:\/\/izotex.com\/tr\/kendinden-yapiskanli-membranlar\/\"]}]},{\"@type\":\"BreadcrumbList\",\"@id\":\"https:\/\/izotex.com\/tr\/kendinden-yapiskanli-membranlar\/#breadcrumb\",\"itemListElement\":[{\"@type\":\"ListItem\",\"position\":1,\"name\":\"Home\",\"item\":\"https:\/\/izotex.com\/tr\/\"},{\"@type\":\"ListItem\",\"position\":2,\"name\":\"KEND\u0130NDEN YAPI\u015eKANLI MEMBRANLAR\"}]},{\"@type\":\"WebSite\",\"@id\":\"https:\/\/izotex.com\/en\/#website\",\"url\":\"https:\/\/izotex.com\/en\/\",\"name\":\"\u0130zotex\",\"description\":\"\",\"potentialAction\":[{\"@type\":\"SearchAction\",\"target\":{\"@type\":\"EntryPoint\",\"urlTemplate\":\"https:\/\/izotex.com\/en\/?s={search_term_string}\"},\"query-input\":{\"@type\":\"PropertyValueSpecification\",\"valueRequired\":true,\"valueName\":\"search_term_string\"}}],\"inLanguage\":\"tr\"}]}<\/script>\n<!-- \/ Yoast SEO plugin. -->","yoast_head_json":{"title":"KEND\u0130NDEN YAPI\u015eKANLI MEMBRANLAR - \u0130zotex","robots":{"index":"index","follow":"follow","max-snippet":"max-snippet:-1","max-image-preview":"max-image-preview:large","max-video-preview":"max-video-preview:-1"},"canonical":"https:\/\/izotex.com\/tr\/kendinden-yapiskanli-membranlar\/","og_locale":"tr_TR","og_type":"article","og_title":"KEND\u0130NDEN YAPI\u015eKANLI MEMBRANLAR - \u0130zotex","og_url":"https:\/\/izotex.com\/tr\/kendinden-yapiskanli-membranlar\/","og_site_name":"\u0130zotex","twitter_card":"summary_large_image","schema":{"@context":"https:\/\/schema.org","@graph":[{"@type":"WebPage","@id":"https:\/\/izotex.com\/tr\/kendinden-yapiskanli-membranlar\/","url":"https:\/\/izotex.com\/tr\/kendinden-yapiskanli-membranlar\/","name":"KEND\u0130NDEN YAPI\u015eKANLI MEMBRANLAR - \u0130zotex","isPartOf":{"@id":"https:\/\/izotex.com\/en\/#website"},"datePublished":"2024-11-26T11:45:14+00:00","breadcrumb":{"@id":"https:\/\/izotex.com\/tr\/kendinden-yapiskanli-membranlar\/#breadcrumb"},"inLanguage":"tr","potentialAction":[{"@type":"ReadAction","target":["https:\/\/izotex.com\/tr\/kendinden-yapiskanli-membranlar\/"]}]},{"@type":"BreadcrumbList","@id":"https:\/\/izotex.com\/tr\/kendinden-yapiskanli-membranlar\/#breadcrumb","itemListElement":[{"@type":"ListItem","position":1,"name":"Home","item":"https:\/\/izotex.com\/tr\/"},{"@type":"ListItem","position":2,"name":"KEND\u0130NDEN YAPI\u015eKANLI MEMBRANLAR"}]},{"@type":"WebSite","@id":"https:\/\/izotex.com\/en\/#website","url":"https:\/\/izotex.com\/en\/","name":"\u0130zotex","description":"","potentialAction":[{"@type":"SearchAction","target":{"@type":"EntryPoint","urlTemplate":"https:\/\/izotex.com\/en\/?s={search_term_string}"},"query-input":{"@type":"PropertyValueSpecification","valueRequired":true,"valueName":"search_term_string"}}],"inLanguage":"tr"}]}},"_links":{"self":[{"href":"https:\/\/izotex.com\/tr\/wp-json\/wp\/v2\/pages\/970","targetHints":{"allow":["GET"]}}],"collection":[{"href":"https:\/\/izotex.com\/tr\/wp-json\/wp\/v2\/pages"}],"about":[{"href":"https:\/\/izotex.com\/tr\/wp-json\/wp\/v2\/types\/page"}],"author":[{"embeddable":true,"href":"https:\/\/izotex.com\/tr\/wp-json\/wp\/v2\/users\/1"}],"replies":[{"embeddable":true,"href":"https:\/\/izotex.com\/tr\/wp-json\/wp\/v2\/comments?post=970"}],"version-history":[{"count":1,"href":"https:\/\/izotex.com\/tr\/wp-json\/wp\/v2\/pages\/970\/revisions"}],"predecessor-version":[{"id":971,"href":"https:\/\/izotex.com\/tr\/wp-json\/wp\/v2\/pages\/970\/revisions\/971"}],"wp:attachment":[{"href":"https:\/\/izotex.com\/tr\/wp-json\/wp\/v2\/media?parent=970"}],"curies":[{"name":"wp","href":"https:\/\/api.w.org\/{rel}","templated":true}]}}