{"id":847,"date":"2024-11-26T08:46:47","date_gmt":"2024-11-26T08:46:47","guid":{"rendered":"https:\/\/izotex.canturan.dev\/?page_id=847"},"modified":"2025-11-11T11:32:15","modified_gmt":"2025-11-11T11:32:15","slug":"kor-kasa-yalitim-bantlari","status":"publish","type":"page","link":"https:\/\/izotex.com\/tr\/kor-kasa-yalitim-bantlari\/","title":{"rendered":"K\u00f6r Kasa Yal\u0131t\u0131m Bantlar\u0131"},"content":{"rendered":"\n\t<section class=\"section\" id=\"section_694571373\">\n\t\t<div class=\"section-bg fill\" >\n\t\t\t\t\t\t\t\t\t\n\t\t\t\n\n\t\t<\/div>\n\n\t\t\n\n\t\t<div class=\"section-content relative\">\n\t\t\t\n\n  <div class=\"banner has-hover\" id=\"banner-73835740\">\n          <div class=\"banner-inner fill\">\n        <div class=\"banner-bg fill\" >\n            <img decoding=\"async\" width=\"2560\" height=\"1080\" src=\"https:\/\/izotex.com\/wp-content\/uploads\/2025\/01\/kor-kasa-yalitim-bantlari-arkaplan-izotex.jpg\" class=\"bg attachment-original size-original\" alt=\"IZOTEX Pencere Yal\u0131t\u0131m Arka Plan\u0131 - Y\u00fcksek Performansl\u0131 S\u0131zd\u0131rmazl\u0131k ve Enerji Verimlili\u011fi.\" \/>                        <div class=\"overlay\"><\/div>            \n                    <\/div>\n\t\t\n        <div class=\"banner-layers container\">\n            <div class=\"fill banner-link\"><\/div>            \n\t<div class=\"img has-hover x5 md-x0 lg-x0 y90 md-y50 lg-y50\" id=\"image_556365854\">\n\t\t\t\t\t\t\t\t<div class=\"img-inner dark\" >\n\t\t\t<img decoding=\"async\" width=\"1500\" height=\"1178\" src=\"https:\/\/izotex.com\/wp-content\/uploads\/2025\/01\/kor-kasa-yalitim-bantlari-izotex.png\" class=\"attachment-original size-original\" alt=\"Pencere Do\u011framalar\u0131nda \u00dcst\u00fcn Yal\u0131t\u0131m - Su, Hava ve Toz S\u0131zd\u0131rmazl\u0131k Sa\u011flayan IZOTEX \u00c7\u00f6z\u00fcmleri.\" srcset=\"https:\/\/izotex.com\/wp-content\/uploads\/2025\/01\/kor-kasa-yalitim-bantlari-izotex.png 1500w, https:\/\/izotex.com\/wp-content\/uploads\/2025\/01\/kor-kasa-yalitim-bantlari-izotex-300x236.png 300w, https:\/\/izotex.com\/wp-content\/uploads\/2025\/01\/kor-kasa-yalitim-bantlari-izotex-1024x804.png 1024w, https:\/\/izotex.com\/wp-content\/uploads\/2025\/01\/kor-kasa-yalitim-bantlari-izotex-768x603.png 768w\" sizes=\"(max-width: 1500px) 100vw, 1500px\" \/>\t\t\t\t\t\t\n\t\t\t\t\t<\/div>\n\t\t\t\t\t\t\t\t\n<style>\n#image_556365854 {\n  width: 53%;\n}\n@media (min-width:550px) {\n  #image_556365854 {\n    width: 40%;\n  }\n}\n<\/style>\n\t<\/div>\n\t\n        <\/div>\n      <\/div>\n\n            \n<style>\n#banner-73835740 {\n  padding-top: 60vh;\n}\n#banner-73835740 .overlay {\n  background-color: rgba(0, 0, 0, 0.128);\n}\n#banner-73835740 .banner-bg img {\n  object-position: 39% 40%;\n}\n@media (min-width:550px) {\n  #banner-73835740 {\n    padding-top: 70vh;\n  }\n}\n<\/style>\n  <\/div>\n\n\n\t\t<\/div>\n\n\t\t\n<style>\n#section_694571373 {\n  padding-top: 0px;\n  padding-bottom: 0px;\n}\n<\/style>\n\t<\/section>\n\t\n\n\t<section class=\"section\" id=\"section_1491863817\">\n\t\t<div class=\"section-bg fill\" >\n\t\t\t\t\t\t\t\t\t\n\t\t\t\n\n\t\t<\/div>\n\n\t\t\n\n\t\t<div class=\"section-content relative\">\n\t\t\t\n<div class=\"row row-collapse\"  id=\"row-522573628\">\n\n\t<div id=\"col-2009224329\" class=\"col small-12 large-12\"  data-animate=\"fadeInDown\">\n\t\t\t\t<div class=\"col-inner\"  >\n\t\t\t\n\t\t\t\n\n<div class=\"izotex-bant\">\n<p>Yap\u0131lar\u0131n\u0131zda \u00dcst\u00fcn Yal\u0131t\u0131m Performans\u0131<\/p>\n<div class=\"izotex-bant-1\">\n<h1>PENCERE DO\u011eRAMALARINDA ETK\u0130L\u0130 SIZDIRMAZLIK<\/h1>\n<\/div>\n<p style=\"color: black;\">Hava S\u0131zd\u0131rmaz &#8211; Su Ge\u00e7irmez &#8211; Nefes Alabilir<\/p>\n<\/div>\n\n\t\t<\/div>\n\t\t\t\t\t<\/div>\n\n\t\n<\/div>\n\t\t<\/div>\n\n\t\t\n<style>\n#section_1491863817 {\n  padding-top: 10px;\n  padding-bottom: 10px;\n}\n@media (min-width:550px) {\n  #section_1491863817 {\n    padding-top: 30px;\n    padding-bottom: 30px;\n  }\n}\n<\/style>\n\t<\/section>\n\t\n\n\t<section class=\"section\" id=\"section_1317120227\">\n\t\t<div class=\"section-bg fill\" >\n\t\t\t\t\t\t\t\t\t\n\t\t\t\n\n\t\t<\/div>\n\n\t\t\n\n\t\t<div class=\"section-content relative\">\n\t\t\t\n<div class=\"row\"  id=\"row-1514717628\">\n\n\t<div id=\"col-1163538504\" class=\"col small-12 large-12\"  >\n\t\t\t\t<div class=\"col-inner\"  >\n\t\t\t\n\t\t\t\n<p>&nbsp;<\/p>\n<p style=\"text-align: center;\">Pencere montaj\u0131nda do\u011fru yal\u0131t\u0131m uygulamalar\u0131, enerji verimlili\u011fi ve i\u00e7 mekan konforu i\u00e7in hayati \u00f6neme sahiptir. Yal\u0131t\u0131m bantlar\u0131, bu s\u00fcre\u00e7te kritik bir rol oynayarak su ve hava s\u0131z\u0131nt\u0131lar\u0131n\u0131 \u00f6nler. IZOTEX \u00fcr\u00fcnleri, y\u00fcksek performansl\u0131 yal\u0131t\u0131m \u00e7\u00f6z\u00fcmleri sunarak, hem yeni in\u015faat projelerinde hem de renovasyonlarda g\u00fcvenilir bir alternatif sa\u011flar.Pencere montaj\u0131nda k\u00f6r kasa kullan\u0131l\u0131p kullan\u0131lmamas\u0131na g\u00f6re farkl\u0131 yal\u0131t\u0131m ihtiya\u00e7lar\u0131 do\u011far. Projenizde k\u00f6r kasa mevcutsa <a href=\"https:\/\/izotex.com\/tr\/kor-kasa-yalitim-bantlari\/izotex-win-kor-kasa-yalitim-bandi\/\">Izotex WIN,<\/a> k\u00f6r kasas\u0131z bir montaj yap\u0131l\u0131yorsa <a href=\"https:\/\/izotex.com\/tr\/kor-kasa-yalitim-bantlari\/izotex-win-pro\/\">Izotex WIN PRO+<\/a>\u00a0 \u00fcr\u00fcn\u00fcm\u00fcz\u00fc tercih edebilirsin.<\/p>\n<p style=\"text-align: center;\"><b>IZOTEX, pencere montaj\u0131 s\u0131ras\u0131nda pencere \u00e7er\u00e7evesi ve duvar aras\u0131ndaki bo\u015fluklar\u0131 kapatarak su, hava ve toz s\u0131zd\u0131rmazl\u0131\u011f\u0131 sa\u011flar,\u00a0 enerji verimlili\u011fini art\u0131r\u0131r ve i\u00e7 mekan konforunu y\u00fckseltir.<\/b><\/p>\n<p style=\"text-align: center;\">Binalarda kullan\u0131lan s\u0131zd\u0131rmazl\u0131k bantlar\u0131 , pencere montaj\u0131 s\u0131ras\u0131nda pencere \u00e7er\u00e7evesi ve duvar aras\u0131ndaki bo\u015fluklar\u0131 kapatarak su, hava ve toz s\u0131zd\u0131rmazl\u0131\u011f\u0131 sa\u011flar. Bu bantlar, yap\u0131daki hava ge\u00e7i\u015fini kontrol alt\u0131nda tutmak ve d\u0131\u015f ortamdan gelen su s\u0131z\u0131nt\u0131lar\u0131n\u0131 \u00f6nlemek i\u00e7in \u00f6zellikle \u00f6nemlidir.<\/p>\n<h2 data-start=\"50\" data-end=\"79\">\u00a0K\u00f6r Kasa Yal\u0131t\u0131m\u0131n\u0131n \u00d6nemi<\/h2>\n<p data-start=\"81\" data-end=\"272\">K\u00f6r kasa yal\u0131t\u0131m\u0131, pencere ve kap\u0131 sistemlerinin enerji verimlili\u011fi ve uzun \u00f6m\u00fcrl\u00fcl\u00fc\u011f\u00fc a\u00e7\u0131s\u0131ndan kritik bir unsurdur. Yetersiz yal\u0131t\u0131m yap\u0131lmas\u0131 durumunda a\u015fa\u011f\u0131daki sorunlar ortaya \u00e7\u0131kabilir:<\/p>\n<ul data-start=\"274\" data-end=\"787\">\n<li data-start=\"274\" data-end=\"394\">\n<p data-start=\"276\" data-end=\"394\"><strong data-start=\"276\" data-end=\"290\">Is\u0131 kayb\u0131:<\/strong> Yal\u0131t\u0131m eksikli\u011fi, i\u00e7 mekandaki \u0131s\u0131n\u0131n d\u0131\u015far\u0131ya ka\u00e7mas\u0131na neden olur ve enerji maliyetlerini art\u0131r\u0131r.<\/p>\n<\/li>\n<li data-start=\"395\" data-end=\"518\">\n<p data-start=\"397\" data-end=\"518\"><strong data-start=\"397\" data-end=\"414\">Nem birikimi:<\/strong> Uygun yal\u0131t\u0131m olmad\u0131\u011f\u0131nda, d\u0131\u015f ortamdan i\u00e7eriye nem s\u0131zabilir ve i\u00e7 y\u00fczeylerde yo\u011fu\u015fma meydana gelir.<\/p>\n<\/li>\n<li data-start=\"519\" data-end=\"658\">\n<p data-start=\"521\" data-end=\"658\"><strong data-start=\"521\" data-end=\"537\">K\u00fcf olu\u015fumu:<\/strong> Nemli alanlar, zamanla k\u00fcf ve mantar olu\u015fumuna yol a\u00e7arak hem estetik hem de sa\u011fl\u0131k a\u00e7\u0131s\u0131ndan olumsuz etkiler yarat\u0131r.<\/p>\n<\/li>\n<li data-start=\"659\" data-end=\"787\">\n<p data-start=\"661\" data-end=\"787\"><strong data-start=\"661\" data-end=\"679\">Yap\u0131sal hasar:<\/strong> Uzun s\u00fcreli nem temas\u0131, ah\u015fap veya metal elemanlarda \u00e7\u00fcr\u00fcmeye, paslanmaya ve deformasyona neden olabilir.<\/p>\n<\/li>\n<\/ul>\n\t\t<\/div>\n\t\t\t\t\t<\/div>\n\n\t\n<\/div>\n\t\t<\/div>\n\n\t\t\n<style>\n#section_1317120227 {\n  padding-top: 0px;\n  padding-bottom: 0px;\n}\n<\/style>\n\t<\/section>\n\t\n\n\t<section class=\"section\" id=\"section_1676437272\">\n\t\t<div class=\"section-bg fill\" >\n\t\t\t\t\t\t\t\t\t\n\t\t\t\n\n\t\t<\/div>\n\n\t\t\n\n\t\t<div class=\"section-content relative\">\n\t\t\t\n<div class=\"row\"  id=\"row-1085123318\">\n\n\t<div id=\"col-2074438666\" class=\"col small-12 large-12\"  >\n\t\t\t\t<div class=\"col-inner\"  >\n\t\t\t\n\t\t\t\n<div class=\"container section-title-container\" ><h2 class=\"section-title section-title-center\"><b><\/b><span class=\"section-title-main\" style=\"color:rgb(0, 0, 0);\">PENCERE BANTLARI<\/span><b><\/b><\/h2><\/div>\n\t\t<\/div>\n\t\t\t\t\t<\/div>\n\n\t\n\n\t<div id=\"col-847765150\" class=\"col medium-6 small-12 large-6\"  data-animate=\"fadeInLeft\">\n\t\t\t\t<div class=\"col-inner text-center\"  >\n\t\t\t\n\t<div class=\"is-border\"\n\t\tstyle=\"border-width:0px 1px 0px 0px;\">\n\t<\/div>\n\t\t\t\n\t<div class=\"img has-hover icon-max-height x md-x lg-x y md-y lg-y\" id=\"image_954466035\">\n\t\t\t\t\t\t\t\t<div class=\"img-inner dark\" >\n\t\t\t<img decoding=\"async\" src=\"https:\/\/izotex.com\/wp-content\/uploads\/2024\/11\/izotex-win.svg\" class=\"attachment-original size-original\" alt=\"IZOTEX Win Logo - Y\u00fcksek Performansl\u0131 Pencere Yal\u0131t\u0131m \u00c7\u00f6z\u00fcmleri.\" \/>\t\t\t\t\t\t\n\t\t\t\t\t<\/div>\n\t\t\t\t\t\t\t\t\n<style>\n#image_954466035 {\n  width: 100%;\n}\n<\/style>\n\t<\/div>\n\t\n\t<div class=\"box has-hover   has-hover box-text-bottom\" >\n\n\t\t<div class=\"box-image\" >\n\t\t\t<a href=\"https:\/\/izotex.com\/tr\/kor-kasa-yalitim-bantlari\/izotex-win\/\" >\t\t\t<div class=\"image-cover\" style=\"padding-top:56.25%;\">\n\t\t\t\t<img decoding=\"async\" width=\"2560\" height=\"1442\" src=\"https:\/\/izotex.com\/wp-content\/uploads\/2024\/11\/IZOTEX-WIN-KOR-KASA-YALITIM-BANDI-scaled.jpg\" class=\"attachment- size-\" alt=\"\" srcset=\"https:\/\/izotex.com\/wp-content\/uploads\/2024\/11\/IZOTEX-WIN-KOR-KASA-YALITIM-BANDI-scaled.jpg 2560w, https:\/\/izotex.com\/wp-content\/uploads\/2024\/11\/IZOTEX-WIN-KOR-KASA-YALITIM-BANDI-300x169.jpg 300w, https:\/\/izotex.com\/wp-content\/uploads\/2024\/11\/IZOTEX-WIN-KOR-KASA-YALITIM-BANDI-1024x577.jpg 1024w, https:\/\/izotex.com\/wp-content\/uploads\/2024\/11\/IZOTEX-WIN-KOR-KASA-YALITIM-BANDI-768x433.jpg 768w, https:\/\/izotex.com\/wp-content\/uploads\/2024\/11\/IZOTEX-WIN-KOR-KASA-YALITIM-BANDI-1536x865.jpg 1536w, https:\/\/izotex.com\/wp-content\/uploads\/2024\/11\/IZOTEX-WIN-KOR-KASA-YALITIM-BANDI-2048x1154.jpg 2048w\" sizes=\"(max-width: 2560px) 100vw, 2560px\" \/>\t\t\t\t\t\t\t\t\t\t\t<\/div>\n\t\t\t<\/a>\t\t<\/div>\n\n\t\t<div class=\"box-text text-center\" >\n\t\t\t<div class=\"box-text-inner\">\n\t\t\t\t\n<h4 class=\"products-tite-bg\"><strong>K\u00d6R KASALI S\u0130STEM<\/strong><\/h4>\n<p class=\"oralama\">Do\u011framalar\u0131n oturtuldu\u011fu k\u00f6r kasa ile duvar birle\u015fimi aras\u0131nda su yal\u0131t\u0131m\u0131 sa\u011flamak ve d\u0131\u015far\u0131dan hava giri\u015flerini engellemek i\u00e7in kullan\u0131l\u0131r.<\/p>\n<a href=\"https:\/\/izotex.com\/tr\/kor-kasa-yalitim-bantlari\/izotex-win\/\" class=\"button secondary is-link lowercase button-product hover-shadow\"  style=\"border-radius:15px;\">\n\t\t<span>\u00dcr\u00fcnleri \u0130ncele<\/span>\n\t<i class=\"icon-angle-right\" aria-hidden=\"true\" ><\/i><\/a>\n\n\t\t\t<\/div>\n\t\t<\/div>\n\t<\/div>\n\t\n\t\t<\/div>\n\t\t\t\t\n<style>\n#col-847765150 > .col-inner {\n  padding: 1px 1px 1px 1px;\n}\n<\/style>\n\t<\/div>\n\n\t\n\n\t<div id=\"col-280156278\" class=\"col medium-6 small-12 large-6\"  data-animate=\"fadeInLeft\">\n\t\t\t\t<div class=\"col-inner text-center\"  >\n\t\t\t\n\t\t\t\n\t<div class=\"img has-hover icon-max-height x md-x lg-x y md-y lg-y\" id=\"image_1177689534\">\n\t\t\t\t\t\t\t\t<div class=\"img-inner dark\" >\n\t\t\t<img decoding=\"async\" src=\"https:\/\/izotex.com\/wp-content\/uploads\/2024\/11\/izotex-win-pro.svg\" class=\"attachment-original size-original\" alt=\"IZOTEX Win Pro+ Logo - Geli\u015fmi\u015f Pencere Yal\u0131t\u0131m Teknolojisi.\" \/>\t\t\t\t\t\t\n\t\t\t\t\t<\/div>\n\t\t\t\t\t\t\t\t\n<style>\n#image_1177689534 {\n  width: 100%;\n}\n<\/style>\n\t<\/div>\n\t\n\t<div class=\"box has-hover   has-hover box-text-bottom\" >\n\n\t\t<div class=\"box-image\" >\n\t\t\t<a href=\"https:\/\/izotex.com\/tr\/kor-kasa-yalitim-bantlari\/izotex-win-pro\/\" >\t\t\t<div class=\"image-cover\" style=\"padding-top:56.25%;\">\n\t\t\t\t<img decoding=\"async\" width=\"2560\" height=\"1442\" src=\"https:\/\/izotex.com\/wp-content\/uploads\/2024\/11\/IZOTEX-WINPRO-KENDINDEN-YAPISKANLI-KOR-KASA-YALITIM-BANDI-scaled.jpg\" class=\"attachment- size-\" alt=\"\" srcset=\"https:\/\/izotex.com\/wp-content\/uploads\/2024\/11\/IZOTEX-WINPRO-KENDINDEN-YAPISKANLI-KOR-KASA-YALITIM-BANDI-scaled.jpg 2560w, https:\/\/izotex.com\/wp-content\/uploads\/2024\/11\/IZOTEX-WINPRO-KENDINDEN-YAPISKANLI-KOR-KASA-YALITIM-BANDI-300x169.jpg 300w, https:\/\/izotex.com\/wp-content\/uploads\/2024\/11\/IZOTEX-WINPRO-KENDINDEN-YAPISKANLI-KOR-KASA-YALITIM-BANDI-1024x577.jpg 1024w, https:\/\/izotex.com\/wp-content\/uploads\/2024\/11\/IZOTEX-WINPRO-KENDINDEN-YAPISKANLI-KOR-KASA-YALITIM-BANDI-768x433.jpg 768w, https:\/\/izotex.com\/wp-content\/uploads\/2024\/11\/IZOTEX-WINPRO-KENDINDEN-YAPISKANLI-KOR-KASA-YALITIM-BANDI-1536x865.jpg 1536w, https:\/\/izotex.com\/wp-content\/uploads\/2024\/11\/IZOTEX-WINPRO-KENDINDEN-YAPISKANLI-KOR-KASA-YALITIM-BANDI-2048x1154.jpg 2048w\" sizes=\"(max-width: 2560px) 100vw, 2560px\" \/>\t\t\t\t\t\t\t\t\t\t\t<\/div>\n\t\t\t<\/a>\t\t<\/div>\n\n\t\t<div class=\"box-text text-center\" >\n\t\t\t<div class=\"box-text-inner\">\n\t\t\t\t\n<h4><strong>K\u00d6R KASASIZ S\u0130STEM<\/strong><\/h4>\n<p class=\"oralama\">K\u00f6r kasa kullan\u0131lmayan uygulamalarda do\u011frudan duvar ile do\u011frama aras\u0131ndaki bo\u015fluklara yap\u0131\u015ft\u0131r\u0131larak hava ve su s\u0131zd\u0131rmazl\u0131k sa\u011flar<\/p>\n<a href=\"https:\/\/izotex.com\/tr\/kor-kasa-yalitim-bantlari\/izotex-win-pro\/\" class=\"button secondary is-link lowercase button-product hover-shadow\"  style=\"border-radius:15px;\">\n\t\t<span>\u00dcr\u00fcnleri \u0130ncele<\/span>\n\t<i class=\"icon-angle-right\" aria-hidden=\"true\" ><\/i><\/a>\n\n\t\t\t<\/div>\n\t\t<\/div>\n\t<\/div>\n\t\n\t\t<\/div>\n\t\t\t\t\n<style>\n#col-280156278 > .col-inner {\n  padding: 1px 1px 1px 1px;\n}\n<\/style>\n\t<\/div>\n\n\t\n<\/div>\n\t\t<\/div>\n\n\t\t\n<style>\n#section_1676437272 {\n  padding-top: 30px;\n  padding-bottom: 30px;\n}\n<\/style>\n\t<\/section>\n\t\n","protected":false},"excerpt":{"rendered":"","protected":false},"author":1,"featured_media":0,"parent":0,"menu_order":0,"comment_status":"closed","ping_status":"closed","template":"page-blank.php","meta":{"footnotes":""},"class_list":["post-847","page","type-page","status-publish","hentry"],"aioseo_notices":[],"yoast_head":"<!-- This site is optimized with the Yoast SEO plugin v25.5 - https:\/\/yoast.com\/wordpress\/plugins\/seo\/ -->\n<title>K\u00f6r Kasa Yal\u0131t\u0131m Bantlar\u0131 - \u0130zotex<\/title>\n<meta name=\"robots\" content=\"index, follow, max-snippet:-1, max-image-preview:large, max-video-preview:-1\" \/>\n<link rel=\"canonical\" href=\"https:\/\/izotex.com\/tr\/kor-kasa-yalitim-bantlari\/\" \/>\n<meta property=\"og:locale\" content=\"tr_TR\" \/>\n<meta property=\"og:type\" content=\"article\" \/>\n<meta property=\"og:title\" content=\"K\u00f6r Kasa Yal\u0131t\u0131m Bantlar\u0131 - \u0130zotex\" \/>\n<meta property=\"og:url\" content=\"https:\/\/izotex.com\/tr\/kor-kasa-yalitim-bantlari\/\" \/>\n<meta property=\"og:site_name\" content=\"\u0130zotex\" \/>\n<meta property=\"article:modified_time\" content=\"2025-11-11T11:32:15+00:00\" \/>\n<meta name=\"twitter:card\" content=\"summary_large_image\" \/>\n<meta name=\"twitter:label1\" content=\"Tahmini okuma s\u00fcresi\" \/>\n\t<meta name=\"twitter:data1\" content=\"3 dakika\" \/>\n<script type=\"application\/ld+json\" class=\"yoast-schema-graph\">{\"@context\":\"https:\/\/schema.org\",\"@graph\":[{\"@type\":\"WebPage\",\"@id\":\"https:\/\/izotex.com\/tr\/kor-kasa-yalitim-bantlari\/\",\"url\":\"https:\/\/izotex.com\/tr\/kor-kasa-yalitim-bantlari\/\",\"name\":\"K\u00f6r Kasa Yal\u0131t\u0131m Bantlar\u0131 - \u0130zotex\",\"isPartOf\":{\"@id\":\"https:\/\/izotex.com\/en\/#website\"},\"datePublished\":\"2024-11-26T08:46:47+00:00\",\"dateModified\":\"2025-11-11T11:32:15+00:00\",\"breadcrumb\":{\"@id\":\"https:\/\/izotex.com\/tr\/kor-kasa-yalitim-bantlari\/#breadcrumb\"},\"inLanguage\":\"tr\",\"potentialAction\":[{\"@type\":\"ReadAction\",\"target\":[\"https:\/\/izotex.com\/tr\/kor-kasa-yalitim-bantlari\/\"]}]},{\"@type\":\"BreadcrumbList\",\"@id\":\"https:\/\/izotex.com\/tr\/kor-kasa-yalitim-bantlari\/#breadcrumb\",\"itemListElement\":[{\"@type\":\"ListItem\",\"position\":1,\"name\":\"Home\",\"item\":\"https:\/\/izotex.com\/tr\/\"},{\"@type\":\"ListItem\",\"position\":2,\"name\":\"K\u00f6r Kasa Yal\u0131t\u0131m Bantlar\u0131\"}]},{\"@type\":\"WebSite\",\"@id\":\"https:\/\/izotex.com\/en\/#website\",\"url\":\"https:\/\/izotex.com\/en\/\",\"name\":\"\u0130zotex\",\"description\":\"\",\"potentialAction\":[{\"@type\":\"SearchAction\",\"target\":{\"@type\":\"EntryPoint\",\"urlTemplate\":\"https:\/\/izotex.com\/en\/?s={search_term_string}\"},\"query-input\":{\"@type\":\"PropertyValueSpecification\",\"valueRequired\":true,\"valueName\":\"search_term_string\"}}],\"inLanguage\":\"tr\"}]}<\/script>\n<!-- \/ Yoast SEO plugin. -->","yoast_head_json":{"title":"K\u00f6r Kasa Yal\u0131t\u0131m Bantlar\u0131 - \u0130zotex","robots":{"index":"index","follow":"follow","max-snippet":"max-snippet:-1","max-image-preview":"max-image-preview:large","max-video-preview":"max-video-preview:-1"},"canonical":"https:\/\/izotex.com\/tr\/kor-kasa-yalitim-bantlari\/","og_locale":"tr_TR","og_type":"article","og_title":"K\u00f6r Kasa Yal\u0131t\u0131m Bantlar\u0131 - \u0130zotex","og_url":"https:\/\/izotex.com\/tr\/kor-kasa-yalitim-bantlari\/","og_site_name":"\u0130zotex","article_modified_time":"2025-11-11T11:32:15+00:00","twitter_card":"summary_large_image","twitter_misc":{"Tahmini okuma s\u00fcresi":"3 dakika"},"schema":{"@context":"https:\/\/schema.org","@graph":[{"@type":"WebPage","@id":"https:\/\/izotex.com\/tr\/kor-kasa-yalitim-bantlari\/","url":"https:\/\/izotex.com\/tr\/kor-kasa-yalitim-bantlari\/","name":"K\u00f6r Kasa Yal\u0131t\u0131m Bantlar\u0131 - \u0130zotex","isPartOf":{"@id":"https:\/\/izotex.com\/en\/#website"},"datePublished":"2024-11-26T08:46:47+00:00","dateModified":"2025-11-11T11:32:15+00:00","breadcrumb":{"@id":"https:\/\/izotex.com\/tr\/kor-kasa-yalitim-bantlari\/#breadcrumb"},"inLanguage":"tr","potentialAction":[{"@type":"ReadAction","target":["https:\/\/izotex.com\/tr\/kor-kasa-yalitim-bantlari\/"]}]},{"@type":"BreadcrumbList","@id":"https:\/\/izotex.com\/tr\/kor-kasa-yalitim-bantlari\/#breadcrumb","itemListElement":[{"@type":"ListItem","position":1,"name":"Home","item":"https:\/\/izotex.com\/tr\/"},{"@type":"ListItem","position":2,"name":"K\u00f6r Kasa Yal\u0131t\u0131m Bantlar\u0131"}]},{"@type":"WebSite","@id":"https:\/\/izotex.com\/en\/#website","url":"https:\/\/izotex.com\/en\/","name":"\u0130zotex","description":"","potentialAction":[{"@type":"SearchAction","target":{"@type":"EntryPoint","urlTemplate":"https:\/\/izotex.com\/en\/?s={search_term_string}"},"query-input":{"@type":"PropertyValueSpecification","valueRequired":true,"valueName":"search_term_string"}}],"inLanguage":"tr"}]}},"_links":{"self":[{"href":"https:\/\/izotex.com\/tr\/wp-json\/wp\/v2\/pages\/847","targetHints":{"allow":["GET"]}}],"collection":[{"href":"https:\/\/izotex.com\/tr\/wp-json\/wp\/v2\/pages"}],"about":[{"href":"https:\/\/izotex.com\/tr\/wp-json\/wp\/v2\/types\/page"}],"author":[{"embeddable":true,"href":"https:\/\/izotex.com\/tr\/wp-json\/wp\/v2\/users\/1"}],"replies":[{"embeddable":true,"href":"https:\/\/izotex.com\/tr\/wp-json\/wp\/v2\/comments?post=847"}],"version-history":[{"count":30,"href":"https:\/\/izotex.com\/tr\/wp-json\/wp\/v2\/pages\/847\/revisions"}],"predecessor-version":[{"id":2615,"href":"https:\/\/izotex.com\/tr\/wp-json\/wp\/v2\/pages\/847\/revisions\/2615"}],"wp:attachment":[{"href":"https:\/\/izotex.com\/tr\/wp-json\/wp\/v2\/media?parent=847"}],"curies":[{"name":"wp","href":"https:\/\/api.w.org\/{rel}","templated":true}]}}