{"id":2201,"date":"2025-04-10T13:08:27","date_gmt":"2025-04-10T13:08:27","guid":{"rendered":"https:\/\/izotex.com\/izotex-sisen-bant\/"},"modified":"2025-11-05T13:37:45","modified_gmt":"2025-11-05T13:37:45","slug":"izotex-sisen-bant","status":"publish","type":"page","link":"https:\/\/izotex.com\/tr\/izotex-sisen-bant\/","title":{"rendered":"IZOTEX \u015e\u0130\u015eEN BANT"},"content":{"rendered":"\n\t<section class=\"section\" id=\"section_622669640\">\n\t\t<div class=\"section-bg fill\" >\n\t\t\t\t\t\t\t\t\t\n\t\t\t\n\t<div class=\"is-border\"\n\t\tstyle=\"border-width:0px 0px 1px 0px;\">\n\t<\/div>\n\n\t\t<\/div>\n\n\t\t\n\n\t\t<div class=\"section-content relative\">\n\t\t\t\n\t<div id=\"gap-821157629\" class=\"gap-element clearfix\" style=\"display:block; height:auto;\">\n\t\t\n<style>\n#gap-821157629 {\n  padding-top: 30px;\n}\n<\/style>\n\t<\/div>\n\t\n<div class=\"row align-bottom align-center\"  id=\"row-332550256\">\n\n\t<div id=\"col-1759126788\" class=\"col medium-7 small-12 large-7\"  >\n\t\t\t\t<div class=\"col-inner text-left\"  >\n\t\t\t\n\t\t\t\n\t<div class=\"img has-hover x md-x lg-x y md-y lg-y\" id=\"image_1891361367\">\n\t\t\t\t\t\t\t\t<div class=\"img-inner dark\" >\n\t\t\t<img decoding=\"async\" width=\"2560\" height=\"294\" src=\"https:\/\/izotex.com\/wp-content\/uploads\/2025\/04\/IZOTEX-Sisen-Bant-Logo-scaled.jpg\" class=\"attachment-original size-original\" alt=\"IZOTEX S\u0327is\u0327en Bant Logo\" srcset=\"https:\/\/izotex.com\/wp-content\/uploads\/2025\/04\/IZOTEX-Sisen-Bant-Logo-scaled.jpg 2560w, https:\/\/izotex.com\/wp-content\/uploads\/2025\/04\/IZOTEX-Sisen-Bant-Logo-300x34.jpg 300w, https:\/\/izotex.com\/wp-content\/uploads\/2025\/04\/IZOTEX-Sisen-Bant-Logo-1024x118.jpg 1024w, https:\/\/izotex.com\/wp-content\/uploads\/2025\/04\/IZOTEX-Sisen-Bant-Logo-768x88.jpg 768w, https:\/\/izotex.com\/wp-content\/uploads\/2025\/04\/IZOTEX-Sisen-Bant-Logo-1536x176.jpg 1536w, https:\/\/izotex.com\/wp-content\/uploads\/2025\/04\/IZOTEX-Sisen-Bant-Logo-2048x235.jpg 2048w\" sizes=\"(max-width: 2560px) 100vw, 2560px\" \/>\t\t\t\t\t\t\n\t\t\t\t\t<\/div>\n\t\t\t\t\t\t\t\t\n<style>\n#image_1891361367 {\n  width: 100%;\n}\n<\/style>\n\t<\/div>\n\t\n\t\t<\/div>\n\t\t\t\t\n<style>\n#col-1759126788 > .col-inner {\n  padding: 0px 20px 0px 20px;\n}\n<\/style>\n\t<\/div>\n\n\t\n<\/div>\n\t\t<\/div>\n\n\t\t\n<style>\n#section_622669640 {\n  padding-top: 0px;\n  padding-bottom: 0px;\n}\n<\/style>\n\t<\/section>\n\t\n\n\t<section class=\"section\" id=\"section_1611176702\">\n\t\t<div class=\"section-bg fill\" >\n\t\t\t\t\t\t\t\t\t\n\t\t\t\n\n\t\t<\/div>\n\n\t\t\n\n\t\t<div class=\"section-content relative\">\n\t\t\t\n<div class=\"row\"  id=\"row-2069551451\">\n\n\t<div id=\"col-257856619\" class=\"col medium-4 small-12 large-4\"  >\n\t\t\t\t<div class=\"col-inner\"  >\n\t\t\t\n\t\t\t\n\t<div class=\"img has-hover x md-x lg-x y md-y lg-y\" id=\"image_732899685\">\n\t\t\t\t\t\t\t\t<div class=\"img-inner dark\" >\n\t\t\t<img decoding=\"async\" width=\"458\" height=\"370\" src=\"https:\/\/izotex.com\/wp-content\/uploads\/2025\/04\/Resim2.png\" class=\"attachment-original size-original\" alt=\"\" srcset=\"https:\/\/izotex.com\/wp-content\/uploads\/2025\/04\/Resim2.png 458w, https:\/\/izotex.com\/wp-content\/uploads\/2025\/04\/Resim2-300x242.png 300w\" sizes=\"(max-width: 458px) 100vw, 458px\" \/>\t\t\t\t\t\t\n\t\t\t\t\t<\/div>\n\t\t\t\t\t\t\t\t\n<style>\n#image_732899685 {\n  width: 100%;\n}\n<\/style>\n\t<\/div>\n\t\n\t\t<\/div>\n\t\t\t\t\t<\/div>\n\n\t\n\n\t<div id=\"col-672209040\" class=\"col medium-4 small-12 large-4\"  >\n\t\t\t\t<div class=\"col-inner\"  >\n\t\t\t\n\t\t\t\n\t<div id=\"text-2612037974\" class=\"text\">\n\t\t\n<h1>Izotex \u015ei\u015fen Bant ile M\u00fckemmel S\u0131zd\u0131rmazl\u0131k<\/h1>\n\t\t\n<style>\n#text-2612037974 {\n  font-size: 0.85rem;\n  line-height: 1.8;\n  text-align: left;\n  color: rgb(0,0,0);\n}\n#text-2612037974 > * {\n  color: rgb(0,0,0);\n}\n<\/style>\n\t<\/div>\n\t\n\t<div id=\"text-2847434672\" class=\"text bloklama\">\n\t\t\n<p>IZOTEX \u015ei\u015fen Bant, PVC ve Al\u00fcminyum do\u011frama ile k\u00f6r kasa aras\u0131na uygulanarak su , hava ve r\u00fczgar s\u0131zd\u0131rmazl\u0131\u011f\u0131 sa\u011flayan y\u00fcksek performansl\u0131 bir s\u0131zd\u0131rmazl\u0131k \u00fcr\u00fcn\u00fcd\u00fcr.<\/p>\n<p>Kendinden yap\u0131\u015fkanl\u0131 yap\u0131s\u0131 sayesinde kolayca uygulan\u0131r ve \u00f6zel polimerlerle emprenye edilmi\u015f, \u00f6nceden s\u0131k\u0131\u015ft\u0131r\u0131lm\u0131\u015f yap\u0131s\u0131 sayesinde zamanla geni\u015fleyerek bo\u015fluklar\u0131 m\u00fckemmel bir \u015fekilde doldurur.<\/p>\n<p>D\u0131\u015f etkenlere kar\u015f\u0131 dayan\u0131kl\u0131 olan IZOTEX \u015ei\u015fen Bant, uzun \u00f6m\u00fcrl\u00fc ve g\u00fcvenilir bir yal\u0131t\u0131m sa\u011flamak i\u00e7in tasarlanm\u0131\u015ft\u0131r.<br \/>\n\t\t\n<style>\n#text-2847434672 {\n  font-size: 0.95rem;\n}\n<\/style>\n\t<\/div>\n\t\n\t\t<\/div>\n\t\t\t\t\t<\/div>\n\n\t\n\n\t<div id=\"col-1340222746\" class=\"col medium-4 small-12 large-4\"  >\n\t\t\t\t<div class=\"col-inner\"  >\n\t\t\t\n\t\t\t\n\t<div class=\"img has-hover x md-x lg-x y md-y lg-y\" id=\"image_1895604538\">\n\t\t\t\t\t\t\t\t<div class=\"img-inner dark\" >\n\t\t\t<img decoding=\"async\" width=\"458\" height=\"370\" src=\"https:\/\/izotex.com\/wp-content\/uploads\/2025\/04\/Resim2.jpg\" class=\"attachment-original size-original\" alt=\"\" srcset=\"https:\/\/izotex.com\/wp-content\/uploads\/2025\/04\/Resim2.jpg 458w, https:\/\/izotex.com\/wp-content\/uploads\/2025\/04\/Resim2-300x242.jpg 300w\" sizes=\"(max-width: 458px) 100vw, 458px\" \/>\t\t\t\t\t\t\n\t\t\t\t\t<\/div>\n\t\t\t\t\t\t\t\t\n<style>\n#image_1895604538 {\n  width: 100%;\n}\n<\/style>\n\t<\/div>\n\t\n\t\t<\/div>\n\t\t\t\t\t<\/div>\n\n\t\n<\/div>\n<h2>Izotex \u015ei\u015fen Bant Kullan\u0131m Alanlar\u0131<\/h2>\n\t<div id=\"text-211841151\" class=\"text bloklama\">\n\t\t\n<ul>\n<li>Pencere ve kap\u0131 do\u011framalar\u0131n\u0131n montaj\u0131nda<\/li>\n<li>Prefabrik yap\u0131 elemanlar\u0131n\u0131n birle\u015fim derzlerinde<\/li>\n<li>\u00c7at\u0131 ve cephe panellerinin s\u0131zd\u0131rmazl\u0131\u011f\u0131nda<\/li>\n<li>Metal, PVC ve al\u00fcminyum do\u011frama sistemlerinde hava ve su s\u0131zd\u0131rmazl\u0131\u011f\u0131n\u0131n sa\u011flanmas\u0131nda<\/li>\n<li>Beton veya ah\u015fap y\u00fczeylerde dilatasyon ve ba\u011flant\u0131 noktalar\u0131n\u0131n yal\u0131t\u0131m\u0131nda<\/li>\n<\/ul>\n\t\t\n<style>\n#text-211841151 {\n  text-align: left;\n}\n<\/style>\n\t<\/div>\n\t\n\t\t<\/div>\n\n\t\t\n<style>\n#section_1611176702 {\n  padding-top: 30px;\n  padding-bottom: 30px;\n  margin-bottom: -60px;\n}\n<\/style>\n\t<\/section>\n\t\n\n\t<section class=\"section\" id=\"section_1198042852\">\n\t\t<div class=\"section-bg fill\" >\n\t\t\t\t\t\t\t\t\t\n\t\t\t\n\n\t\t<\/div>\n\n\t\t\n\n\t\t<div class=\"section-content relative\">\n\t\t\t\n<div class=\"row row-collapse\"  id=\"row-2028947914\">\n\n\t<div id=\"col-139494206\" class=\"col small-12 large-12\"  >\n\t\t\t\t<div class=\"col-inner\"  >\n\t\t\t\n\t\t\t\n\n<div class=\"izotex-tech-data-sheet\">\n<h2>TEKN\u0130K B\u0130LG\u0130LER<\/h2>\n<table>\n<tbody>\n<tr>\n<td>\u00dcr\u00fcn Ad\u0131<\/td>\n<td>IZOTEX \u015e\u0130\u015eEN BANT<\/td>\n<\/tr>\n<tr>\n<td>Kompozisyon<\/td>\n<td>Polimer emdirilmi\u015f poli\u00fcretan k\u00f6p\u00fck<\/td>\n<\/tr>\n<tr>\n<td>Rulo Eni<\/td>\n<td>1 cm\u2019den 50 cm\u2019e Kadar<\/td>\n<\/tr>\n<tr>\n<td>Rulo Boyu<\/td>\n<td>10 m<\/td>\n<\/tr>\n<tr>\n<td>Renk<\/td>\n<td>Koyu Gri<\/td>\n<\/tr>\n<tr>\n<td>\u00c7al\u0131\u015fma s\u0131cakl\u0131\u011f\u0131<\/td>\n<td>+10 \u00b0C \/ +50 \u00b0C<\/td>\n<\/tr>\n<tr>\n<td>Depolama<\/td>\n<td>+10 \u00b0C \/ +25 \u00b0C aras\u0131nda kuru bir ortamda, g\u00fcne\u015f \u0131\u015f\u0131\u011f\u0131na maruz kalmadan 12 ay boyunca saklanabilir.<\/td>\n<\/tr>\n<\/tbody>\n<\/table>\n<table>\n<thead>\n<tr>\n<th>TEST ADI<\/th>\n<th>SONU\u00c7<\/th>\n<th>TEST METHODU<\/th>\n<\/tr>\n<\/thead>\n<tbody>\n<tr>\n<td>Yap\u0131 Malzemeleri Y\u00fck S\u0131n\u0131fland\u0131rmas\u0131<\/td>\n<td>BG 1<\/td>\n<td>DIN 18 542<\/td>\n<\/tr>\n<tr>\n<td>Ya\u011fmur ge\u00e7irmezlik<\/td>\n<td>\u2265600Pa<\/td>\n<td>EN 1027<\/td>\n<\/tr>\n<tr>\n<td>Yang\u0131n Davran\u0131\u015f\u0131<\/td>\n<td>Class B1 , Alev Geciktirici<\/td>\n<td>DIN 4102<\/td>\n<\/tr>\n<tr>\n<td>Hava Ge\u00e7irgenli\u011fi<\/td>\n<td>a \u2264 1.0 [m\u00b3\/(h\u00b7m\u00b7(daPa)<sup>n<\/sup>)]<\/td>\n<td>DIN 12114<\/td>\n<\/tr>\n<tr>\n<td>Geleneksel Yap\u0131 Malzemeleriyle Uyumluluk<\/td>\n<td>Ge\u00e7er<\/td>\n<td>DIN 18542 BG 1<\/td>\n<\/tr>\n<\/tbody>\n<\/table>\n<p style=\"font-size: 12px; font-style: italic;\">*Yukar\u0131daki de\u011ferler yaln\u0131zca bilgilendirme ama\u00e7l\u0131d\u0131r, resmi belge olarak kullan\u0131lamaz..<\/p>\n<\/div>\n\n<div class=\"row align-equal\"  id=\"row-1578594298\">\n\n\t<div id=\"col-584740959\" class=\"col medium-6 small-12 large-6\"  >\n\t\t\t\t<div class=\"col-inner\"  >\n\t\t\t\n\t<div class=\"is-border\"\n\t\tstyle=\"border-color:rgb(108, 108, 108);border-width:1px 1px 1px 1px;\">\n\t<\/div>\n\t\t\t\n\n<div class=\"izotex-tech-data-sheet\">\n<h3>TEKN\u0130K B\u0130LG\u0130LER<\/h3>\n<table>\n<tbody>\n<tr>\n<td>Bant \u00d6l\u00e7\u00fcleri<\/td>\n<td>3 x 10 mm x 10 m<\/td>\n<\/tr>\n<\/tbody>\n<\/table>\n<div style=\"margin-top: 15px; text-align: center;\"><img decoding=\"async\" style=\"max-width: 76%;\" src=\"https:\/\/izotex.com\/wp-content\/uploads\/2025\/04\/size-of-tape.png\" alt=\"Uygun Derz Geni\u015fli\u011fi\" \/><\/div>\n<\/div>\n\n\t\t<\/div>\n\t\t\t\t\n<style>\n#col-584740959 > .col-inner {\n  padding: 0px 1px 0px 1px;\n}\n<\/style>\n\t<\/div>\n\n\t\n\n\t<div id=\"col-1962624121\" class=\"col medium-6 small-12 large-6\"  >\n\t\t\t\t<div class=\"col-inner\"  >\n\t\t\t\n\t<div class=\"is-border\"\n\t\tstyle=\"border-color:rgb(108, 108, 108);border-width:1px 1px 1px 1px;\">\n\t<\/div>\n\t\t\t\n<p>Y\u00fcksek performansl\u0131, kendinden yap\u0131\u015fkanl\u0131 IZOTEX \u015e\u0130\u015eEN BANT , su, hava ve r\u00fczgar ge\u00e7irmez \u00f6zelli\u011fi sayesinde g\u00fcvenilir ve uzun \u00f6m\u00fcrl\u00fc bir s\u0131zd\u0131rmazl\u0131k sa\u011flar. Uyguland\u0131ktan sonra 2 saat i\u00e7inde \u015fi\u015fmeye ba\u015flar ve 48 saat i\u00e7inde maksimum seviyeye ula\u015f\u0131r.<\/p>\n<div class=\"row\"  id=\"row-522147163\">\n\n\t<div id=\"col-831260547\" class=\"col medium-3 small-6 large-3\"  >\n\t\t\t\t<div class=\"col-inner\"  >\n\t\t\t\n\t\t\t\n\t<div class=\"img has-hover x md-x lg-x y md-y lg-y\" id=\"image_824026862\">\n\t\t\t\t\t\t\t\t<div class=\"img-inner dark\" >\n\t\t\t<img decoding=\"async\" src=\"https:\/\/izotex.com\/wp-content\/uploads\/2025\/04\/600pa-1.svg\" class=\"attachment-original size-original\" alt=\"600Pa | IZOTEX\" \/>\t\t\t\t\t\t\n\t\t\t\t\t<\/div>\n\t\t\t\t\t\t\t\t\n<style>\n#image_824026862 {\n  width: 100%;\n}\n<\/style>\n\t<\/div>\n\t\n\t\t<\/div>\n\t\t\t\t\n<style>\n#col-831260547 > .col-inner {\n  padding: 0px 15px 0px 15px;\n}\n<\/style>\n\t<\/div>\n\n\t\n\n\t<div id=\"col-528755083\" class=\"col medium-3 small-6 large-3\"  >\n\t\t\t\t<div class=\"col-inner\"  >\n\t\t\t\n\t\t\t\n\t<div class=\"img has-hover x md-x lg-x y md-y lg-y\" id=\"image_170750227\">\n\t\t\t\t\t\t\t\t<div class=\"img-inner dark\" >\n\t\t\t<img decoding=\"async\" src=\"https:\/\/izotex.com\/wp-content\/uploads\/2025\/04\/b1-class.svg\" class=\"attachment-original size-original\" alt=\"Excellent Waterproofing Membrane | IZOTEX\" \/>\t\t\t\t\t\t\n\t\t\t\t\t<\/div>\n\t\t\t\t\t\t\t\t\n<style>\n#image_170750227 {\n  width: 100%;\n}\n<\/style>\n\t<\/div>\n\t\n\t\t<\/div>\n\t\t\t\t\n<style>\n#col-528755083 > .col-inner {\n  padding: 0px 15px 0px 15px;\n}\n<\/style>\n\t<\/div>\n\n\t\n\n\t<div id=\"col-1716693173\" class=\"col medium-3 small-6 large-3\"  >\n\t\t\t\t<div class=\"col-inner\"  >\n\t\t\t\n\t\t\t\n\t<div class=\"img has-hover x md-x lg-x y md-y lg-y\" id=\"image_1600149187\">\n\t\t\t\t\t\t\t\t<div class=\"img-inner dark\" >\n\t\t\t<img decoding=\"async\" src=\"https:\/\/izotex.com\/wp-content\/uploads\/2025\/04\/airtight.svg\" class=\"attachment-original size-original\" alt=\"Excellent Waterproofing Membrane | IZOTEX\" \/>\t\t\t\t\t\t\n\t\t\t\t\t<\/div>\n\t\t\t\t\t\t\t\t\n<style>\n#image_1600149187 {\n  width: 100%;\n}\n<\/style>\n\t<\/div>\n\t\n\t\t<\/div>\n\t\t\t\t\n<style>\n#col-1716693173 > .col-inner {\n  padding: 0px 15px 0px 15px;\n}\n<\/style>\n\t<\/div>\n\n\t\n\n\t<div id=\"col-779468735\" class=\"col medium-3 small-6 large-3\"  >\n\t\t\t\t<div class=\"col-inner\"  >\n\t\t\t\n\t\t\t\n\t<div class=\"img has-hover x md-x lg-x y md-y lg-y\" id=\"image_1036521786\">\n\t\t\t\t\t\t\t\t<div class=\"img-inner dark\" >\n\t\t\t<img decoding=\"async\" src=\"https:\/\/izotex.com\/wp-content\/uploads\/2025\/04\/iso.svg\" class=\"attachment-original size-original\" alt=\"Excellent Waterproofing Membrane | IZOTEX\" \/>\t\t\t\t\t\t\n\t\t\t\t\t<\/div>\n\t\t\t\t\t\t\t\t\n<style>\n#image_1036521786 {\n  width: 100%;\n}\n<\/style>\n\t<\/div>\n\t\n\t\t<\/div>\n\t\t\t\t\n<style>\n#col-779468735 > .col-inner {\n  padding: 0px 10px 0px 10px;\n}\n<\/style>\n\t<\/div>\n\n\t\n<\/div>\n\t\t<\/div>\n\t\t\t\t\n<style>\n#col-1962624121 > .col-inner {\n  padding: 15px 15px 15px 15px;\n}\n<\/style>\n\t<\/div>\n\n\t\n<\/div>\n\t\t<\/div>\n\t\t\t\t\t<\/div>\n\n\t\n<\/div>\n\t\t<\/div>\n\n\t\t\n<style>\n#section_1198042852 {\n  padding-top: 0px;\n  padding-bottom: 0px;\n}\n<\/style>\n\t<\/section>\n\t\n","protected":false},"excerpt":{"rendered":"","protected":false},"author":1,"featured_media":0,"parent":0,"menu_order":0,"comment_status":"closed","ping_status":"closed","template":"page-blank.php","meta":{"footnotes":""},"class_list":["post-2201","page","type-page","status-publish","hentry"],"aioseo_notices":[],"yoast_head":"<!-- This site is optimized with the Yoast SEO plugin v25.5 - https:\/\/yoast.com\/wordpress\/plugins\/seo\/ -->\n<title>IZOTEX \u015e\u0130\u015eEN BANT - \u0130zotex<\/title>\n<meta name=\"robots\" content=\"index, follow, max-snippet:-1, max-image-preview:large, max-video-preview:-1\" \/>\n<link rel=\"canonical\" href=\"https:\/\/izotex.com\/tr\/izotex-sisen-bant\/\" \/>\n<meta property=\"og:locale\" content=\"tr_TR\" \/>\n<meta property=\"og:type\" content=\"article\" \/>\n<meta property=\"og:title\" content=\"IZOTEX \u015e\u0130\u015eEN BANT - \u0130zotex\" \/>\n<meta property=\"og:url\" content=\"https:\/\/izotex.com\/tr\/izotex-sisen-bant\/\" \/>\n<meta property=\"og:site_name\" content=\"\u0130zotex\" \/>\n<meta property=\"article:modified_time\" content=\"2025-11-05T13:37:45+00:00\" \/>\n<meta property=\"og:image\" content=\"https:\/\/izotex.com\/wp-content\/uploads\/2025\/04\/size-of-tape.png\" \/>\n<meta name=\"twitter:card\" content=\"summary_large_image\" \/>\n<meta name=\"twitter:label1\" content=\"Tahmini okuma s\u00fcresi\" \/>\n\t<meta name=\"twitter:data1\" content=\"3 dakika\" \/>\n<script type=\"application\/ld+json\" class=\"yoast-schema-graph\">{\"@context\":\"https:\/\/schema.org\",\"@graph\":[{\"@type\":\"WebPage\",\"@id\":\"https:\/\/izotex.com\/tr\/izotex-sisen-bant\/\",\"url\":\"https:\/\/izotex.com\/tr\/izotex-sisen-bant\/\",\"name\":\"IZOTEX \u015e\u0130\u015eEN BANT - \u0130zotex\",\"isPartOf\":{\"@id\":\"https:\/\/izotex.com\/en\/#website\"},\"primaryImageOfPage\":{\"@id\":\"https:\/\/izotex.com\/tr\/izotex-sisen-bant\/#primaryimage\"},\"image\":{\"@id\":\"https:\/\/izotex.com\/tr\/izotex-sisen-bant\/#primaryimage\"},\"thumbnailUrl\":\"https:\/\/izotex.com\/wp-content\/uploads\/2025\/04\/size-of-tape.png\",\"datePublished\":\"2025-04-10T13:08:27+00:00\",\"dateModified\":\"2025-11-05T13:37:45+00:00\",\"breadcrumb\":{\"@id\":\"https:\/\/izotex.com\/tr\/izotex-sisen-bant\/#breadcrumb\"},\"inLanguage\":\"tr\",\"potentialAction\":[{\"@type\":\"ReadAction\",\"target\":[\"https:\/\/izotex.com\/tr\/izotex-sisen-bant\/\"]}]},{\"@type\":\"ImageObject\",\"inLanguage\":\"tr\",\"@id\":\"https:\/\/izotex.com\/tr\/izotex-sisen-bant\/#primaryimage\",\"url\":\"https:\/\/izotex.com\/wp-content\/uploads\/2025\/04\/size-of-tape.png\",\"contentUrl\":\"https:\/\/izotex.com\/wp-content\/uploads\/2025\/04\/size-of-tape.png\"},{\"@type\":\"BreadcrumbList\",\"@id\":\"https:\/\/izotex.com\/tr\/izotex-sisen-bant\/#breadcrumb\",\"itemListElement\":[{\"@type\":\"ListItem\",\"position\":1,\"name\":\"Home\",\"item\":\"https:\/\/izotex.com\/tr\/\"},{\"@type\":\"ListItem\",\"position\":2,\"name\":\"IZOTEX \u015e\u0130\u015eEN BANT\"}]},{\"@type\":\"WebSite\",\"@id\":\"https:\/\/izotex.com\/en\/#website\",\"url\":\"https:\/\/izotex.com\/en\/\",\"name\":\"\u0130zotex\",\"description\":\"\",\"potentialAction\":[{\"@type\":\"SearchAction\",\"target\":{\"@type\":\"EntryPoint\",\"urlTemplate\":\"https:\/\/izotex.com\/en\/?s={search_term_string}\"},\"query-input\":{\"@type\":\"PropertyValueSpecification\",\"valueRequired\":true,\"valueName\":\"search_term_string\"}}],\"inLanguage\":\"tr\"}]}<\/script>\n<!-- \/ Yoast SEO plugin. -->","yoast_head_json":{"title":"IZOTEX \u015e\u0130\u015eEN BANT - \u0130zotex","robots":{"index":"index","follow":"follow","max-snippet":"max-snippet:-1","max-image-preview":"max-image-preview:large","max-video-preview":"max-video-preview:-1"},"canonical":"https:\/\/izotex.com\/tr\/izotex-sisen-bant\/","og_locale":"tr_TR","og_type":"article","og_title":"IZOTEX \u015e\u0130\u015eEN BANT - \u0130zotex","og_url":"https:\/\/izotex.com\/tr\/izotex-sisen-bant\/","og_site_name":"\u0130zotex","article_modified_time":"2025-11-05T13:37:45+00:00","og_image":[{"url":"https:\/\/izotex.com\/wp-content\/uploads\/2025\/04\/size-of-tape.png","type":"","width":"","height":""}],"twitter_card":"summary_large_image","twitter_misc":{"Tahmini okuma s\u00fcresi":"3 dakika"},"schema":{"@context":"https:\/\/schema.org","@graph":[{"@type":"WebPage","@id":"https:\/\/izotex.com\/tr\/izotex-sisen-bant\/","url":"https:\/\/izotex.com\/tr\/izotex-sisen-bant\/","name":"IZOTEX \u015e\u0130\u015eEN BANT - \u0130zotex","isPartOf":{"@id":"https:\/\/izotex.com\/en\/#website"},"primaryImageOfPage":{"@id":"https:\/\/izotex.com\/tr\/izotex-sisen-bant\/#primaryimage"},"image":{"@id":"https:\/\/izotex.com\/tr\/izotex-sisen-bant\/#primaryimage"},"thumbnailUrl":"https:\/\/izotex.com\/wp-content\/uploads\/2025\/04\/size-of-tape.png","datePublished":"2025-04-10T13:08:27+00:00","dateModified":"2025-11-05T13:37:45+00:00","breadcrumb":{"@id":"https:\/\/izotex.com\/tr\/izotex-sisen-bant\/#breadcrumb"},"inLanguage":"tr","potentialAction":[{"@type":"ReadAction","target":["https:\/\/izotex.com\/tr\/izotex-sisen-bant\/"]}]},{"@type":"ImageObject","inLanguage":"tr","@id":"https:\/\/izotex.com\/tr\/izotex-sisen-bant\/#primaryimage","url":"https:\/\/izotex.com\/wp-content\/uploads\/2025\/04\/size-of-tape.png","contentUrl":"https:\/\/izotex.com\/wp-content\/uploads\/2025\/04\/size-of-tape.png"},{"@type":"BreadcrumbList","@id":"https:\/\/izotex.com\/tr\/izotex-sisen-bant\/#breadcrumb","itemListElement":[{"@type":"ListItem","position":1,"name":"Home","item":"https:\/\/izotex.com\/tr\/"},{"@type":"ListItem","position":2,"name":"IZOTEX \u015e\u0130\u015eEN BANT"}]},{"@type":"WebSite","@id":"https:\/\/izotex.com\/en\/#website","url":"https:\/\/izotex.com\/en\/","name":"\u0130zotex","description":"","potentialAction":[{"@type":"SearchAction","target":{"@type":"EntryPoint","urlTemplate":"https:\/\/izotex.com\/en\/?s={search_term_string}"},"query-input":{"@type":"PropertyValueSpecification","valueRequired":true,"valueName":"search_term_string"}}],"inLanguage":"tr"}]}},"_links":{"self":[{"href":"https:\/\/izotex.com\/tr\/wp-json\/wp\/v2\/pages\/2201","targetHints":{"allow":["GET"]}}],"collection":[{"href":"https:\/\/izotex.com\/tr\/wp-json\/wp\/v2\/pages"}],"about":[{"href":"https:\/\/izotex.com\/tr\/wp-json\/wp\/v2\/types\/page"}],"author":[{"embeddable":true,"href":"https:\/\/izotex.com\/tr\/wp-json\/wp\/v2\/users\/1"}],"replies":[{"embeddable":true,"href":"https:\/\/izotex.com\/tr\/wp-json\/wp\/v2\/comments?post=2201"}],"version-history":[{"count":18,"href":"https:\/\/izotex.com\/tr\/wp-json\/wp\/v2\/pages\/2201\/revisions"}],"predecessor-version":[{"id":2589,"href":"https:\/\/izotex.com\/tr\/wp-json\/wp\/v2\/pages\/2201\/revisions\/2589"}],"wp:attachment":[{"href":"https:\/\/izotex.com\/tr\/wp-json\/wp\/v2\/media?parent=2201"}],"curies":[{"name":"wp","href":"https:\/\/api.w.org\/{rel}","templated":true}]}}