{"id":113,"date":"2024-11-19T10:57:32","date_gmt":"2024-11-19T10:57:32","guid":{"rendered":"https:\/\/izotex.canturan.dev\/?page_id=113"},"modified":"2025-11-05T12:03:35","modified_gmt":"2025-11-05T12:03:35","slug":"urunler","status":"publish","type":"page","link":"https:\/\/izotex.com\/tr\/urunler\/","title":{"rendered":"\u00dcr\u00fcnler"},"content":{"rendered":"\n\t<section class=\"section\" id=\"section_1173869924\">\n\t\t<div class=\"section-bg fill\" >\n\t\t\t\t\t\t\t\t\t\n\t\t\t\n\n\t\t<\/div>\n\n\t\t\n\n\t\t<div class=\"section-content relative\">\n\t\t\t\n\n  <div class=\"banner has-hover\" id=\"banner-770620827\">\n          <div class=\"banner-inner fill\">\n        <div class=\"banner-bg fill\" >\n            <img decoding=\"async\" width=\"1\" height=\"1\" src=\"https:\/\/izotex.com\/wp-content\/uploads\/2025\/01\/izotex-giris-urunler-arkaplan.svg\" class=\"bg attachment-large size-large\" alt=\"IZOTEX yal\u0131t\u0131m \u00e7\u00f6z\u00fcmleriyle g\u00fc\u00e7lendirilmi\u015f modern bir bina g\u00f6rseli.\" \/>                        <div class=\"overlay\"><\/div>            \n                    <\/div>\n\t\t\n        <div class=\"banner-layers container\">\n            <div class=\"fill banner-link\"><\/div>            \n   <div id=\"text-box-361682054\" class=\"text-box banner-layer x50 md-x95 lg-x95 y100 md-y50 lg-y50 res-text\">\n                     <div data-animate=\"fadeInRight\">           <div class=\"text-box-content text \">\n              \n              <div class=\"text-inner text-center\">\n                  \n\t<div id=\"text-3168214651\" class=\"text\">\n\t\t\n<h1><strong>T\u00fcm Su Yal\u0131t\u0131m \u00dcr\u00fcnlerimiz<br \/>\n<\/strong><\/h1>\n\t\t\n<style>\n#text-3168214651 {\n  font-size: 0.75rem;\n  text-align: center;\n}\n<\/style>\n\t<\/div>\n\t\n\t<div id=\"text-422333756\" class=\"text bloklama\">\n\t\t\n<p>IZOTEX \u00fcr\u00fcnleri, binalar\u0131n her alan\u0131nda m\u00fckemmel yal\u0131t\u0131m \u00e7\u00f6z\u00fcmleri sunarak yap\u0131lar\u0131n uzun \u00f6m\u00fcrl\u00fc ve dayan\u0131kl\u0131 olmas\u0131n\u0131 sa\u011flar. Banyo, balkon, teras gibi \u0131slak hacimlerde seramik alt\u0131 su yal\u0131t\u0131m\u0131ndan, pencerelerde do\u011frama kenarlar\u0131nda g\u00fc\u00e7l\u00fc su ve hava s\u0131zd\u0131rmazl\u0131\u011f\u0131na kadar bir\u00e7ok farkl\u0131 kullan\u0131m alan\u0131nda etkilidir. IZOTEX, her t\u00fcrl\u00fc in\u015faat ihtiyac\u0131na \u00e7\u00f6z\u00fcm getiren pratik ve dayan\u0131kl\u0131 \u00fcr\u00fcnler sunar.<\/p>\n<p>Her alanda g\u00fc\u00e7l\u00fc yap\u0131\u015fma, m\u00fckemmel izolasyon ve uzun s\u00fcreli performans sa\u011flayan IZOTEX, yap\u0131lar\u0131n su ve hava ge\u00e7i\u015fine kar\u015f\u0131 tam koruma sa\u011flar. Binalar\u0131n\u0131z\u0131n her k\u00f6\u015fesinde, her y\u00fczeyinde IZOTEX fark\u0131n\u0131 hissedin ve ya\u015fam alanlar\u0131n\u0131z\u0131 g\u00fcvence alt\u0131na al\u0131n.<br \/>\n\t\t\n<style>\n#text-422333756 {\n  text-align: left;\n}\n<\/style>\n\t<\/div>\n\t\n              <\/div>\n           <\/div>\n       <\/div>                     \n<style>\n#text-box-361682054 {\n  width: 90%;\n}\n#text-box-361682054 .text-box-content {\n  font-size: 100%;\n}\n@media (min-width:550px) {\n  #text-box-361682054 {\n    width: 50%;\n  }\n}\n<\/style>\n    <\/div>\n \n   <div id=\"text-box-1838757884\" class=\"text-box banner-layer x50 md-x10 lg-x10 y5 md-y50 lg-y50 res-text\">\n                                <div class=\"text-box-content text dark\">\n              \n              <div class=\"text-inner text-center\">\n                  \n\t<div class=\"img has-hover x md-x lg-x y md-y lg-y\" id=\"image_1561191328\">\n\t\t\t\t\t\t<div data-animate=\"fadeInLeft\">\t\t<div class=\"img-inner dark\" >\n\t\t\t<img decoding=\"async\" width=\"1500\" height=\"1881\" src=\"https:\/\/izotex.com\/wp-content\/uploads\/2025\/01\/izotex-yalitim-cozumleri.png\" class=\"attachment-original size-original\" alt=\"Binalarda su ve hava s\u0131zd\u0131rmazl\u0131\u011f\u0131 sa\u011flayan IZOTEX \u00fcr\u00fcnleri ile dayan\u0131kl\u0131 ve uzun \u00f6m\u00fcrl\u00fc \u00e7\u00f6z\u00fcmler.\" srcset=\"https:\/\/izotex.com\/wp-content\/uploads\/2025\/01\/izotex-yalitim-cozumleri.png 1500w, https:\/\/izotex.com\/wp-content\/uploads\/2025\/01\/izotex-yalitim-cozumleri-239x300.png 239w, https:\/\/izotex.com\/wp-content\/uploads\/2025\/01\/izotex-yalitim-cozumleri-817x1024.png 817w, https:\/\/izotex.com\/wp-content\/uploads\/2025\/01\/izotex-yalitim-cozumleri-768x963.png 768w, https:\/\/izotex.com\/wp-content\/uploads\/2025\/01\/izotex-yalitim-cozumleri-1225x1536.png 1225w\" sizes=\"(max-width: 1500px) 100vw, 1500px\" \/>\t\t\t\t\t\t\n\t\t\t\t\t<\/div>\n\t\t<\/div>\t\t\t\t\t\t\n<style>\n#image_1561191328 {\n  width: 100%;\n}\n<\/style>\n\t<\/div>\n\t\n              <\/div>\n           <\/div>\n                            \n<style>\n#text-box-1838757884 {\n  width: 50%;\n}\n#text-box-1838757884 .text-box-content {\n  font-size: 100%;\n}\n@media (min-width:550px) {\n  #text-box-1838757884 {\n    width: 30%;\n  }\n}\n<\/style>\n    <\/div>\n \n        <\/div>\n      <\/div>\n\n            \n<style>\n#banner-770620827 {\n  padding-top: 550px;\n  background-color: rgb(250, 250, 250);\n}\n#banner-770620827 .overlay {\n  background-color: rgba(250, 250, 250, 0.593);\n}\n#banner-770620827 .banner-bg img {\n  object-position: 100% 45%;\n}\n@media (min-width:550px) {\n  #banner-770620827 {\n    padding-top: 500px;\n  }\n}\n<\/style>\n  <\/div>\n\n\n\t\t<\/div>\n\n\t\t\n<style>\n#section_1173869924 {\n  padding-top: 0px;\n  padding-bottom: 0px;\n}\n<\/style>\n\t<\/section>\n\t\n\n\t<section class=\"section\" id=\"section_1497942831\">\n\t\t<div class=\"section-bg fill\" >\n\t\t\t\t\t\t\t\t\t\n\t\t\t\n\n\t\t<\/div>\n\n\t\t\n\n\t\t<div class=\"section-content relative\">\n\t\t\t\n<div class=\"row row-collapse align-middle align-center\"  id=\"row-650408923\">\n\n\t<div id=\"col-376236669\" class=\"col small-12 large-12\"  data-animate=\"fadeInDown\">\n\t\t\t\t<div class=\"col-inner text-center\"  >\n\t\t\t\n\t\t\t\n\t<div id=\"gap-10057140\" class=\"gap-element clearfix\" style=\"display:block; height:auto;\">\n\t\t\n<style>\n#gap-10057140 {\n  padding-top: 30px;\n}\n<\/style>\n\t<\/div>\n\t\n\n<div class=\"izotex-head divider\">\n<h2 class=\"product-mobile-h2\" style=\"font-size: 24px;\">PROFESYONEL YALITIM \u00c7\u00d6Z\u00dcMLER\u0130 \u0130\u00c7\u0130N \u00dcR\u00dcNLER\u0130M\u0130Z\u0130 KE\u015eFED\u0130N<\/h2>\n<\/div>\n\n\t\t<\/div>\n\t\t\t\t\t<\/div>\n\n\t\n<\/div>\n\t\t<\/div>\n\n\t\t\n<style>\n#section_1497942831 {\n  padding-top: 30px;\n  padding-bottom: 30px;\n}\n<\/style>\n\t<\/section>\n\t\n\n\t<section class=\"section\" id=\"section_1292938138\">\n\t\t<div class=\"section-bg fill\" >\n\t\t\t\t\t\t\t\t\t\n\t\t\t\n\n\t\t<\/div>\n\n\t\t\n\n\t\t<div class=\"section-content relative\">\n\t\t\t\n<div class=\"row\"  id=\"row-456975333\">\n\n\t<div id=\"col-1083881260\" class=\"col medium-3 small-12 large-3\"  data-animate=\"fadeInLeft\">\n\t\t\t\t<div class=\"col-inner\"  >\n\t\t\t\n\t<div class=\"is-border\"\n\t\tstyle=\"border-width:0px 1px 0px 0px;\">\n\t<\/div>\n\t\t\t\n\t<div class=\"box has-hover image-box-products-tr  has-hover box-text-bottom\" >\n\n\t\t<div class=\"box-image\" >\n\t\t\t<a href=\"\/tr\/kor-kasa-yalitim-bantlari\/\" >\t\t\t<div class=\"image-cover\" style=\"padding-top:56.25%;\">\n\t\t\t\t<img decoding=\"async\" width=\"1168\" height=\"696\" src=\"https:\/\/izotex.com\/wp-content\/uploads\/2025\/01\/kor-kasa-yalitim-bandi.jpg\" class=\"attachment-original size-original\" alt=\"Duvar ve k\u00f6r kasa birle\u015fiminde su ve hava ge\u00e7i\u015fini engelleyen g\u00fc\u00e7l\u00fc yap\u0131\u015fkanl\u0131 yal\u0131t\u0131m band\u0131.\" srcset=\"https:\/\/izotex.com\/wp-content\/uploads\/2025\/01\/kor-kasa-yalitim-bandi.jpg 1168w, https:\/\/izotex.com\/wp-content\/uploads\/2025\/01\/kor-kasa-yalitim-bandi-300x179.jpg 300w, https:\/\/izotex.com\/wp-content\/uploads\/2025\/01\/kor-kasa-yalitim-bandi-1024x610.jpg 1024w, https:\/\/izotex.com\/wp-content\/uploads\/2025\/01\/kor-kasa-yalitim-bandi-768x458.jpg 768w\" sizes=\"(max-width: 1168px) 100vw, 1168px\" \/>\t\t\t\t\t\t\t\t\t\t\t<\/div>\n\t\t\t<\/a>\t\t<\/div>\n\n\t\t<div class=\"box-text text-center\" >\n\t\t\t<div class=\"box-text-inner\">\n\t\t\t\t\n<h4 class=\"products-tite-bg\"><strong>PENCERE K\u00d6R KASA YALITIM BANDI<\/strong><\/h4>\n<p>K\u00f6r kasa ile duvar aras\u0131ndaki su ve hava s\u0131zd\u0131rmazl\u0131\u011f\u0131n\u0131 sa\u011flayan, g\u00fc\u00e7l\u00fc yap\u0131\u015fkan\u0131yla kolayca uygulanabilen, s\u0131va tutabilen bir yal\u0131t\u0131m band\u0131d\u0131r.<\/p>\n<a href=\"\/tr\/kor-kasa-yalitim-bantlari\/\" class=\"button secondary is-link lowercase button-product hover-shadow\"  style=\"border-radius:15px;\">\n\t\t<span>\u00dcr\u00fcnleri \u0130ncele<\/span>\n\t<i class=\"icon-angle-right\" aria-hidden=\"true\" ><\/i><\/a>\n\n\t\t\t<\/div>\n\t\t<\/div>\n\t<\/div>\n\t\n\t\t<\/div>\n\t\t\t\t\n<style>\n#col-1083881260 > .col-inner {\n  padding: 1px 1px 1px 1px;\n}\n<\/style>\n\t<\/div>\n\n\t\n\n\t<div id=\"col-1449549105\" class=\"col medium-3 small-12 large-3\"  data-animate=\"fadeInLeft\">\n\t\t\t\t<div class=\"col-inner\"  >\n\t\t\t\n\t<div class=\"is-border\"\n\t\tstyle=\"border-width:0px 1px 0px 0px;\">\n\t<\/div>\n\t\t\t\n\t<div class=\"box has-hover image-box-products-tr  has-hover box-text-bottom\" >\n\n\t\t<div class=\"box-image\" >\n\t\t\t<a href=\"\/tr\/tekstil-su-yalitim-membranlari\/\" >\t\t\t<div class=\"image-cover\" style=\"padding-top:56.25%;\">\n\t\t\t\t<img decoding=\"async\" width=\"1775\" height=\"1000\" src=\"https:\/\/izotex.com\/wp-content\/uploads\/2025\/01\/tekstil-su-yalitim-membranlari.jpg\" class=\"attachment-original size-original\" alt=\"Islak hacimlerde \u00fc\u00e7 katmanl\u0131 yap\u0131s\u0131yla su ge\u00e7irmezlik sa\u011flayan tekstil membranlar.\" srcset=\"https:\/\/izotex.com\/wp-content\/uploads\/2025\/01\/tekstil-su-yalitim-membranlari.jpg 1775w, https:\/\/izotex.com\/wp-content\/uploads\/2025\/01\/tekstil-su-yalitim-membranlari-300x169.jpg 300w, https:\/\/izotex.com\/wp-content\/uploads\/2025\/01\/tekstil-su-yalitim-membranlari-1024x577.jpg 1024w, https:\/\/izotex.com\/wp-content\/uploads\/2025\/01\/tekstil-su-yalitim-membranlari-768x433.jpg 768w, https:\/\/izotex.com\/wp-content\/uploads\/2025\/01\/tekstil-su-yalitim-membranlari-1536x865.jpg 1536w\" sizes=\"(max-width: 1775px) 100vw, 1775px\" \/>\t\t\t\t\t\t\t\t\t\t\t<\/div>\n\t\t\t<\/a>\t\t<\/div>\n\n\t\t<div class=\"box-text text-center\" >\n\t\t\t<div class=\"box-text-inner\">\n\t\t\t\t\n<h4><strong> SERAM\u0130K ALTI TEKST\u0130L MEMBRANLAR<\/strong><\/h4>\n<p>\u00dc\u00e7 katmanl\u0131 yap\u0131s\u0131yla \u0131slak hacimlerde su ge\u00e7irmezlik sa\u011flayan, yap\u0131\u015ft\u0131r\u0131c\u0131larla m\u00fckemmel uyumlu, \u00f6zel lifli bir tekstil membrand\u0131r.<\/p>\n<a href=\"\/tr\/tekstil-su-yalitim-membranlari\/\" class=\"button secondary is-link lowercase button-product hover-shadow\"  >\n\t\t<span>\u00dcr\u00fcnleri \u0130ncele<\/span>\n\t<i class=\"icon-angle-right\" aria-hidden=\"true\" ><\/i><\/a>\n\n\t\t\t<\/div>\n\t\t<\/div>\n\t<\/div>\n\t\n\t\t<\/div>\n\t\t\t\t\n<style>\n#col-1449549105 > .col-inner {\n  padding: 1px 1px 1px 1px;\n}\n<\/style>\n\t<\/div>\n\n\t\n\n\t<div id=\"col-4205769\" class=\"col medium-3 small-12 large-3\"  data-animate=\"fadeInLeft\">\n\t\t\t\t<div class=\"col-inner\"  >\n\t\t\t\n\t<div class=\"is-border\"\n\t\tstyle=\"border-width:0px 1px 0px 0px;\">\n\t<\/div>\n\t\t\t\n\t<div class=\"box has-hover image-box-products-tr  has-hover box-text-bottom\" >\n\n\t\t<div class=\"box-image\" >\n\t\t\t<a href=\"\/tr\/kendinden-yapiskanli-membranlar\/izotex-plus\/\" >\t\t\t<div class=\"image-cover\" style=\"padding-top:56.25%;\">\n\t\t\t\t<img decoding=\"async\" width=\"1500\" height=\"845\" src=\"https:\/\/izotex.com\/wp-content\/uploads\/2025\/01\/kendinden-yapiskanli-su-yalitim-membrani.jpg\" class=\"attachment-original size-original\" alt=\"Ba\u015fka yap\u0131\u015ft\u0131r\u0131c\u0131ya gerek duymadan uygulanabilen su yal\u0131t\u0131m membran\u0131.\" srcset=\"https:\/\/izotex.com\/wp-content\/uploads\/2025\/01\/kendinden-yapiskanli-su-yalitim-membrani.jpg 1500w, https:\/\/izotex.com\/wp-content\/uploads\/2025\/01\/kendinden-yapiskanli-su-yalitim-membrani-300x169.jpg 300w, https:\/\/izotex.com\/wp-content\/uploads\/2025\/01\/kendinden-yapiskanli-su-yalitim-membrani-1024x577.jpg 1024w, https:\/\/izotex.com\/wp-content\/uploads\/2025\/01\/kendinden-yapiskanli-su-yalitim-membrani-768x433.jpg 768w\" sizes=\"(max-width: 1500px) 100vw, 1500px\" \/>\t\t\t\t\t\t\t\t\t\t\t<\/div>\n\t\t\t<\/a>\t\t<\/div>\n\n\t\t<div class=\"box-text text-center\" >\n\t\t\t<div class=\"box-text-inner\">\n\t\t\t\t\n<h4><strong>KEND\u0130NDEN YAPI\u015eKANLI SU YALITIM MEMBRANI<\/strong><\/h4>\n<p>Ba\u015fka bir yap\u0131\u015ft\u0131r\u0131c\u0131ya ihtiya\u00e7 duymadan uygulanabilen, farkl\u0131 boyutlarda \u00fcretilen ve geni\u015f kullan\u0131m alan\u0131yla kendinden yap\u0131\u015fkanl\u0131 pratik su yal\u0131t\u0131m \u00f6rt\u00fcs\u00fcd\u00fcr.<\/p>\n<a href=\"\/tr\/kendinden-yapiskanli-membranlar\/izotex-plus\/\" class=\"button secondary is-link lowercase button-product hover-shadow\"  style=\"border-radius:15px;\">\n\t\t<span>\u00dcr\u00fcnleri \u0130ncele<\/span>\n\t<i class=\"icon-angle-right\" aria-hidden=\"true\" ><\/i><\/a>\n\n\t\t\t<\/div>\n\t\t<\/div>\n\t<\/div>\n\t\n\t\t<\/div>\n\t\t\t\t\n<style>\n#col-4205769 > .col-inner {\n  padding: 1px 1px 1px 1px;\n}\n<\/style>\n\t<\/div>\n\n\t\n\n\t<div id=\"col-1338295463\" class=\"col medium-3 small-12 large-3\"  data-animate=\"fadeInLeft\">\n\t\t\t\t<div class=\"col-inner\"  >\n\t\t\t\n\t\t\t\n\t<div class=\"box has-hover image-box-products-tr  has-hover box-text-bottom\" >\n\n\t\t<div class=\"box-image\" >\n\t\t\t\t\t\t<div class=\"image-cover\" style=\"padding-top:56.25%;\">\n\t\t\t\t<img decoding=\"async\" width=\"1920\" height=\"1080\" src=\"https:\/\/izotex.com\/wp-content\/uploads\/2025\/01\/yalitim-aksesuarlari.jpg\" class=\"attachment-original size-original\" alt=\"K\u00f6\u015fe birle\u015fimlerinde s\u0131zd\u0131rmazl\u0131k sa\u011flayan dayan\u0131kl\u0131 yal\u0131t\u0131m aksesuarlar\u0131\" srcset=\"https:\/\/izotex.com\/wp-content\/uploads\/2025\/01\/yalitim-aksesuarlari.jpg 1920w, https:\/\/izotex.com\/wp-content\/uploads\/2025\/01\/yalitim-aksesuarlari-300x169.jpg 300w, https:\/\/izotex.com\/wp-content\/uploads\/2025\/01\/yalitim-aksesuarlari-1024x576.jpg 1024w, https:\/\/izotex.com\/wp-content\/uploads\/2025\/01\/yalitim-aksesuarlari-768x432.jpg 768w, https:\/\/izotex.com\/wp-content\/uploads\/2025\/01\/yalitim-aksesuarlari-1536x864.jpg 1536w\" sizes=\"(max-width: 1920px) 100vw, 1920px\" \/>\t\t\t\t\t\t\t\t\t\t\t<\/div>\n\t\t\t\t\t<\/div>\n\n\t\t<div class=\"box-text text-center\" >\n\t\t\t<div class=\"box-text-inner\">\n\t\t\t\t\n<h4><strong>YALITIM AKSESUARLARI<\/strong><\/h4>\n<p>Zorlu alanlarda k\u00f6\u015fe birle\u015fimlerinde etkili s\u0131zd\u0131rmazl\u0131k sa\u011flayan, dayan\u0131kl\u0131 ve uzun \u00f6m\u00fcrl\u00fc tamamlay\u0131c\u0131 yal\u0131t\u0131m \u00fcr\u00fcnleridir.<\/p>\n<a class=\"button secondary is-link lowercase button-product hover-shadow\"  style=\"border-radius:15px;\">\n\t\t<span>\u00dcr\u00fcnleri \u0130ncele<\/span>\n\t<i class=\"icon-angle-right\" aria-hidden=\"true\" ><\/i><\/a>\n\n\t\t\t<\/div>\n\t\t<\/div>\n\t<\/div>\n\t\n\t\t<\/div>\n\t\t\t\t\n<style>\n#col-1338295463 > .col-inner {\n  padding: 1px 1px 1px 1px;\n}\n<\/style>\n\t<\/div>\n\n\t\n<\/div>\n\t\t<\/div>\n\n\t\t\n<style>\n#section_1292938138 {\n  padding-top: 30px;\n  padding-bottom: 30px;\n}\n<\/style>\n\t<\/section>\n\t\n","protected":false},"excerpt":{"rendered":"","protected":false},"author":1,"featured_media":0,"parent":0,"menu_order":0,"comment_status":"closed","ping_status":"closed","template":"page-blank.php","meta":{"footnotes":""},"class_list":["post-113","page","type-page","status-publish","hentry"],"aioseo_notices":[],"yoast_head":"<!-- This site is optimized with the Yoast SEO plugin v25.5 - https:\/\/yoast.com\/wordpress\/plugins\/seo\/ -->\n<title>\u00dcr\u00fcnler - Su Yal\u0131t\u0131m \u00c7\u00f6z\u00fcmleri | \u0130zotex<\/title>\n<meta name=\"description\" content=\"\u0130zotex \u00fcr\u00fcnleri ile \u00fcst\u00fcn su yal\u0131t\u0131m\u0131 sa\u011flay\u0131n. Dayan\u0131kl\u0131 membranlar, yal\u0131t\u0131m bantlar\u0131 ve g\u00fcvenilir \u00e7\u00f6z\u00fcmlerle projelerinizi koruma alt\u0131na al\u0131n.\" \/>\n<meta name=\"robots\" content=\"index, follow, max-snippet:-1, max-image-preview:large, max-video-preview:-1\" \/>\n<link rel=\"canonical\" href=\"https:\/\/izotex.com\/tr\/urunler\/\" \/>\n<meta property=\"og:locale\" content=\"tr_TR\" \/>\n<meta property=\"og:type\" content=\"article\" \/>\n<meta property=\"og:title\" content=\"\u00dcr\u00fcnler - Su Yal\u0131t\u0131m \u00c7\u00f6z\u00fcmleri | \u0130zotex\" \/>\n<meta property=\"og:description\" content=\"\u0130zotex \u00fcr\u00fcnleri ile \u00fcst\u00fcn su yal\u0131t\u0131m\u0131 sa\u011flay\u0131n. Dayan\u0131kl\u0131 membranlar, yal\u0131t\u0131m bantlar\u0131 ve g\u00fcvenilir \u00e7\u00f6z\u00fcmlerle projelerinizi koruma alt\u0131na al\u0131n.\" \/>\n<meta property=\"og:url\" content=\"https:\/\/izotex.com\/tr\/urunler\/\" \/>\n<meta property=\"og:site_name\" content=\"\u0130zotex\" \/>\n<meta property=\"article:modified_time\" content=\"2025-11-05T12:03:35+00:00\" \/>\n<meta name=\"twitter:card\" content=\"summary_large_image\" \/>\n<meta name=\"twitter:label1\" content=\"Tahmini okuma s\u00fcresi\" \/>\n\t<meta name=\"twitter:data1\" content=\"2 dakika\" \/>\n<script type=\"application\/ld+json\" class=\"yoast-schema-graph\">{\"@context\":\"https:\/\/schema.org\",\"@graph\":[{\"@type\":\"WebPage\",\"@id\":\"https:\/\/izotex.com\/tr\/urunler\/\",\"url\":\"https:\/\/izotex.com\/tr\/urunler\/\",\"name\":\"\u00dcr\u00fcnler - Su Yal\u0131t\u0131m \u00c7\u00f6z\u00fcmleri | \u0130zotex\",\"isPartOf\":{\"@id\":\"https:\/\/izotex.com\/en\/#website\"},\"datePublished\":\"2024-11-19T10:57:32+00:00\",\"dateModified\":\"2025-11-05T12:03:35+00:00\",\"description\":\"\u0130zotex \u00fcr\u00fcnleri ile \u00fcst\u00fcn su yal\u0131t\u0131m\u0131 sa\u011flay\u0131n. Dayan\u0131kl\u0131 membranlar, yal\u0131t\u0131m bantlar\u0131 ve g\u00fcvenilir \u00e7\u00f6z\u00fcmlerle projelerinizi koruma alt\u0131na al\u0131n.\",\"breadcrumb\":{\"@id\":\"https:\/\/izotex.com\/tr\/urunler\/#breadcrumb\"},\"inLanguage\":\"tr\",\"potentialAction\":[{\"@type\":\"ReadAction\",\"target\":[\"https:\/\/izotex.com\/tr\/urunler\/\"]}]},{\"@type\":\"BreadcrumbList\",\"@id\":\"https:\/\/izotex.com\/tr\/urunler\/#breadcrumb\",\"itemListElement\":[{\"@type\":\"ListItem\",\"position\":1,\"name\":\"Home\",\"item\":\"https:\/\/izotex.com\/tr\/\"},{\"@type\":\"ListItem\",\"position\":2,\"name\":\"\u00dcr\u00fcnler\"}]},{\"@type\":\"WebSite\",\"@id\":\"https:\/\/izotex.com\/en\/#website\",\"url\":\"https:\/\/izotex.com\/en\/\",\"name\":\"\u0130zotex\",\"description\":\"\",\"potentialAction\":[{\"@type\":\"SearchAction\",\"target\":{\"@type\":\"EntryPoint\",\"urlTemplate\":\"https:\/\/izotex.com\/en\/?s={search_term_string}\"},\"query-input\":{\"@type\":\"PropertyValueSpecification\",\"valueRequired\":true,\"valueName\":\"search_term_string\"}}],\"inLanguage\":\"tr\"}]}<\/script>\n<!-- \/ Yoast SEO plugin. -->","yoast_head_json":{"title":"\u00dcr\u00fcnler - Su Yal\u0131t\u0131m \u00c7\u00f6z\u00fcmleri | \u0130zotex","description":"\u0130zotex \u00fcr\u00fcnleri ile \u00fcst\u00fcn su yal\u0131t\u0131m\u0131 sa\u011flay\u0131n. Dayan\u0131kl\u0131 membranlar, yal\u0131t\u0131m bantlar\u0131 ve g\u00fcvenilir \u00e7\u00f6z\u00fcmlerle projelerinizi koruma alt\u0131na al\u0131n.","robots":{"index":"index","follow":"follow","max-snippet":"max-snippet:-1","max-image-preview":"max-image-preview:large","max-video-preview":"max-video-preview:-1"},"canonical":"https:\/\/izotex.com\/tr\/urunler\/","og_locale":"tr_TR","og_type":"article","og_title":"\u00dcr\u00fcnler - Su Yal\u0131t\u0131m \u00c7\u00f6z\u00fcmleri | \u0130zotex","og_description":"\u0130zotex \u00fcr\u00fcnleri ile \u00fcst\u00fcn su yal\u0131t\u0131m\u0131 sa\u011flay\u0131n. Dayan\u0131kl\u0131 membranlar, yal\u0131t\u0131m bantlar\u0131 ve g\u00fcvenilir \u00e7\u00f6z\u00fcmlerle projelerinizi koruma alt\u0131na al\u0131n.","og_url":"https:\/\/izotex.com\/tr\/urunler\/","og_site_name":"\u0130zotex","article_modified_time":"2025-11-05T12:03:35+00:00","twitter_card":"summary_large_image","twitter_misc":{"Tahmini okuma s\u00fcresi":"2 dakika"},"schema":{"@context":"https:\/\/schema.org","@graph":[{"@type":"WebPage","@id":"https:\/\/izotex.com\/tr\/urunler\/","url":"https:\/\/izotex.com\/tr\/urunler\/","name":"\u00dcr\u00fcnler - Su Yal\u0131t\u0131m \u00c7\u00f6z\u00fcmleri | \u0130zotex","isPartOf":{"@id":"https:\/\/izotex.com\/en\/#website"},"datePublished":"2024-11-19T10:57:32+00:00","dateModified":"2025-11-05T12:03:35+00:00","description":"\u0130zotex \u00fcr\u00fcnleri ile \u00fcst\u00fcn su yal\u0131t\u0131m\u0131 sa\u011flay\u0131n. Dayan\u0131kl\u0131 membranlar, yal\u0131t\u0131m bantlar\u0131 ve g\u00fcvenilir \u00e7\u00f6z\u00fcmlerle projelerinizi koruma alt\u0131na al\u0131n.","breadcrumb":{"@id":"https:\/\/izotex.com\/tr\/urunler\/#breadcrumb"},"inLanguage":"tr","potentialAction":[{"@type":"ReadAction","target":["https:\/\/izotex.com\/tr\/urunler\/"]}]},{"@type":"BreadcrumbList","@id":"https:\/\/izotex.com\/tr\/urunler\/#breadcrumb","itemListElement":[{"@type":"ListItem","position":1,"name":"Home","item":"https:\/\/izotex.com\/tr\/"},{"@type":"ListItem","position":2,"name":"\u00dcr\u00fcnler"}]},{"@type":"WebSite","@id":"https:\/\/izotex.com\/en\/#website","url":"https:\/\/izotex.com\/en\/","name":"\u0130zotex","description":"","potentialAction":[{"@type":"SearchAction","target":{"@type":"EntryPoint","urlTemplate":"https:\/\/izotex.com\/en\/?s={search_term_string}"},"query-input":{"@type":"PropertyValueSpecification","valueRequired":true,"valueName":"search_term_string"}}],"inLanguage":"tr"}]}},"_links":{"self":[{"href":"https:\/\/izotex.com\/tr\/wp-json\/wp\/v2\/pages\/113","targetHints":{"allow":["GET"]}}],"collection":[{"href":"https:\/\/izotex.com\/tr\/wp-json\/wp\/v2\/pages"}],"about":[{"href":"https:\/\/izotex.com\/tr\/wp-json\/wp\/v2\/types\/page"}],"author":[{"embeddable":true,"href":"https:\/\/izotex.com\/tr\/wp-json\/wp\/v2\/users\/1"}],"replies":[{"embeddable":true,"href":"https:\/\/izotex.com\/tr\/wp-json\/wp\/v2\/comments?post=113"}],"version-history":[{"count":65,"href":"https:\/\/izotex.com\/tr\/wp-json\/wp\/v2\/pages\/113\/revisions"}],"predecessor-version":[{"id":2570,"href":"https:\/\/izotex.com\/tr\/wp-json\/wp\/v2\/pages\/113\/revisions\/2570"}],"wp:attachment":[{"href":"https:\/\/izotex.com\/tr\/wp-json\/wp\/v2\/media?parent=113"}],"curies":[{"name":"wp","href":"https:\/\/api.w.org\/{rel}","templated":true}]}}