{"id":1024,"date":"2024-11-26T12:31:14","date_gmt":"2024-11-26T12:31:14","guid":{"rendered":"https:\/\/izotex.canturan.dev\/?page_id=1024"},"modified":"2025-07-29T08:05:12","modified_gmt":"2025-07-29T08:05:12","slug":"iletisim","status":"publish","type":"page","link":"https:\/\/izotex.com\/tr\/iletisim\/","title":{"rendered":"\u0130leti\u015fim"},"content":{"rendered":"\n\t<section class=\"section\" id=\"section_128931860\">\n\t\t<div class=\"section-bg fill\" >\n\t\t\t<img decoding=\"async\" width=\"2560\" height=\"1280\" src=\"https:\/\/izotex.com\/wp-content\/uploads\/2025\/01\/bize-ulasin-izotex-ile-ilk-adimi-atin.jpg\" class=\"bg attachment-original size-original\" alt=\"Bize Ula\u015f\u0131n - Sizin \u0130\u00e7in Buraday\u0131z, Sorular\u0131n\u0131z\u0131 Yan\u0131tl\u0131yoruz.\" \/>\t\t\t\t\t\t<div class=\"section-bg-overlay absolute fill\"><\/div>\n\t\t\t\n\n\t\t<\/div>\n\n\t\t\n\n\t\t<div class=\"section-content relative\">\n\t\t\t\n<div class=\"row align-middle align-center\"  id=\"row-2079473694\">\n\n\t<div id=\"col-1385041532\" class=\"col small-12 large-12\"  >\n\t\t\t\t<div class=\"col-inner\"  >\n\t\t\t\n\t\t\t\n\n<div class=\"izotex-head divider\" style=\"color: white;\">Bize Ula\u015f\u0131n<\/div>\n<p><span style=\"color: white;\">IZOTEX olarak, sorular\u0131n\u0131z\u0131 yan\u0131tlamak ve ihtiya\u00e7lar\u0131n\u0131za en uygun \u00e7\u00f6z\u00fcmleri sunmak i\u00e7in buraday\u0131z. \u00dcr\u00fcnlerimiz, hizmetlerimiz veya i\u015f birli\u011fi f\u0131rsatlar\u0131 hakk\u0131nda detayl\u0131 bilgi almak isterseniz bizimle ileti\u015fime ge\u00e7mekten \u00e7ekinmeyin.<\/span><\/p>\n\n\t\t<\/div>\n\t\t\t\t\t<\/div>\n\n\t\n<\/div>\n\t\t<\/div>\n\n\t\t\n<style>\n#section_128931860 {\n  padding-top: 90px;\n  padding-bottom: 90px;\n  margin-bottom: -110px;\n}\n#section_128931860 .section-bg-overlay {\n  background-color: rgba(0, 160, 227, 0.855);\n}\n<\/style>\n\t<\/section>\n\t\n\n\t<section class=\"section\" id=\"section_1480104264\">\n\t\t<div class=\"section-bg fill\" >\n\t\t\t\t\t\t\t\t\t\n\t\t\t\n\n\t\t<\/div>\n\n\t\t\n\n\t\t<div class=\"section-content relative\">\n\t\t\t\n<div class=\"row align-equal\"  id=\"row-655773422\">\n\n\t<div id=\"col-1125838314\" class=\"col medium-3 small-12 large-3\"  >\n\t\t\t\t<div class=\"col-inner\" style=\"background-color:rgb(255,255,255);\" >\n\t\t\t\n\t<div class=\"is-border\"\n\t\tstyle=\"border-width:1px 1px 1px 1px;\">\n\t<\/div>\n\t\t\t\n\n\t<a class=\"plain\" href=\"tel:+902128868370\" >\t<div class=\"icon-box featured-box icon-box-center text-center\"  >\n\t\t\t\t\t<div class=\"icon-box-img\" style=\"width: 40px\">\n\t\t\t\t<div class=\"icon\">\n\t\t\t\t\t<div class=\"icon-inner\" >\n\t\t\t\t\t\t<?xml version=\"1.0\" encoding=\"iso-8859-1\"?>\r\n<!-- Generator: Adobe Illustrator 19.0.0, SVG Export Plug-In . SVG Version: 6.00 Build 0)  -->\r\n<svg version=\"1.1\" id=\"Capa_1\" xmlns=\"http:\/\/www.w3.org\/2000\/svg\" xmlns:xlink=\"http:\/\/www.w3.org\/1999\/xlink\" x=\"0px\" y=\"0px\"\r\n\t viewBox=\"0 0 513.64 513.64\" style=\"enable-background:new 0 0 513.64 513.64;\" xml:space=\"preserve\">\r\n<g>\r\n\t<g>\r\n\t\t<path d=\"M499.66,376.96l-71.68-71.68c-25.6-25.6-69.12-15.359-79.36,17.92c-7.68,23.041-33.28,35.841-56.32,30.72\r\n\t\t\tc-51.2-12.8-120.32-79.36-133.12-133.12c-7.68-23.041,7.68-48.641,30.72-56.32c33.28-10.24,43.52-53.76,17.92-79.36l-71.68-71.68\r\n\t\t\tc-20.48-17.92-51.2-17.92-69.12,0l-48.64,48.64c-48.64,51.2,5.12,186.88,125.44,307.2c120.32,120.32,256,176.641,307.2,125.44\r\n\t\t\tl48.64-48.64C517.581,425.6,517.581,394.88,499.66,376.96z\"\/>\r\n\t<\/g>\r\n<\/g>\r\n<g>\r\n<\/g>\r\n<g>\r\n<\/g>\r\n<g>\r\n<\/g>\r\n<g>\r\n<\/g>\r\n<g>\r\n<\/g>\r\n<g>\r\n<\/g>\r\n<g>\r\n<\/g>\r\n<g>\r\n<\/g>\r\n<g>\r\n<\/g>\r\n<g>\r\n<\/g>\r\n<g>\r\n<\/g>\r\n<g>\r\n<\/g>\r\n<g>\r\n<\/g>\r\n<g>\r\n<\/g>\r\n<g>\r\n<\/g>\r\n<\/svg>\r\n\t\t\t\t\t<\/div>\n\t\t\t\t<\/div>\n\t\t\t<\/div>\n\t\t\t\t<div class=\"icon-box-text last-reset\">\n\t\t\t\t\t\t\t\t\t\n\t<div id=\"text-2891833305\" class=\"text\">\n\t\t\n<p>+90 (212) 886 83 70<br \/>\n\t\t\n<style>\n#text-2891833305 {\n  font-size: 0.9rem;\n}\n<\/style>\n\t<\/div>\n\t\n\t\t<\/div>\n\t<\/div>\n\t<\/a>\n\t\n\t\t<\/div>\n\t\t\t\t\n<style>\n#col-1125838314 > .col-inner {\n  padding: 20px 20px 20px 20px;\n}\n<\/style>\n\t<\/div>\n\n\t\n\n\t<div id=\"col-1714839468\" class=\"col medium-3 small-12 large-3\"  >\n\t\t\t\t<div class=\"col-inner\" style=\"background-color:rgb(255,255,255);\" >\n\t\t\t\n\t<div class=\"is-border\"\n\t\tstyle=\"border-width:1px 1px 1px 1px;\">\n\t<\/div>\n\t\t\t\n\n\t\t<div class=\"icon-box featured-box icon-box-center text-center\"  >\n\t\t\t\t\t<div class=\"icon-box-img\" style=\"width: 40px\">\n\t\t\t\t<div class=\"icon\">\n\t\t\t\t\t<div class=\"icon-inner\" >\n\t\t\t\t\t\t<?xml version=\"1.0\" encoding=\"iso-8859-1\"?>\r\n<!-- Generator: Adobe Illustrator 19.0.0, SVG Export Plug-In . SVG Version: 6.00 Build 0)  -->\r\n<svg version=\"1.1\" id=\"Layer_1\" xmlns=\"http:\/\/www.w3.org\/2000\/svg\" xmlns:xlink=\"http:\/\/www.w3.org\/1999\/xlink\" x=\"0px\" y=\"0px\"\r\n\t viewBox=\"0 0 512 512\" style=\"enable-background:new 0 0 512 512;\" xml:space=\"preserve\">\r\n<g>\r\n\t<g>\r\n\t\t<path d=\"M256,0C153.755,0,70.573,83.182,70.573,185.426c0,126.888,165.939,313.167,173.004,321.035\r\n\t\t\tc6.636,7.391,18.222,7.378,24.846,0c7.065-7.868,173.004-194.147,173.004-321.035C441.425,83.182,358.244,0,256,0z M256,278.719\r\n\t\t\tc-51.442,0-93.292-41.851-93.292-93.293S204.559,92.134,256,92.134s93.291,41.851,93.291,93.293S307.441,278.719,256,278.719z\"\/>\r\n\t<\/g>\r\n<\/g>\r\n<g>\r\n<\/g>\r\n<g>\r\n<\/g>\r\n<g>\r\n<\/g>\r\n<g>\r\n<\/g>\r\n<g>\r\n<\/g>\r\n<g>\r\n<\/g>\r\n<g>\r\n<\/g>\r\n<g>\r\n<\/g>\r\n<g>\r\n<\/g>\r\n<g>\r\n<\/g>\r\n<g>\r\n<\/g>\r\n<g>\r\n<\/g>\r\n<g>\r\n<\/g>\r\n<g>\r\n<\/g>\r\n<g>\r\n<\/g>\r\n<\/svg>\r\n\t\t\t\t\t<\/div>\n\t\t\t\t<\/div>\n\t\t\t<\/div>\n\t\t\t\t<div class=\"icon-box-text last-reset\">\n\t\t\t\t\t\t\t\t\t\n\t<div id=\"text-2634444631\" class=\"text\">\n\t\t\n<p>23 Nisan Cd. No:2\/A 34520<br \/>\nBeylikd\u00fcz\u00fc \/ \u0130stanbul \/ TURKEY<br \/>\n\t\t\n<style>\n#text-2634444631 {\n  font-size: 0.9rem;\n}\n<\/style>\n\t<\/div>\n\t\n\t\t<\/div>\n\t<\/div>\n\t\n\t\n\t\t<\/div>\n\t\t\t\t\n<style>\n#col-1714839468 > .col-inner {\n  padding: 20px 20px 20px 20px;\n}\n<\/style>\n\t<\/div>\n\n\t\n\n\t<div id=\"col-888965088\" class=\"col medium-3 small-12 large-3\"  >\n\t\t\t\t<div class=\"col-inner\" style=\"background-color:rgb(255,255,255);\" >\n\t\t\t\n\t<div class=\"is-border\"\n\t\tstyle=\"border-width:1px 1px 1px 1px;\">\n\t<\/div>\n\t\t\t\n\n\t<a class=\"plain\" href=\"https:\/\/api.whatsapp.com\/send\/?phone=%2B905333737192&#038;text&#038;type=phone_number&#038;app_absent=0\" >\t<div class=\"icon-box featured-box icon-box-center text-center\"  >\n\t\t\t\t\t<div class=\"icon-box-img\" style=\"width: 40px\">\n\t\t\t\t<div class=\"icon\">\n\t\t\t\t\t<div class=\"icon-inner\" >\n\t\t\t\t\t\t<svg height=\"682pt\" viewBox=\"-23 -21 682 682.66669\" width=\"682pt\" xmlns=\"http:\/\/www.w3.org\/2000\/svg\"><path d=\"m544.386719 93.007812c-59.875-59.945312-139.503907-92.9726558-224.335938-93.007812-174.804687 0-317.070312 142.261719-317.140625 317.113281-.023437 55.894531 14.578125 110.457031 42.332032 158.550781l-44.992188 164.335938 168.121094-44.101562c46.324218 25.269531 98.476562 38.585937 151.550781 38.601562h.132813c174.785156 0 317.066406-142.273438 317.132812-317.132812.035156-84.742188-32.921875-164.417969-92.800781-224.359376zm-224.335938 487.933594h-.109375c-47.296875-.019531-93.683594-12.730468-134.160156-36.742187l-9.621094-5.714844-99.765625 26.171875 26.628907-97.269531-6.269532-9.972657c-26.386718-41.96875-40.320312-90.476562-40.296875-140.28125.054688-145.332031 118.304688-263.570312 263.699219-263.570312 70.40625.023438 136.589844 27.476562 186.355469 77.300781s77.15625 116.050781 77.132812 186.484375c-.0625 145.34375-118.304687 263.59375-263.59375 263.59375zm144.585938-197.417968c-7.921875-3.96875-46.882813-23.132813-54.148438-25.78125-7.257812-2.644532-12.546875-3.960938-17.824219 3.96875-5.285156 7.929687-20.46875 25.78125-25.09375 31.066406-4.625 5.289062-9.242187 5.953125-17.167968 1.984375-7.925782-3.964844-33.457032-12.335938-63.726563-39.332031-23.554687-21.011719-39.457031-46.960938-44.082031-54.890626-4.617188-7.9375-.039062-11.8125 3.476562-16.171874 8.578126-10.652344 17.167969-21.820313 19.808594-27.105469 2.644532-5.289063 1.320313-9.917969-.664062-13.882813-1.976563-3.964844-17.824219-42.96875-24.425782-58.839844-6.4375-15.445312-12.964843-13.359374-17.832031-13.601562-4.617187-.230469-9.902343-.277344-15.1875-.277344-5.28125 0-13.867187 1.980469-21.132812 9.917969-7.261719 7.933594-27.730469 27.101563-27.730469 66.105469s28.394531 76.683594 32.355469 81.972656c3.960937 5.289062 55.878906 85.328125 135.367187 119.648438 18.90625 8.171874 33.664063 13.042968 45.175782 16.695312 18.984374 6.03125 36.253906 5.179688 49.910156 3.140625 15.226562-2.277344 46.878906-19.171875 53.488281-37.679687 6.601563-18.511719 6.601563-34.375 4.617187-37.683594-1.976562-3.304688-7.261718-5.285156-15.183593-9.253906zm0 0\" fill-rule=\"evenodd\"\/><\/svg>\t\t\t\t\t<\/div>\n\t\t\t\t<\/div>\n\t\t\t<\/div>\n\t\t\t\t<div class=\"icon-box-text last-reset\">\n\t\t\t\t\t\t\t\t\t\n\t<div id=\"text-1026662095\" class=\"text\">\n\t\t\n<p>+90 533 373 71 92<br \/>\n\t\t\n<style>\n#text-1026662095 {\n  font-size: 0.9rem;\n}\n<\/style>\n\t<\/div>\n\t\n\t\t<\/div>\n\t<\/div>\n\t<\/a>\n\t\n\t\t<\/div>\n\t\t\t\t\n<style>\n#col-888965088 > .col-inner {\n  padding: 20px 20px 20px 20px;\n}\n<\/style>\n\t<\/div>\n\n\t\n\n\t<div id=\"col-1305557090\" class=\"col medium-3 small-12 large-3\"  >\n\t\t\t\t<div class=\"col-inner\" style=\"background-color:rgb(255,255,255);\" >\n\t\t\t\n\t<div class=\"is-border\"\n\t\tstyle=\"border-width:1px 1px 1px 1px;\">\n\t<\/div>\n\t\t\t\n\n\t<a class=\"plain\" href=\"mailto:info@izotex.com\" >\t<div class=\"icon-box featured-box icon-box-center text-center\"  >\n\t\t\t\t\t<div class=\"icon-box-img\" style=\"width: 40px\">\n\t\t\t\t<div class=\"icon\">\n\t\t\t\t\t<div class=\"icon-inner\" >\n\t\t\t\t\t\t<?xml version=\"1.0\" encoding=\"iso-8859-1\"?>\r\n<!-- Generator: Adobe Illustrator 19.0.0, SVG Export Plug-In . SVG Version: 6.00 Build 0)  -->\r\n<svg version=\"1.1\" id=\"Capa_1\" xmlns=\"http:\/\/www.w3.org\/2000\/svg\" xmlns:xlink=\"http:\/\/www.w3.org\/1999\/xlink\" x=\"0px\" y=\"0px\"\r\n\t viewBox=\"0 0 512 512\" style=\"enable-background:new 0 0 512 512;\" xml:space=\"preserve\">\r\n<g>\r\n\t<g>\r\n\t\t<path d=\"M467,76H45C20.137,76,0,96.262,0,121v270c0,24.885,20.285,45,45,45h422c24.655,0,45-20.03,45-45V121\r\n\t\t\tC512,96.306,491.943,76,467,76z M460.698,106c-9.194,9.145-167.415,166.533-172.878,171.967c-8.5,8.5-19.8,13.18-31.82,13.18\r\n\t\t\ts-23.32-4.681-31.848-13.208C220.478,274.284,64.003,118.634,51.302,106H460.698z M30,384.894V127.125L159.638,256.08L30,384.894z\r\n\t\t\t M51.321,406l129.587-128.763l22.059,21.943c14.166,14.166,33,21.967,53.033,21.967c20.033,0,38.867-7.801,53.005-21.939\r\n\t\t\tl22.087-21.971L460.679,406H51.321z M482,384.894L352.362,256.08L482,127.125V384.894z\"\/>\r\n\t<\/g>\r\n<\/g>\r\n<g>\r\n<\/g>\r\n<g>\r\n<\/g>\r\n<g>\r\n<\/g>\r\n<g>\r\n<\/g>\r\n<g>\r\n<\/g>\r\n<g>\r\n<\/g>\r\n<g>\r\n<\/g>\r\n<g>\r\n<\/g>\r\n<g>\r\n<\/g>\r\n<g>\r\n<\/g>\r\n<g>\r\n<\/g>\r\n<g>\r\n<\/g>\r\n<g>\r\n<\/g>\r\n<g>\r\n<\/g>\r\n<g>\r\n<\/g>\r\n<\/svg>\r\n\t\t\t\t\t<\/div>\n\t\t\t\t<\/div>\n\t\t\t<\/div>\n\t\t\t\t<div class=\"icon-box-text last-reset\">\n\t\t\t\t\t\t\t\t\t\n\t<div id=\"text-3919519945\" class=\"text\">\n\t\t\n<p>info@izotex.com<br \/>\n\t\t\n<style>\n#text-3919519945 {\n  font-size: 0.9rem;\n}\n<\/style>\n\t<\/div>\n\t\n\t\t<\/div>\n\t<\/div>\n\t<\/a>\n\t\n\t\t<\/div>\n\t\t\t\t\n<style>\n#col-1305557090 > .col-inner {\n  padding: 20px 20px 20px 20px;\n}\n<\/style>\n\t<\/div>\n\n\t\n<\/div>\n\t\t<\/div>\n\n\t\t\n<style>\n#section_1480104264 {\n  padding-top: 30px;\n  padding-bottom: 30px;\n}\n<\/style>\n\t<\/section>\n\t\n\n\t<section class=\"section\" id=\"section_935565200\">\n\t\t<div class=\"section-bg fill\" >\n\t\t\t\t\t\t\t\t\t\n\t\t\t\n\n\t\t<\/div>\n\n\t\t\n\n\t\t<div class=\"section-content relative\">\n\t\t\t\n<div class=\"row\"  id=\"row-1935191654\">\n\n\t<div id=\"col-677609708\" class=\"col medium-6 small-12 large-6\"  >\n\t\t\t\t<div class=\"col-inner\"  >\n\t\t\t\n\t\t\t\n\n<div class=\"wpcf7 no-js\" id=\"wpcf7-f1036-o1\" lang=\"tr-TR\" dir=\"ltr\" data-wpcf7-id=\"1036\">\n<div class=\"screen-reader-response\"><p role=\"status\" aria-live=\"polite\" aria-atomic=\"true\"><\/p> <ul><\/ul><\/div>\n<form action=\"\/tr\/wp-json\/wp\/v2\/pages\/1024#wpcf7-f1036-o1\" method=\"post\" class=\"wpcf7-form init\" aria-label=\"\u0130leti\u015fim Formu\" novalidate=\"novalidate\" data-status=\"init\">\n<fieldset class=\"hidden-fields-container\"><input type=\"hidden\" name=\"_wpcf7\" value=\"1036\" \/><input type=\"hidden\" name=\"_wpcf7_version\" value=\"6.1.3\" \/><input type=\"hidden\" name=\"_wpcf7_locale\" value=\"tr_TR\" \/><input type=\"hidden\" name=\"_wpcf7_unit_tag\" value=\"wpcf7-f1036-o1\" \/><input type=\"hidden\" name=\"_wpcf7_container_post\" value=\"0\" \/><input type=\"hidden\" name=\"_wpcf7_posted_data_hash\" value=\"\" \/>\n<\/fieldset>\n<div class=\"contact-form\">\n\t<p><label class=\"cf-title\">\u0130leti\u015fim Formu<\/label><br \/>\n<label class=\"ct-ext\">Herhangi bir sorunuz veya \u00f6neriniz varsa, a\u015fa\u011f\u0131daki formu doldurarak bizimle ileti\u015fime ge\u00e7ebilirsiniz.<\/label><br \/>\n<label class=\"input form\"><span class=\"wpcf7-form-control-wrap\" data-name=\"isim\"><input size=\"40\" maxlength=\"400\" class=\"wpcf7-form-control wpcf7-text\" aria-invalid=\"false\" placeholder=\"\u0130sim &amp; Soyisim\" value=\"\" type=\"text\" name=\"isim\" \/><\/span><\/label><br \/>\n<label class=\"input form\"><span class=\"wpcf7-form-control-wrap\" data-name=\"email\"><input size=\"40\" maxlength=\"400\" class=\"wpcf7-form-control wpcf7-email wpcf7-text wpcf7-validates-as-email\" aria-invalid=\"false\" placeholder=\"E-Posta Adresiniz\" value=\"\" type=\"email\" name=\"email\" \/><\/span><\/label><br \/>\n<label class=\"input xlarge\"><span class=\"wpcf7-form-control-wrap\" data-name=\"textarea\"><textarea cols=\"40\" rows=\"10\" maxlength=\"2000\" class=\"wpcf7-form-control wpcf7-textarea\" aria-invalid=\"false\" placeholder=\"Mesaj\u0131n\u0131z...\" name=\"textarea\"><\/textarea><\/span><br \/>\n\t\t<div class=\"wpcf7-turnstile cf-turnstile\" data-sitekey=\"0x4AAAAAABjaSOX3MWYn7bJf\" data-response-field-name=\"_wpcf7_turnstile_response\"><\/div><br \/>\n<\/label><label class=\"input send\"><input class=\"wpcf7-form-control wpcf7-submit has-spinner\" type=\"submit\" value=\"G\u00f6nder\" \/><\/label>\n\t<\/p>\n<\/div><div class=\"wpcf7-response-output\" aria-hidden=\"true\"><\/div>\n<\/form>\n<\/div>\n\n\t\t<\/div>\n\t\t\t\t\t<\/div>\n\n\t\n\n\t<div id=\"col-1314586257\" class=\"col medium-6 small-12 large-6\"  >\n\t\t\t\t<div class=\"col-inner\"  >\n\t\t\t\n\t\t\t\n\n<p><iframe style=\"border: 0;\" src=\"https:\/\/www.google.com\/maps\/embed?pb=!1m18!1m12!1m3!1d3008.581003886011!2d28.628167299999998!3d41.056291!2m3!1f0!2f0!3f0!3m2!1i1024!2i768!4f13.1!3m3!1m2!1s0x14b558d5c230392f%3A0xc72dcbd03e53ae49!2sIzotex!5e0!3m2!1str!2str!4v1732624742633!5m2!1str!2str\" width=\"100%\" height=\"450\" allowfullscreen=\"allowfullscreen\"><\/iframe><br \/>\n\n\t\t<\/div>\n\t\t\t\t\t<\/div>\n\n\t\n<\/div>\n\t\t<\/div>\n\n\t\t\n<style>\n#section_935565200 {\n  padding-top: 30px;\n  padding-bottom: 30px;\n}\n<\/style>\n\t<\/section>\n\t\n","protected":false},"excerpt":{"rendered":"","protected":false},"author":1,"featured_media":0,"parent":0,"menu_order":0,"comment_status":"closed","ping_status":"closed","template":"page-blank.php","meta":{"footnotes":""},"class_list":["post-1024","page","type-page","status-publish","hentry"],"aioseo_notices":[],"yoast_head":"<!-- This site is optimized with the Yoast SEO plugin v25.5 - https:\/\/yoast.com\/wordpress\/plugins\/seo\/ -->\n<title>\u0130leti\u015fim - \u0130zotex<\/title>\n<meta name=\"robots\" content=\"index, follow, max-snippet:-1, max-image-preview:large, max-video-preview:-1\" \/>\n<link rel=\"canonical\" href=\"https:\/\/izotex.com\/tr\/iletisim\/\" \/>\n<meta property=\"og:locale\" content=\"tr_TR\" \/>\n<meta property=\"og:type\" content=\"article\" \/>\n<meta property=\"og:title\" content=\"\u0130leti\u015fim - \u0130zotex\" \/>\n<meta property=\"og:url\" content=\"https:\/\/izotex.com\/tr\/iletisim\/\" \/>\n<meta property=\"og:site_name\" content=\"\u0130zotex\" \/>\n<meta property=\"article:modified_time\" content=\"2025-07-29T08:05:12+00:00\" \/>\n<meta name=\"twitter:card\" content=\"summary_large_image\" \/>\n<meta name=\"twitter:label1\" content=\"Tahmini okuma s\u00fcresi\" \/>\n\t<meta name=\"twitter:data1\" content=\"1 dakika\" \/>\n<script type=\"application\/ld+json\" class=\"yoast-schema-graph\">{\"@context\":\"https:\/\/schema.org\",\"@graph\":[{\"@type\":\"WebPage\",\"@id\":\"https:\/\/izotex.com\/tr\/iletisim\/\",\"url\":\"https:\/\/izotex.com\/tr\/iletisim\/\",\"name\":\"\u0130leti\u015fim - \u0130zotex\",\"isPartOf\":{\"@id\":\"https:\/\/izotex.com\/en\/#website\"},\"datePublished\":\"2024-11-26T12:31:14+00:00\",\"dateModified\":\"2025-07-29T08:05:12+00:00\",\"breadcrumb\":{\"@id\":\"https:\/\/izotex.com\/tr\/iletisim\/#breadcrumb\"},\"inLanguage\":\"tr\",\"potentialAction\":[{\"@type\":\"ReadAction\",\"target\":[\"https:\/\/izotex.com\/tr\/iletisim\/\"]}]},{\"@type\":\"BreadcrumbList\",\"@id\":\"https:\/\/izotex.com\/tr\/iletisim\/#breadcrumb\",\"itemListElement\":[{\"@type\":\"ListItem\",\"position\":1,\"name\":\"Home\",\"item\":\"https:\/\/izotex.com\/tr\/\"},{\"@type\":\"ListItem\",\"position\":2,\"name\":\"\u0130leti\u015fim\"}]},{\"@type\":\"WebSite\",\"@id\":\"https:\/\/izotex.com\/en\/#website\",\"url\":\"https:\/\/izotex.com\/en\/\",\"name\":\"\u0130zotex\",\"description\":\"\",\"potentialAction\":[{\"@type\":\"SearchAction\",\"target\":{\"@type\":\"EntryPoint\",\"urlTemplate\":\"https:\/\/izotex.com\/en\/?s={search_term_string}\"},\"query-input\":{\"@type\":\"PropertyValueSpecification\",\"valueRequired\":true,\"valueName\":\"search_term_string\"}}],\"inLanguage\":\"tr\"}]}<\/script>\n<!-- \/ Yoast SEO plugin. -->","yoast_head_json":{"title":"\u0130leti\u015fim - \u0130zotex","robots":{"index":"index","follow":"follow","max-snippet":"max-snippet:-1","max-image-preview":"max-image-preview:large","max-video-preview":"max-video-preview:-1"},"canonical":"https:\/\/izotex.com\/tr\/iletisim\/","og_locale":"tr_TR","og_type":"article","og_title":"\u0130leti\u015fim - \u0130zotex","og_url":"https:\/\/izotex.com\/tr\/iletisim\/","og_site_name":"\u0130zotex","article_modified_time":"2025-07-29T08:05:12+00:00","twitter_card":"summary_large_image","twitter_misc":{"Tahmini okuma s\u00fcresi":"1 dakika"},"schema":{"@context":"https:\/\/schema.org","@graph":[{"@type":"WebPage","@id":"https:\/\/izotex.com\/tr\/iletisim\/","url":"https:\/\/izotex.com\/tr\/iletisim\/","name":"\u0130leti\u015fim - \u0130zotex","isPartOf":{"@id":"https:\/\/izotex.com\/en\/#website"},"datePublished":"2024-11-26T12:31:14+00:00","dateModified":"2025-07-29T08:05:12+00:00","breadcrumb":{"@id":"https:\/\/izotex.com\/tr\/iletisim\/#breadcrumb"},"inLanguage":"tr","potentialAction":[{"@type":"ReadAction","target":["https:\/\/izotex.com\/tr\/iletisim\/"]}]},{"@type":"BreadcrumbList","@id":"https:\/\/izotex.com\/tr\/iletisim\/#breadcrumb","itemListElement":[{"@type":"ListItem","position":1,"name":"Home","item":"https:\/\/izotex.com\/tr\/"},{"@type":"ListItem","position":2,"name":"\u0130leti\u015fim"}]},{"@type":"WebSite","@id":"https:\/\/izotex.com\/en\/#website","url":"https:\/\/izotex.com\/en\/","name":"\u0130zotex","description":"","potentialAction":[{"@type":"SearchAction","target":{"@type":"EntryPoint","urlTemplate":"https:\/\/izotex.com\/en\/?s={search_term_string}"},"query-input":{"@type":"PropertyValueSpecification","valueRequired":true,"valueName":"search_term_string"}}],"inLanguage":"tr"}]}},"_links":{"self":[{"href":"https:\/\/izotex.com\/tr\/wp-json\/wp\/v2\/pages\/1024","targetHints":{"allow":["GET"]}}],"collection":[{"href":"https:\/\/izotex.com\/tr\/wp-json\/wp\/v2\/pages"}],"about":[{"href":"https:\/\/izotex.com\/tr\/wp-json\/wp\/v2\/types\/page"}],"author":[{"embeddable":true,"href":"https:\/\/izotex.com\/tr\/wp-json\/wp\/v2\/users\/1"}],"replies":[{"embeddable":true,"href":"https:\/\/izotex.com\/tr\/wp-json\/wp\/v2\/comments?post=1024"}],"version-history":[{"count":19,"href":"https:\/\/izotex.com\/tr\/wp-json\/wp\/v2\/pages\/1024\/revisions"}],"predecessor-version":[{"id":2488,"href":"https:\/\/izotex.com\/tr\/wp-json\/wp\/v2\/pages\/1024\/revisions\/2488"}],"wp:attachment":[{"href":"https:\/\/izotex.com\/tr\/wp-json\/wp\/v2\/media?parent=1024"}],"curies":[{"name":"wp","href":"https:\/\/api.w.org\/{rel}","templated":true}]}}