{"id":1020,"date":"2024-11-26T12:24:54","date_gmt":"2024-11-26T12:24:54","guid":{"rendered":"https:\/\/izotex.canturan.dev\/?page_id=1020"},"modified":"2025-12-23T12:29:05","modified_gmt":"2025-12-23T12:29:05","slug":"blog","status":"publish","type":"page","link":"https:\/\/izotex.com\/tr\/blog\/","title":{"rendered":"Blog"},"content":{"rendered":"\n\t<section class=\"section\" id=\"section_314152884\">\n\t\t<div class=\"section-bg fill\" >\n\t\t\t\t\t\t\t\t\t\n\t\t\t\n\n\t\t<\/div>\n\n\t\t\n\n\t\t<div class=\"section-content relative\">\n\t\t\t\n<div class=\"row\"  id=\"row-1717622376\">\n\n\t<div id=\"col-1957560943\" class=\"col small-12 large-12\"  >\n\t\t\t\t<div class=\"col-inner\"  >\n\t\t\t\n\t\t\t\n\n<h1>\n<div class=\"izotex-bant bloklama-2\">\n<p>Izotex Blog: Su Yal\u0131t\u0131m\u0131 \u0130pu\u00e7lar\u0131 ve Sekt\u00f6rel Bilgiler<br \/>\n<\/h1>\n<div class=\"izotex-bant-1 bloklama\" style=\"font-size: 1.53rem; margin-top: -10px;\">DAHA FAZLASINI KE\u015eFED\u0130N<\/div>\n<\/div>\n\n\t\t<\/div>\n\t\t\t\t\n<style>\n#col-1957560943 > .col-inner {\n  padding: 0px 0px 0px 0px;\n}\n@media (min-width:550px) {\n  #col-1957560943 > .col-inner {\n    padding: 15px 0px 15px 0px;\n  }\n}\n<\/style>\n\t<\/div>\n\n\t\n\n\t<div id=\"col-1138850323\" class=\"col small-12 large-12\"  >\n\t\t\t\t<div class=\"col-inner\"  >\n\t\t\t\n\t\t\t\n\n  \n    <div class=\"row blog-home large-columns-3 medium-columns-1 small-columns-1\" >\n  <div class=\"col post-item\" >\n\t\t\t<div class=\"col-inner\">\n\t\t\t\t<div class=\"box box-normal box-text-bottom box-blog-post has-hover\">\n            \t\t\t\t\t<div class=\"box-image\" >\n  \t\t\t\t\t\t<div class=\"image-cover\" style=\"padding-top:75%;\">\n\t\t\t\t\t\t\t<a href=\"https:\/\/izotex.com\/tr\/kor-kasa-yalitimi-nedir-pencere-kenarlarindan-su-sizintisi-nasil-onlenir\/\" class=\"plain\" aria-label=\"K\u00f6r Kasa Yal\u0131t\u0131m\u0131 Nedir? Pencere Kenarlar\u0131ndan Su S\u0131z\u0131nt\u0131s\u0131 Nas\u0131l \u00d6nlenir?\">\n\t\t\t\t\t\t\t\t<img decoding=\"async\" width=\"548\" height=\"356\" src=\"https:\/\/izotex.com\/wp-content\/uploads\/2025\/01\/kor-kasa-yalitim-bandi-urun.png\" class=\"attachment-original size-original wp-post-image\" alt=\"K\u00f6r kasa ile duvar birle\u015fiminde kullan\u0131lan \u0130ZOTEX su ge\u00e7irmez ve nefes alabilir yal\u0131t\u0131m band\u0131.\" srcset=\"https:\/\/izotex.com\/wp-content\/uploads\/2025\/01\/kor-kasa-yalitim-bandi-urun.png 548w, https:\/\/izotex.com\/wp-content\/uploads\/2025\/01\/kor-kasa-yalitim-bandi-urun-300x195.png 300w\" sizes=\"(max-width: 548px) 100vw, 548px\" \/>\t\t\t\t\t\t\t<\/a>\n  \t\t\t\t\t\t\t  \t\t\t\t\t\t\t  \t\t\t\t\t\t<\/div>\n  \t\t\t\t\t\t  \t\t\t\t\t<\/div>\n          \t\t\t\t\t<div class=\"box-text text-center\" style=\"background-color:rgb(227, 227, 227);\">\n\t\t\t\t\t<div class=\"box-text-inner blog-post-inner\">\n\n\t\t\t\t\t\n\t\t\t\t\t\t\t\t\t\t<h5 class=\"post-title is-larger \">\n\t\t\t\t\t\t<a href=\"https:\/\/izotex.com\/tr\/kor-kasa-yalitimi-nedir-pencere-kenarlarindan-su-sizintisi-nasil-onlenir\/\" class=\"plain\">K\u00f6r Kasa Yal\u0131t\u0131m\u0131 Nedir? Pencere Kenarlar\u0131ndan Su S\u0131z\u0131nt\u0131s\u0131 Nas\u0131l \u00d6nlenir?<\/a>\n\t\t\t\t\t<\/h5>\n\t\t\t\t\t\t\t\t\t\t<div class=\"is-divider\"><\/div>\n\t\t\t\t\t\t\t\t\t\t<p class=\"from_the_blog_excerpt \">\n\t\t\t\t\t\tBinalarda su s\u0131z\u0131nt\u0131s\u0131 problemleri \u00e7o\u011fu zaman \u00e7at\u0131lardan ya da d\u0131\u015f cephelerden kaynaklan\u0131yormu\u015f gibi d\u00fc\u015f\u00fcn\u00fclse de, ger\u00e7ekte en s\u0131k sorun ya\u015fanan alanlar\u0131n ba\u015f\u0131nda pencere ve kap\u0131 [...]\t\t\t\t\t<\/p>\n\t\t\t\t\t                    \n\t\t\t\t\t\t\t\t\t\t\t<a href=\"https:\/\/izotex.com\/tr\/kor-kasa-yalitimi-nedir-pencere-kenarlarindan-su-sizintisi-nasil-onlenir\/\" class=\"button primary is-underline is-small mb-0\">\n\t\t\t\t\t\t\tDevam\u0131n\u0131 Oku\t\t\t\t\t\t<\/a>\n\t\t\t\t\t\n\t\t\t\t\t\n\t\t\t\t\t<\/div>\n\t\t\t\t\t<\/div>\n\t\t\t\t\t\t\t\t\t<\/div>\n\t\t\t<\/div>\n\t\t<\/div><div class=\"col post-item\" >\n\t\t\t<div class=\"col-inner\">\n\t\t\t\t<div class=\"box box-normal box-text-bottom box-blog-post has-hover\">\n            \t\t\t\t\t<div class=\"box-image\" >\n  \t\t\t\t\t\t<div class=\"image-cover\" style=\"padding-top:75%;\">\n\t\t\t\t\t\t\t<a href=\"https:\/\/izotex.com\/tr\/endustriyel-alanlarda-su-yalitimi-fabrika-ve-depolar-icin-uygulama-rehberi\/\" class=\"plain\" aria-label=\"End\u00fcstriyel Alanlarda Su Yal\u0131t\u0131m\u0131: Fabrika ve Depolar \u0130\u00e7in Uygulama Rehberi\">\n\t\t\t\t\t\t\t\t<img decoding=\"async\" width=\"2560\" height=\"1280\" src=\"https:\/\/izotex.com\/wp-content\/uploads\/2025\/01\/izotex-hakkimizda-ust-banner.jpg\" class=\"attachment-original size-original wp-post-image\" alt=\"\u0130zotex Hakk\u0131m\u0131zda \u00dcst Banner - \u0130zotex&#039;in faaliyet alanlar\u0131n\u0131 ve misyonunu yans\u0131tan kurumsal banner g\u00f6rseli.\" srcset=\"https:\/\/izotex.com\/wp-content\/uploads\/2025\/01\/izotex-hakkimizda-ust-banner.jpg 2560w, https:\/\/izotex.com\/wp-content\/uploads\/2025\/01\/izotex-hakkimizda-ust-banner-300x150.jpg 300w, https:\/\/izotex.com\/wp-content\/uploads\/2025\/01\/izotex-hakkimizda-ust-banner-1024x512.jpg 1024w, https:\/\/izotex.com\/wp-content\/uploads\/2025\/01\/izotex-hakkimizda-ust-banner-768x384.jpg 768w, https:\/\/izotex.com\/wp-content\/uploads\/2025\/01\/izotex-hakkimizda-ust-banner-1536x768.jpg 1536w, https:\/\/izotex.com\/wp-content\/uploads\/2025\/01\/izotex-hakkimizda-ust-banner-2048x1024.jpg 2048w\" sizes=\"(max-width: 2560px) 100vw, 2560px\" \/>\t\t\t\t\t\t\t<\/a>\n  \t\t\t\t\t\t\t  \t\t\t\t\t\t\t  \t\t\t\t\t\t<\/div>\n  \t\t\t\t\t\t  \t\t\t\t\t<\/div>\n          \t\t\t\t\t<div class=\"box-text text-center\" style=\"background-color:rgb(227, 227, 227);\">\n\t\t\t\t\t<div class=\"box-text-inner blog-post-inner\">\n\n\t\t\t\t\t\n\t\t\t\t\t\t\t\t\t\t<h5 class=\"post-title is-larger \">\n\t\t\t\t\t\t<a href=\"https:\/\/izotex.com\/tr\/endustriyel-alanlarda-su-yalitimi-fabrika-ve-depolar-icin-uygulama-rehberi\/\" class=\"plain\">End\u00fcstriyel Alanlarda Su Yal\u0131t\u0131m\u0131: Fabrika ve Depolar \u0130\u00e7in Uygulama Rehberi<\/a>\n\t\t\t\t\t<\/h5>\n\t\t\t\t\t\t\t\t\t\t<div class=\"is-divider\"><\/div>\n\t\t\t\t\t\t\t\t\t\t<p class=\"from_the_blog_excerpt \">\n\t\t\t\t\t\tEnd\u00fcstriyel alanlarda su yal\u0131t\u0131m\u0131, sadece yap\u0131lar\u0131n fiziksel dayan\u0131kl\u0131l\u0131\u011f\u0131n\u0131 art\u0131rmakla kalmay\u0131p \u00fcretim s\u00fcre\u00e7lerinin g\u00fcvenli\u011fi ve s\u00fcreklili\u011fi a\u00e7\u0131s\u0131ndan da temel bir gereklilik haline gelmi\u015ftir. Fabrikalar, depolar, \u00fcretim [...]\t\t\t\t\t<\/p>\n\t\t\t\t\t                    \n\t\t\t\t\t\t\t\t\t\t\t<a href=\"https:\/\/izotex.com\/tr\/endustriyel-alanlarda-su-yalitimi-fabrika-ve-depolar-icin-uygulama-rehberi\/\" class=\"button primary is-underline is-small mb-0\">\n\t\t\t\t\t\t\tDevam\u0131n\u0131 Oku\t\t\t\t\t\t<\/a>\n\t\t\t\t\t\n\t\t\t\t\t\n\t\t\t\t\t<\/div>\n\t\t\t\t\t<\/div>\n\t\t\t\t\t\t\t\t\t<\/div>\n\t\t\t<\/div>\n\t\t<\/div><div class=\"col post-item\" >\n\t\t\t<div class=\"col-inner\">\n\t\t\t\t<div class=\"box box-normal box-text-bottom box-blog-post has-hover\">\n            \t\t\t\t\t<div class=\"box-image\" >\n  \t\t\t\t\t\t<div class=\"image-cover\" style=\"padding-top:75%;\">\n\t\t\t\t\t\t\t<a href=\"https:\/\/izotex.com\/tr\/isi-ve-su-yalitimini-bir-arada-saglayan-cozumler\/\" class=\"plain\" aria-label=\"Is\u0131 ve Su Yal\u0131t\u0131m\u0131n\u0131 Bir Arada Sa\u011flayan \u00c7\u00f6z\u00fcmler\">\n\t\t\t\t\t\t\t\t<img decoding=\"async\" width=\"1024\" height=\"768\" src=\"https:\/\/izotex.com\/wp-content\/uploads\/2025\/01\/izotex-fabrika-3.jpg\" class=\"attachment-original size-original wp-post-image\" alt=\"\u0130zotex \u00fcretim tesisi d\u0131\u015f cephe g\u00f6r\u00fcn\u00fcm\u00fc\" srcset=\"https:\/\/izotex.com\/wp-content\/uploads\/2025\/01\/izotex-fabrika-3.jpg 1024w, https:\/\/izotex.com\/wp-content\/uploads\/2025\/01\/izotex-fabrika-3-300x225.jpg 300w, https:\/\/izotex.com\/wp-content\/uploads\/2025\/01\/izotex-fabrika-3-768x576.jpg 768w\" sizes=\"(max-width: 1024px) 100vw, 1024px\" \/>\t\t\t\t\t\t\t<\/a>\n  \t\t\t\t\t\t\t  \t\t\t\t\t\t\t  \t\t\t\t\t\t<\/div>\n  \t\t\t\t\t\t  \t\t\t\t\t<\/div>\n          \t\t\t\t\t<div class=\"box-text text-center\" style=\"background-color:rgb(227, 227, 227);\">\n\t\t\t\t\t<div class=\"box-text-inner blog-post-inner\">\n\n\t\t\t\t\t\n\t\t\t\t\t\t\t\t\t\t<h5 class=\"post-title is-larger \">\n\t\t\t\t\t\t<a href=\"https:\/\/izotex.com\/tr\/isi-ve-su-yalitimini-bir-arada-saglayan-cozumler\/\" class=\"plain\">Is\u0131 ve Su Yal\u0131t\u0131m\u0131n\u0131 Bir Arada Sa\u011flayan \u00c7\u00f6z\u00fcmler<\/a>\n\t\t\t\t\t<\/h5>\n\t\t\t\t\t\t\t\t\t\t<div class=\"is-divider\"><\/div>\n\t\t\t\t\t\t\t\t\t\t<p class=\"from_the_blog_excerpt \">\n\t\t\t\t\t\tG\u00fcn\u00fcm\u00fczde yap\u0131lar\u0131n dayan\u0131kl\u0131l\u0131\u011f\u0131 ve enerji verimlili\u011fi, hem bireysel kullan\u0131c\u0131lar hem de profesyonel in\u015faat firmalar\u0131 i\u00e7in b\u00fcy\u00fck \u00f6nem ta\u015f\u0131maktad\u0131r. Bu noktada \u0131s\u0131 ve su yal\u0131t\u0131m\u0131n\u0131n bir [...]\t\t\t\t\t<\/p>\n\t\t\t\t\t                    \n\t\t\t\t\t\t\t\t\t\t\t<a href=\"https:\/\/izotex.com\/tr\/isi-ve-su-yalitimini-bir-arada-saglayan-cozumler\/\" class=\"button primary is-underline is-small mb-0\">\n\t\t\t\t\t\t\tDevam\u0131n\u0131 Oku\t\t\t\t\t\t<\/a>\n\t\t\t\t\t\n\t\t\t\t\t\n\t\t\t\t\t<\/div>\n\t\t\t\t\t<\/div>\n\t\t\t\t\t\t\t\t\t<\/div>\n\t\t\t<\/div>\n\t\t<\/div><div class=\"col post-item\" >\n\t\t\t<div class=\"col-inner\">\n\t\t\t\t<div class=\"box box-normal box-text-bottom box-blog-post has-hover\">\n            \t\t\t\t\t<div class=\"box-image\" >\n  \t\t\t\t\t\t<div class=\"image-cover\" style=\"padding-top:75%;\">\n\t\t\t\t\t\t\t<a href=\"https:\/\/izotex.com\/tr\/pencerelerde-sizdirmazligin-yeni-standardi\/\" class=\"plain\" aria-label=\"Pencerelerde S\u0131zd\u0131rmazl\u0131\u011f\u0131n Profesyonel \u00c7\u00f6z\u00fcm\u00fc\">\n\t\t\t\t\t\t\t\t<img decoding=\"async\" width=\"1000\" height=\"1000\" src=\"https:\/\/izotex.com\/wp-content\/uploads\/2024\/11\/izotex-kor-kasa-yalitimi-1.jpg\" class=\"attachment-original size-original wp-post-image\" alt=\"\u0130ZOTEX k\u00f6r kasa yal\u0131t\u0131m band\u0131, pencere montaj\u0131 i\u00e7in g\u00fc\u00e7l\u00fc su ve hava s\u0131zd\u0131rmazl\u0131k \u00e7\u00f6z\u00fcm\u00fc.\" srcset=\"https:\/\/izotex.com\/wp-content\/uploads\/2024\/11\/izotex-kor-kasa-yalitimi-1.jpg 1000w, https:\/\/izotex.com\/wp-content\/uploads\/2024\/11\/izotex-kor-kasa-yalitimi-1-300x300.jpg 300w, https:\/\/izotex.com\/wp-content\/uploads\/2024\/11\/izotex-kor-kasa-yalitimi-1-150x150.jpg 150w, https:\/\/izotex.com\/wp-content\/uploads\/2024\/11\/izotex-kor-kasa-yalitimi-1-768x768.jpg 768w\" sizes=\"(max-width: 1000px) 100vw, 1000px\" \/>\t\t\t\t\t\t\t<\/a>\n  \t\t\t\t\t\t\t  \t\t\t\t\t\t\t  \t\t\t\t\t\t<\/div>\n  \t\t\t\t\t\t  \t\t\t\t\t<\/div>\n          \t\t\t\t\t<div class=\"box-text text-center\" style=\"background-color:rgb(227, 227, 227);\">\n\t\t\t\t\t<div class=\"box-text-inner blog-post-inner\">\n\n\t\t\t\t\t\n\t\t\t\t\t\t\t\t\t\t<h5 class=\"post-title is-larger \">\n\t\t\t\t\t\t<a href=\"https:\/\/izotex.com\/tr\/pencerelerde-sizdirmazligin-yeni-standardi\/\" class=\"plain\">Pencerelerde S\u0131zd\u0131rmazl\u0131\u011f\u0131n Profesyonel \u00c7\u00f6z\u00fcm\u00fc<\/a>\n\t\t\t\t\t<\/h5>\n\t\t\t\t\t\t\t\t\t\t<div class=\"is-divider\"><\/div>\n\t\t\t\t\t\t\t\t\t\t<p class=\"from_the_blog_excerpt \">\n\t\t\t\t\t\t\u0130ZOTEX k\u00f6r kasa yal\u0131t\u0131m band\u0131, kendinden yap\u0131\u015fkanl\u0131 tasar\u0131m\u0131 sayesinde kolayca uygulan\u0131r ve k\u00f6r kasa ile duvar birle\u015fiminde su ve hava s\u0131zd\u0131rmazl\u0131k sa\u011flayarak yap\u0131lar\u0131n dayan\u0131kl\u0131l\u0131\u011f\u0131n\u0131 art\u0131r\u0131r. [...]\t\t\t\t\t<\/p>\n\t\t\t\t\t                    \n\t\t\t\t\t\t\t\t\t\t\t<a href=\"https:\/\/izotex.com\/tr\/pencerelerde-sizdirmazligin-yeni-standardi\/\" class=\"button primary is-underline is-small mb-0\">\n\t\t\t\t\t\t\tDevam\u0131n\u0131 Oku\t\t\t\t\t\t<\/a>\n\t\t\t\t\t\n\t\t\t\t\t\n\t\t\t\t\t<\/div>\n\t\t\t\t\t<\/div>\n\t\t\t\t\t\t\t\t\t<\/div>\n\t\t\t<\/div>\n\t\t<\/div><div class=\"col post-item\" >\n\t\t\t<div class=\"col-inner\">\n\t\t\t\t<div class=\"box box-normal box-text-bottom box-blog-post has-hover\">\n            \t\t\t\t\t<div class=\"box-image\" >\n  \t\t\t\t\t\t<div class=\"image-cover\" style=\"padding-top:75%;\">\n\t\t\t\t\t\t\t<a href=\"https:\/\/izotex.com\/tr\/pratik-ekonomik-ve-guvenli-su-yalitimi-cozumleri\/\" class=\"plain\" aria-label=\"Pratik, Ekonomik Ve G\u00fcvenli Su Yal\u0131t\u0131m\u0131 \u00c7\u00f6z\u00fcmleri\">\n\t\t\t\t\t\t\t\t<img decoding=\"async\" width=\"1036\" height=\"1278\" src=\"https:\/\/izotex.com\/wp-content\/uploads\/2024\/11\/economical-safe-waterproofing-membranes-izotex.webp\" class=\"attachment-original size-original wp-post-image\" alt=\"\" srcset=\"https:\/\/izotex.com\/wp-content\/uploads\/2024\/11\/economical-safe-waterproofing-membranes-izotex.webp 1036w, https:\/\/izotex.com\/wp-content\/uploads\/2024\/11\/economical-safe-waterproofing-membranes-izotex-243x300.webp 243w, https:\/\/izotex.com\/wp-content\/uploads\/2024\/11\/economical-safe-waterproofing-membranes-izotex-830x1024.webp 830w, https:\/\/izotex.com\/wp-content\/uploads\/2024\/11\/economical-safe-waterproofing-membranes-izotex-768x947.webp 768w\" sizes=\"(max-width: 1036px) 100vw, 1036px\" \/>\t\t\t\t\t\t\t<\/a>\n  \t\t\t\t\t\t\t  \t\t\t\t\t\t\t  \t\t\t\t\t\t<\/div>\n  \t\t\t\t\t\t  \t\t\t\t\t<\/div>\n          \t\t\t\t\t<div class=\"box-text text-center\" style=\"background-color:rgb(227, 227, 227);\">\n\t\t\t\t\t<div class=\"box-text-inner blog-post-inner\">\n\n\t\t\t\t\t\n\t\t\t\t\t\t\t\t\t\t<h5 class=\"post-title is-larger \">\n\t\t\t\t\t\t<a href=\"https:\/\/izotex.com\/tr\/pratik-ekonomik-ve-guvenli-su-yalitimi-cozumleri\/\" class=\"plain\">Pratik, Ekonomik Ve G\u00fcvenli Su Yal\u0131t\u0131m\u0131 \u00c7\u00f6z\u00fcmleri<\/a>\n\t\t\t\t\t<\/h5>\n\t\t\t\t\t\t\t\t\t\t<div class=\"is-divider\"><\/div>\n\t\t\t\t\t\t\t\t\t\t<p class=\"from_the_blog_excerpt \">\n\t\t\t\t\t\tSeramik Alt\u0131 Su Yal\u0131t\u0131m Membranlar\u0131, \u0131slak hacimlerde suyun zararl\u0131 etkilerini engelleyen etkili \u00e7\u00f6z\u00fcmler sunar. \u0130ZOTEX\u2019in sundu\u011fu Tekstil Yal\u0131t\u0131m Membranlar\u0131, farkl\u0131 katman yap\u0131lar\u0131 ve malzeme se\u00e7imleriyle [...]\t\t\t\t\t<\/p>\n\t\t\t\t\t                    \n\t\t\t\t\t\t\t\t\t\t\t<a href=\"https:\/\/izotex.com\/tr\/pratik-ekonomik-ve-guvenli-su-yalitimi-cozumleri\/\" class=\"button primary is-underline is-small mb-0\">\n\t\t\t\t\t\t\tDevam\u0131n\u0131 Oku\t\t\t\t\t\t<\/a>\n\t\t\t\t\t\n\t\t\t\t\t\n\t\t\t\t\t<\/div>\n\t\t\t\t\t<\/div>\n\t\t\t\t\t\t\t\t\t<\/div>\n\t\t\t<\/div>\n\t\t<\/div><div class=\"col post-item\" >\n\t\t\t<div class=\"col-inner\">\n\t\t\t\t<div class=\"box box-normal box-text-bottom box-blog-post has-hover\">\n            \t\t\t\t\t<div class=\"box-image\" >\n  \t\t\t\t\t\t<div class=\"image-cover\" style=\"padding-top:75%;\">\n\t\t\t\t\t\t\t<a href=\"https:\/\/izotex.com\/tr\/etkili-su-yalitimi-hakkinda-bilmeniz-gereken-her-sey\/\" class=\"plain\" aria-label=\"Etkili Su Yal\u0131t\u0131m\u0131 Hakk\u0131nda Bilmeniz Gereken Her \u015eey\">\n\t\t\t\t\t\t\t\t<img decoding=\"async\" width=\"604\" height=\"404\" src=\"https:\/\/izotex.com\/wp-content\/uploads\/2024\/11\/izotex-su-yalitimi.png\" class=\"attachment-original size-original wp-post-image\" alt=\"\u0130ZOTEX su yal\u0131t\u0131m\u0131 \u00e7\u00f6z\u00fcmleri, yap\u0131lar\u0131 su hasar\u0131ndan korur ve enerji tasarrufu sa\u011flar\" srcset=\"https:\/\/izotex.com\/wp-content\/uploads\/2024\/11\/izotex-su-yalitimi.png 604w, https:\/\/izotex.com\/wp-content\/uploads\/2024\/11\/izotex-su-yalitimi-300x201.png 300w\" sizes=\"(max-width: 604px) 100vw, 604px\" \/>\t\t\t\t\t\t\t<\/a>\n  \t\t\t\t\t\t\t  \t\t\t\t\t\t\t  \t\t\t\t\t\t<\/div>\n  \t\t\t\t\t\t  \t\t\t\t\t<\/div>\n          \t\t\t\t\t<div class=\"box-text text-center\" style=\"background-color:rgb(227, 227, 227);\">\n\t\t\t\t\t<div class=\"box-text-inner blog-post-inner\">\n\n\t\t\t\t\t\n\t\t\t\t\t\t\t\t\t\t<h5 class=\"post-title is-larger \">\n\t\t\t\t\t\t<a href=\"https:\/\/izotex.com\/tr\/etkili-su-yalitimi-hakkinda-bilmeniz-gereken-her-sey\/\" class=\"plain\">Etkili Su Yal\u0131t\u0131m\u0131 Hakk\u0131nda Bilmeniz Gereken Her \u015eey<\/a>\n\t\t\t\t\t<\/h5>\n\t\t\t\t\t\t\t\t\t\t<div class=\"is-divider\"><\/div>\n\t\t\t\t\t\t\t\t\t\t<p class=\"from_the_blog_excerpt \">\n\t\t\t\t\t\tSu yal\u0131t\u0131m\u0131 hem yap\u0131sal hem de ya\u015fam kalitesi a\u00e7\u0131s\u0131ndan vazge\u00e7ilmez bir ihtiya\u00e7t\u0131r. Do\u011fru malzeme ve uygulama y\u00f6ntemleriyle, uzun y\u0131llar g\u00fcvenli ve konforlu bir ya\u015fam alan\u0131 [...]\t\t\t\t\t<\/p>\n\t\t\t\t\t                    \n\t\t\t\t\t\t\t\t\t\t\t<a href=\"https:\/\/izotex.com\/tr\/etkili-su-yalitimi-hakkinda-bilmeniz-gereken-her-sey\/\" class=\"button primary is-underline is-small mb-0\">\n\t\t\t\t\t\t\tDevam\u0131n\u0131 Oku\t\t\t\t\t\t<\/a>\n\t\t\t\t\t\n\t\t\t\t\t\n\t\t\t\t\t<\/div>\n\t\t\t\t\t<\/div>\n\t\t\t\t\t\t\t\t\t<\/div>\n\t\t\t<\/div>\n\t\t<\/div><\/div>\n\t\t<\/div>\n\t\t\t\t\t<\/div>\n\n\t\n<\/div>\n\t\t<\/div>\n\n\t\t\n<style>\n#section_314152884 {\n  padding-top: 30px;\n  padding-bottom: 30px;\n}\n<\/style>\n\t<\/section>\n\t\n","protected":false},"excerpt":{"rendered":"","protected":false},"author":1,"featured_media":0,"parent":0,"menu_order":0,"comment_status":"closed","ping_status":"closed","template":"page-blank.php","meta":{"footnotes":""},"class_list":["post-1020","page","type-page","status-publish","hentry"],"aioseo_notices":[],"yoast_head":"<!-- This site is optimized with the Yoast SEO plugin v25.5 - https:\/\/yoast.com\/wordpress\/plugins\/seo\/ -->\n<title>Blog - \u0130zotex<\/title>\n<meta name=\"robots\" content=\"index, follow, max-snippet:-1, max-image-preview:large, max-video-preview:-1\" \/>\n<link rel=\"canonical\" href=\"https:\/\/izotex.com\/tr\/blog\/\" \/>\n<meta property=\"og:locale\" content=\"tr_TR\" \/>\n<meta property=\"og:type\" content=\"article\" \/>\n<meta property=\"og:title\" content=\"Blog - \u0130zotex\" \/>\n<meta property=\"og:url\" content=\"https:\/\/izotex.com\/tr\/blog\/\" \/>\n<meta property=\"og:site_name\" content=\"\u0130zotex\" \/>\n<meta property=\"article:modified_time\" content=\"2025-12-23T12:29:05+00:00\" \/>\n<meta name=\"twitter:card\" content=\"summary_large_image\" \/>\n<script type=\"application\/ld+json\" class=\"yoast-schema-graph\">{\"@context\":\"https:\/\/schema.org\",\"@graph\":[{\"@type\":\"WebPage\",\"@id\":\"https:\/\/izotex.com\/tr\/blog\/\",\"url\":\"https:\/\/izotex.com\/tr\/blog\/\",\"name\":\"Blog - \u0130zotex\",\"isPartOf\":{\"@id\":\"https:\/\/izotex.com\/en\/#website\"},\"datePublished\":\"2024-11-26T12:24:54+00:00\",\"dateModified\":\"2025-12-23T12:29:05+00:00\",\"breadcrumb\":{\"@id\":\"https:\/\/izotex.com\/tr\/blog\/#breadcrumb\"},\"inLanguage\":\"tr\",\"potentialAction\":[{\"@type\":\"ReadAction\",\"target\":[\"https:\/\/izotex.com\/tr\/blog\/\"]}]},{\"@type\":\"BreadcrumbList\",\"@id\":\"https:\/\/izotex.com\/tr\/blog\/#breadcrumb\",\"itemListElement\":[{\"@type\":\"ListItem\",\"position\":1,\"name\":\"Home\",\"item\":\"https:\/\/izotex.com\/tr\/\"},{\"@type\":\"ListItem\",\"position\":2,\"name\":\"Blog\"}]},{\"@type\":\"WebSite\",\"@id\":\"https:\/\/izotex.com\/en\/#website\",\"url\":\"https:\/\/izotex.com\/en\/\",\"name\":\"\u0130zotex\",\"description\":\"\",\"potentialAction\":[{\"@type\":\"SearchAction\",\"target\":{\"@type\":\"EntryPoint\",\"urlTemplate\":\"https:\/\/izotex.com\/en\/?s={search_term_string}\"},\"query-input\":{\"@type\":\"PropertyValueSpecification\",\"valueRequired\":true,\"valueName\":\"search_term_string\"}}],\"inLanguage\":\"tr\"}]}<\/script>\n<!-- \/ Yoast SEO plugin. -->","yoast_head_json":{"title":"Blog - \u0130zotex","robots":{"index":"index","follow":"follow","max-snippet":"max-snippet:-1","max-image-preview":"max-image-preview:large","max-video-preview":"max-video-preview:-1"},"canonical":"https:\/\/izotex.com\/tr\/blog\/","og_locale":"tr_TR","og_type":"article","og_title":"Blog - \u0130zotex","og_url":"https:\/\/izotex.com\/tr\/blog\/","og_site_name":"\u0130zotex","article_modified_time":"2025-12-23T12:29:05+00:00","twitter_card":"summary_large_image","schema":{"@context":"https:\/\/schema.org","@graph":[{"@type":"WebPage","@id":"https:\/\/izotex.com\/tr\/blog\/","url":"https:\/\/izotex.com\/tr\/blog\/","name":"Blog - \u0130zotex","isPartOf":{"@id":"https:\/\/izotex.com\/en\/#website"},"datePublished":"2024-11-26T12:24:54+00:00","dateModified":"2025-12-23T12:29:05+00:00","breadcrumb":{"@id":"https:\/\/izotex.com\/tr\/blog\/#breadcrumb"},"inLanguage":"tr","potentialAction":[{"@type":"ReadAction","target":["https:\/\/izotex.com\/tr\/blog\/"]}]},{"@type":"BreadcrumbList","@id":"https:\/\/izotex.com\/tr\/blog\/#breadcrumb","itemListElement":[{"@type":"ListItem","position":1,"name":"Home","item":"https:\/\/izotex.com\/tr\/"},{"@type":"ListItem","position":2,"name":"Blog"}]},{"@type":"WebSite","@id":"https:\/\/izotex.com\/en\/#website","url":"https:\/\/izotex.com\/en\/","name":"\u0130zotex","description":"","potentialAction":[{"@type":"SearchAction","target":{"@type":"EntryPoint","urlTemplate":"https:\/\/izotex.com\/en\/?s={search_term_string}"},"query-input":{"@type":"PropertyValueSpecification","valueRequired":true,"valueName":"search_term_string"}}],"inLanguage":"tr"}]}},"_links":{"self":[{"href":"https:\/\/izotex.com\/tr\/wp-json\/wp\/v2\/pages\/1020","targetHints":{"allow":["GET"]}}],"collection":[{"href":"https:\/\/izotex.com\/tr\/wp-json\/wp\/v2\/pages"}],"about":[{"href":"https:\/\/izotex.com\/tr\/wp-json\/wp\/v2\/types\/page"}],"author":[{"embeddable":true,"href":"https:\/\/izotex.com\/tr\/wp-json\/wp\/v2\/users\/1"}],"replies":[{"embeddable":true,"href":"https:\/\/izotex.com\/tr\/wp-json\/wp\/v2\/comments?post=1020"}],"version-history":[{"count":9,"href":"https:\/\/izotex.com\/tr\/wp-json\/wp\/v2\/pages\/1020\/revisions"}],"predecessor-version":[{"id":2646,"href":"https:\/\/izotex.com\/tr\/wp-json\/wp\/v2\/pages\/1020\/revisions\/2646"}],"wp:attachment":[{"href":"https:\/\/izotex.com\/tr\/wp-json\/wp\/v2\/media?parent=1020"}],"curies":[{"name":"wp","href":"https:\/\/api.w.org\/{rel}","templated":true}]}}