{"id":1353,"date":"2024-11-26T09:46:53","date_gmt":"2024-11-26T09:46:53","guid":{"rendered":"https:\/\/izotex.canturan.dev\/sheet-waterproofing-membranes\/"},"modified":"2025-10-15T13:30:57","modified_gmt":"2025-10-15T13:30:57","slug":"sheet-waterproofing-membranes","status":"publish","type":"page","link":"https:\/\/izotex.com\/en\/sheet-waterproofing-membranes\/","title":{"rendered":"Sheet Waterproofing Membranes"},"content":{"rendered":"\n\t<section class=\"section\" id=\"section_622446103\">\n\t\t<div class=\"section-bg fill\" >\n\t\t\t\t\t\t\t\t\t\n\t\t\t\n\n\t\t<\/div>\n\n\t\t\n\n\t\t<div class=\"section-content relative\">\n\t\t\t\n\n  <div class=\"banner has-hover banner-full\" id=\"banner-517171109\">\n          <div class=\"banner-inner fill\">\n        <div class=\"banner-bg fill\" >\n                                    <div class=\"overlay\"><\/div>            \n                    <\/div>\n\t\t\n        <div class=\"banner-layers container\">\n            <div class=\"fill banner-link\"><\/div>            \n\t<div class=\"img has-hover hide-for-small x50 md-x50 lg-x50 y100 md-y100 lg-y100\" id=\"image_1496746114\">\n\t\t\t\t\t\t\t\t<div class=\"img-inner dark\" >\n\t\t\t<img decoding=\"async\" width=\"1261\" height=\"349\" src=\"https:\/\/izotex.com\/wp-content\/uploads\/2024\/11\/banner-zemin.jpg\" class=\"attachment-original size-original\" alt=\"\" srcset=\"https:\/\/izotex.com\/wp-content\/uploads\/2024\/11\/banner-zemin.jpg 1261w, https:\/\/izotex.com\/wp-content\/uploads\/2024\/11\/banner-zemin-300x83.jpg 300w, https:\/\/izotex.com\/wp-content\/uploads\/2024\/11\/banner-zemin-1024x283.jpg 1024w, https:\/\/izotex.com\/wp-content\/uploads\/2024\/11\/banner-zemin-768x213.jpg 768w\" sizes=\"(max-width: 1261px) 100vw, 1261px\" \/>\t\t\t\t\t\t\n\t\t\t\t\t<\/div>\n\t\t\t\t\t\t\t\t\n<style>\n#image_1496746114 {\n  width: 100%;\n}\n<\/style>\n\t<\/div>\n\t\n\t<div class=\"img has-hover show-for-small x50 md-x50 lg-x50 y100 md-y100 lg-y100\" id=\"image_216199901\">\n\t\t\t\t\t\t\t\t<div class=\"img-inner dark\" >\n\t\t\t<img decoding=\"async\" width=\"500\" height=\"211\" src=\"https:\/\/izotex.com\/wp-content\/uploads\/2024\/11\/mobil-side-1.jpg\" class=\"attachment-original size-original\" alt=\"\" srcset=\"https:\/\/izotex.com\/wp-content\/uploads\/2024\/11\/mobil-side-1.jpg 500w, https:\/\/izotex.com\/wp-content\/uploads\/2024\/11\/mobil-side-1-300x127.jpg 300w\" sizes=\"(max-width: 500px) 100vw, 500px\" \/>\t\t\t\t\t\t\n\t\t\t\t\t<\/div>\n\t\t\t\t\t\t\t\t\n<style>\n#image_216199901 {\n  width: 100%;\n}\n<\/style>\n\t<\/div>\n\t\n\t<div class=\"img has-hover x0 md-x5 lg-x5 y90 md-y50 lg-y50\" id=\"image_1247690102\">\n\t\t\t\t\t\t\t\t<div class=\"img-inner dark\" >\n\t\t\t<img decoding=\"async\" width=\"1500\" height=\"984\" src=\"https:\/\/izotex.com\/wp-content\/uploads\/2024\/11\/IZOTEX-SERAMIK-ALTI-TEKSTIL-SU-YALITIM-MEMBRANLARI.png\" class=\"attachment-original size-original\" alt=\"\" srcset=\"https:\/\/izotex.com\/wp-content\/uploads\/2024\/11\/IZOTEX-SERAMIK-ALTI-TEKSTIL-SU-YALITIM-MEMBRANLARI.png 1500w, https:\/\/izotex.com\/wp-content\/uploads\/2024\/11\/IZOTEX-SERAMIK-ALTI-TEKSTIL-SU-YALITIM-MEMBRANLARI-300x197.png 300w, https:\/\/izotex.com\/wp-content\/uploads\/2024\/11\/IZOTEX-SERAMIK-ALTI-TEKSTIL-SU-YALITIM-MEMBRANLARI-1024x672.png 1024w, https:\/\/izotex.com\/wp-content\/uploads\/2024\/11\/IZOTEX-SERAMIK-ALTI-TEKSTIL-SU-YALITIM-MEMBRANLARI-768x504.png 768w\" sizes=\"(max-width: 1500px) 100vw, 1500px\" \/>\t\t\t\t\t\t\n\t\t\t\t\t<\/div>\n\t\t\t\t\t\t\t\t\n<style>\n#image_1247690102 {\n  width: 79%;\n}\n@media (min-width:550px) {\n  #image_1247690102 {\n    width: 50%;\n  }\n}\n<\/style>\n\t<\/div>\n\t\n        <\/div>\n      <\/div>\n\n            \n<style>\n#banner-517171109 {\n  padding-top: 50vh;\n  background-color: rgb(255,255,255);\n}\n#banner-517171109 .overlay {\n  background-color: rgba(0, 0, 0, 0.128);\n}\n@media (min-width:550px) {\n  #banner-517171109 {\n    padding-top: 70vh;\n  }\n}\n<\/style>\n  <\/div>\n\n\n\t\t<\/div>\n\n\t\t\n<style>\n#section_622446103 {\n  padding-top: 0px;\n  padding-bottom: 0px;\n}\n<\/style>\n\t<\/section>\n\t\n\n\t<section class=\"section\" id=\"section_861517820\">\n\t\t<div class=\"section-bg fill\" >\n\t\t\t\t\t\t\t\t\t\n\t\t\t\n\n\t\t<\/div>\n\n\t\t\n\n\t\t<div class=\"section-content relative\">\n\t\t\t\n<div class=\"row row-collapse\"  id=\"row-394452850\">\n\n\t<div id=\"col-526456685\" class=\"col small-12 large-12\"  data-animate=\"fadeInDown\">\n\t\t\t\t<div class=\"col-inner\"  >\n\t\t\t\n\t\t\t\n\n<div class=\"izotex-bant\">\n<p>Sheet Waterproofing Membrane System<\/p>\n<div class=\"izotex-bant-1\">\n<h2>ADVANCED PROTECTION IN WET AREAS AND UNDER-CERAMIC APPLICATIONS<\/h2>\n<\/div>\n<p style=\"color: black;\">Easy to Apply &#8211; 100% Waterproof &#8211; Does Not Crack<\/p>\n<\/div>\n\n\t\t<\/div>\n\t\t\t\t\t<\/div>\n\n\t\n<\/div>\n\t\t<\/div>\n\n\t\t\n<style>\n#section_861517820 {\n  padding-top: 10px;\n  padding-bottom: 10px;\n}\n@media (min-width:550px) {\n  #section_861517820 {\n    padding-top: 30px;\n    padding-bottom: 30px;\n  }\n}\n<\/style>\n\t<\/section>\n\t\n\n\t<section class=\"section\" id=\"section_1280593046\">\n\t\t<div class=\"section-bg fill\" >\n\t\t\t\t\t\t\t\t\t\n\t\t\t\n\n\t\t<\/div>\n\n\t\t\n\n\t\t<div class=\"section-content relative\">\n\t\t\t\n<div class=\"row\"  id=\"row-875634079\">\n\n\t<div id=\"col-61482314\" class=\"col small-12 large-12\"  >\n\t\t\t\t<div class=\"col-inner\"  >\n\t\t\t\n\t\t\t\n\t<div id=\"text-476628609\" class=\"text\">\n\t\t\n<p>Waterproofing plays a vital role in protecting buildings from water damage. In wet areas like bathrooms, terraces, and kitchens, constant water exposure can lead to water infiltration into walls and floors, resulting in structural issues over time. This can cause problems such as moisture buildup on walls, peeling wallpaper, and even the growth of mold and mildew. IZOTEX waterproofing membranes are specially engineered to prevent these issues, providing effective protection against water damage.<br \/>\n\t\t\n<style>\n#text-476628609 {\n  text-align: center;\n}\n<\/style>\n\t<\/div>\n\t\n\t\t<\/div>\n\t\t\t\t\t<\/div>\n\n\t\n<\/div>\n\t\t<\/div>\n\n\t\t\n<style>\n#section_1280593046 {\n  padding-top: 0px;\n  padding-bottom: 0px;\n}\n<\/style>\n\t<\/section>\n\t\n\n\t<section class=\"section\" id=\"section_1999910823\">\n\t\t<div class=\"section-bg fill\" >\n\t\t\t\t\t\t\t\t\t\n\t\t\t\n\n\t\t<\/div>\n\n\t\t\n\n\t\t<div class=\"section-content relative\">\n\t\t\t\n<div class=\"row row-fixed-height\"  id=\"row-1656453933\">\n\n\t<div id=\"col-1486406482\" class=\"col small-12 large-12\"  >\n\t\t\t\t<div class=\"col-inner\"  >\n\t\t\t\n\t\t\t\n<div class=\"container section-title-container\" ><h1 class=\"section-title section-title-center\"><b><\/b><span class=\"section-title-main\" style=\"color:rgb(0, 0, 0);\">Sheet Waterproofing Membranes for Wet Areas<\/span><b><\/b><\/h1><\/div>\n\t\t<\/div>\n\t\t\t\t\t<\/div>\n\n\t\n\n\t<div id=\"col-141688303\" class=\"col medium-4 small-12 large-4\"  data-animate=\"fadeInLeft\">\n\t\t\t\t<div class=\"col-inner text-center\"  >\n\t\t\t\n\t<div class=\"is-border\"\n\t\tstyle=\"border-width:0px 1px 0px 0px;\">\n\t<\/div>\n\t\t\t\n\t<div class=\"img has-hover icon-max-height x md-x lg-x y md-y lg-y\" id=\"image_963858440\">\n\t\t\t\t\t\t\t\t<div class=\"img-inner dark\" >\n\t\t\t<img decoding=\"async\" src=\"https:\/\/izotex.com\/wp-content\/uploads\/2024\/11\/izotex-extra.svg\" class=\"attachment-original size-original\" alt=\"IZOTEX Extra Logosu - Su Yal\u0131t\u0131m\u0131nda Y\u00fcksek Performans ve G\u00fcvenilir Koruma.\" \/>\t\t\t\t\t\t\n\t\t\t\t\t<\/div>\n\t\t\t\t\t\t\t\t\n<style>\n#image_963858440 {\n  width: 100%;\n}\n<\/style>\n\t<\/div>\n\t\n\t<div class=\"box has-hover   has-hover box-text-bottom\" >\n\n\t\t<div class=\"box-image\" >\n\t\t\t\t\t\t<div class=\"image-cover\" style=\"padding-top:56.25%;\">\n\t\t\t\t<img decoding=\"async\" width=\"1920\" height=\"1080\" src=\"https:\/\/izotex.com\/wp-content\/uploads\/2024\/11\/EXTRA-TEKSTIL-SU-YALITIM-MEMBRANI-1.jpg\" class=\"attachment- size-\" alt=\"\" srcset=\"https:\/\/izotex.com\/wp-content\/uploads\/2024\/11\/EXTRA-TEKSTIL-SU-YALITIM-MEMBRANI-1.jpg 1920w, https:\/\/izotex.com\/wp-content\/uploads\/2024\/11\/EXTRA-TEKSTIL-SU-YALITIM-MEMBRANI-1-300x169.jpg 300w, https:\/\/izotex.com\/wp-content\/uploads\/2024\/11\/EXTRA-TEKSTIL-SU-YALITIM-MEMBRANI-1-1024x576.jpg 1024w, https:\/\/izotex.com\/wp-content\/uploads\/2024\/11\/EXTRA-TEKSTIL-SU-YALITIM-MEMBRANI-1-768x432.jpg 768w, https:\/\/izotex.com\/wp-content\/uploads\/2024\/11\/EXTRA-TEKSTIL-SU-YALITIM-MEMBRANI-1-1536x864.jpg 1536w\" sizes=\"(max-width: 1920px) 100vw, 1920px\" \/>\t\t\t\t\t\t\t\t\t\t\t<\/div>\n\t\t\t\t\t<\/div>\n\n\t\t<div class=\"box-text text-center\" >\n\t\t\t<div class=\"box-text-inner\">\n\t\t\t\t\n\t<div id=\"text-1372223907\" class=\"text bloklama\">\n\t\t\n<h4 class=\"products-tite-bg\"><strong>EXTRA<br \/>\n<\/strong><\/h4>\n<p class=\"oralama\">Made of PP\/PU\/PP layers, this waterproof and moisture-balancing membrane, 150 cm wide, is used for waterproofing large areas.<\/p>\n\t\t\t<\/div>\n\t\n\t<div id=\"gap-127851113\" class=\"gap-element clearfix\" style=\"display:block; height:auto;\">\n\t\t\n<style>\n#gap-127851113 {\n  padding-top: 70px;\n}\n<\/style>\n\t<\/div>\n\t\n<a href=\"https:\/\/izotex.com\/tekstil-su-yalitim-membranlari\/extra\/\" class=\"button secondary is-link lowercase button-product hover-shadow\"  style=\"border-radius:15px;\">\n\t\t<span>Discover More<\/span>\n\t<i class=\"icon-angle-right\" aria-hidden=\"true\" ><\/i><\/a>\n\n\t\t\t<\/div>\n\t\t<\/div>\n\t<\/div>\n\t\n\t\t<\/div>\n\t\t\t\t\n<style>\n#col-141688303 > .col-inner {\n  padding: 1px 1px 1px 1px;\n}\n<\/style>\n\t<\/div>\n\n\t\n\n\t<div id=\"col-101282313\" class=\"col medium-4 small-12 large-4\"  data-animate=\"fadeInLeft\">\n\t\t\t\t<div class=\"col-inner text-center\"  >\n\t\t\t\n\t\t\t\n\t<div class=\"img has-hover icon-max-height x md-x lg-x y md-y lg-y\" id=\"image_1870227433\">\n\t\t\t\t\t\t\t\t<div class=\"img-inner dark\" >\n\t\t\t<img decoding=\"async\" src=\"https:\/\/izotex.com\/wp-content\/uploads\/2024\/11\/izotex-ultra.svg\" class=\"attachment-original size-original\" alt=\"IZOTEX Ultra Logosu - Islak Hacimlerde Y\u00fcksek Performansl\u0131 Su Yal\u0131t\u0131m\u0131.\" \/>\t\t\t\t\t\t\n\t\t\t\t\t<\/div>\n\t\t\t\t\t\t\t\t\n<style>\n#image_1870227433 {\n  width: 100%;\n}\n<\/style>\n\t<\/div>\n\t\n\t<div class=\"box has-hover   has-hover box-text-bottom\" >\n\n\t\t<div class=\"box-image\" >\n\t\t\t\t\t\t<div class=\"\" >\n\t\t\t\t<img decoding=\"async\" width=\"1920\" height=\"1080\" src=\"https:\/\/izotex.com\/wp-content\/uploads\/2024\/11\/ULTRA-TEKSTIL-SU-YALITIM-MEMBRANI.jpg\" class=\"attachment- size-\" alt=\"Ultra Tekstil Su Yal\u0131t\u0131m Mebran\u0131\" srcset=\"https:\/\/izotex.com\/wp-content\/uploads\/2024\/11\/ULTRA-TEKSTIL-SU-YALITIM-MEMBRANI.jpg 1920w, https:\/\/izotex.com\/wp-content\/uploads\/2024\/11\/ULTRA-TEKSTIL-SU-YALITIM-MEMBRANI-300x169.jpg 300w, https:\/\/izotex.com\/wp-content\/uploads\/2024\/11\/ULTRA-TEKSTIL-SU-YALITIM-MEMBRANI-1024x576.jpg 1024w, https:\/\/izotex.com\/wp-content\/uploads\/2024\/11\/ULTRA-TEKSTIL-SU-YALITIM-MEMBRANI-768x432.jpg 768w, https:\/\/izotex.com\/wp-content\/uploads\/2024\/11\/ULTRA-TEKSTIL-SU-YALITIM-MEMBRANI-1536x864.jpg 1536w\" sizes=\"(max-width: 1920px) 100vw, 1920px\" \/>\t\t\t\t\t\t\t\t\t\t\t<\/div>\n\t\t\t\t\t<\/div>\n\n\t\t<div class=\"box-text text-center\" >\n\t\t\t<div class=\"box-text-inner\">\n\t\t\t\t\n\t<div id=\"text-497442010\" class=\"text bloklama\">\n\t\t\n<h4><strong>ULTRA<\/strong><\/h4>\n<p class=\"oralama\" style=\"margin-bottom: 24px;\">Composed of PES\/PE\/PES layers, this waterproofing membrane, 100 cm wide, features an extra fibrous surface that provides stronger adhesion to adhesives, designed for water and moisture-proofing floors and walls in wet areas.<\/p>\n\t\t\t<\/div>\n\t\n<a href=\"https:\/\/izotex.com\/tekstil-su-yalitim-membranlari\/ultra\/\" class=\"button secondary is-link lowercase button-product hover-shadow\"  style=\"border-radius:15px;\">\n\t\t<span>Discover More<\/span>\n\t<i class=\"icon-angle-right\" aria-hidden=\"true\" ><\/i><\/a>\n\n\t\t\t<\/div>\n\t\t<\/div>\n\t<\/div>\n\t\n\t\t<\/div>\n\t\t\t\t\n<style>\n#col-101282313 > .col-inner {\n  padding: 1px 1px 1px 1px;\n}\n<\/style>\n\t<\/div>\n\n\t\n\n\t<div id=\"col-618199402\" class=\"col medium-4 small-12 large-4\"  data-animate=\"fadeInLeft\">\n\t\t\t\t<div class=\"col-inner text-center\"  >\n\t\t\t\n\t<div class=\"is-border\"\n\t\tstyle=\"border-width:0px 0px 0px 1px;\">\n\t<\/div>\n\t\t\t\n\t<div class=\"img has-hover icon-max-height x md-x lg-x y md-y lg-y\" id=\"image_1915307193\">\n\t\t\t\t\t\t\t\t<div class=\"img-inner dark\" >\n\t\t\t<img decoding=\"async\" src=\"https:\/\/izotex.com\/wp-content\/uploads\/2024\/11\/izotex-maxi.svg\" class=\"attachment-original size-original\" alt=\"IZOTEX Maxi Maxi Logosu - Islak Hacimlerde G\u00fcvenli Su Yal\u0131t\u0131m\u0131.\" \/>\t\t\t\t\t\t\n\t\t\t\t\t<\/div>\n\t\t\t\t\t\t\t\t\n<style>\n#image_1915307193 {\n  width: 100%;\n}\n<\/style>\n\t<\/div>\n\t\n\t<div class=\"box has-hover   has-hover box-text-bottom\" >\n\n\t\t<div class=\"box-image\" >\n\t\t\t\t\t\t<div class=\"\" >\n\t\t\t\t<img decoding=\"async\" width=\"1920\" height=\"1080\" src=\"https:\/\/izotex.com\/wp-content\/uploads\/2024\/11\/MAXI-TEKSTIL-SU-YALITIM-MEMBRANI.jpg\" class=\"attachment- size-\" alt=\"Maxi Tekstil Su Yal\u0131t\u0131m Mebran\u0131\" srcset=\"https:\/\/izotex.com\/wp-content\/uploads\/2024\/11\/MAXI-TEKSTIL-SU-YALITIM-MEMBRANI.jpg 1920w, https:\/\/izotex.com\/wp-content\/uploads\/2024\/11\/MAXI-TEKSTIL-SU-YALITIM-MEMBRANI-300x169.jpg 300w, https:\/\/izotex.com\/wp-content\/uploads\/2024\/11\/MAXI-TEKSTIL-SU-YALITIM-MEMBRANI-1024x576.jpg 1024w, https:\/\/izotex.com\/wp-content\/uploads\/2024\/11\/MAXI-TEKSTIL-SU-YALITIM-MEMBRANI-768x432.jpg 768w, https:\/\/izotex.com\/wp-content\/uploads\/2024\/11\/MAXI-TEKSTIL-SU-YALITIM-MEMBRANI-1536x864.jpg 1536w\" sizes=\"(max-width: 1920px) 100vw, 1920px\" \/>\t\t\t\t\t\t\t\t\t\t\t<\/div>\n\t\t\t\t\t<\/div>\n\n\t\t<div class=\"box-text text-center\" >\n\t\t\t<div class=\"box-text-inner\">\n\t\t\t\t\n\t<div id=\"text-1533238033\" class=\"text bloklama\">\n\t\t\n<h4><strong>MAXI<\/strong><\/h4>\n<p class=\"oralama\" style=\"margin-bottom: 24px;\">Made of PP\/PE\/PP layers, this waterproofing membrane, 100 cm wide, is used for water-proofing floors and walls in wet areas.<\/p>\n\t\t\t<\/div>\n\t\n\t<div id=\"gap-734028994\" class=\"gap-element clearfix\" style=\"display:block; height:auto;\">\n\t\t\n<style>\n#gap-734028994 {\n  padding-top: 45px;\n}\n<\/style>\n\t<\/div>\n\t\n<a href=\"https:\/\/izotex.com\/tekstil-su-yalitim-membranlari\/maxi\/\" class=\"button secondary is-link lowercase button-product hover-shadow\"  style=\"border-radius:15px;\">\n\t\t<span>Discover More<\/span>\n\t<i class=\"icon-angle-right\" aria-hidden=\"true\" ><\/i><\/a>\n\n\t\t\t<\/div>\n\t\t<\/div>\n\t<\/div>\n\t\n\t\t<\/div>\n\t\t\t\t\n<style>\n#col-618199402 > .col-inner {\n  padding: 1px 1px 1px 1px;\n}\n<\/style>\n\t<\/div>\n\n\t\n<\/div>\n\t\t<\/div>\n\n\t\t\n<style>\n#section_1999910823 {\n  padding-top: 30px;\n  padding-bottom: 30px;\n}\n<\/style>\n\t<\/section>\n\t\n","protected":false},"excerpt":{"rendered":"","protected":false},"author":1,"featured_media":0,"parent":0,"menu_order":0,"comment_status":"closed","ping_status":"closed","template":"page-blank.php","meta":{"footnotes":""},"class_list":["post-1353","page","type-page","status-publish","hentry"],"aioseo_notices":[],"yoast_head":"<!-- This site is optimized with the Yoast SEO plugin v25.5 - https:\/\/yoast.com\/wordpress\/plugins\/seo\/ -->\n<title>Sheet Waterproofing Membranes - Izotex<\/title>\n<meta name=\"robots\" content=\"index, follow, max-snippet:-1, max-image-preview:large, max-video-preview:-1\" \/>\n<link rel=\"canonical\" href=\"https:\/\/izotex.com\/en\/sheet-waterproofing-membranes\/\" \/>\n<meta property=\"og:locale\" content=\"en_US\" \/>\n<meta property=\"og:type\" content=\"article\" \/>\n<meta property=\"og:title\" content=\"Sheet Waterproofing Membranes - Izotex\" \/>\n<meta property=\"og:url\" content=\"https:\/\/izotex.com\/en\/sheet-waterproofing-membranes\/\" \/>\n<meta property=\"og:site_name\" content=\"Izotex\" \/>\n<meta property=\"article:modified_time\" content=\"2025-10-15T13:30:57+00:00\" \/>\n<meta name=\"twitter:card\" content=\"summary_large_image\" \/>\n<meta name=\"twitter:label1\" content=\"Est. reading time\" \/>\n\t<meta name=\"twitter:data1\" content=\"2 minutes\" \/>\n<script type=\"application\/ld+json\" class=\"yoast-schema-graph\">{\"@context\":\"https:\/\/schema.org\",\"@graph\":[{\"@type\":\"WebPage\",\"@id\":\"https:\/\/izotex.com\/en\/sheet-waterproofing-membranes\/\",\"url\":\"https:\/\/izotex.com\/en\/sheet-waterproofing-membranes\/\",\"name\":\"Sheet Waterproofing Membranes - Izotex\",\"isPartOf\":{\"@id\":\"https:\/\/izotex.com\/en\/#website\"},\"datePublished\":\"2024-11-26T09:46:53+00:00\",\"dateModified\":\"2025-10-15T13:30:57+00:00\",\"breadcrumb\":{\"@id\":\"https:\/\/izotex.com\/en\/sheet-waterproofing-membranes\/#breadcrumb\"},\"inLanguage\":\"en-US\",\"potentialAction\":[{\"@type\":\"ReadAction\",\"target\":[\"https:\/\/izotex.com\/en\/sheet-waterproofing-membranes\/\"]}]},{\"@type\":\"BreadcrumbList\",\"@id\":\"https:\/\/izotex.com\/en\/sheet-waterproofing-membranes\/#breadcrumb\",\"itemListElement\":[{\"@type\":\"ListItem\",\"position\":1,\"name\":\"Home\",\"item\":\"https:\/\/izotex.com\/en\/\"},{\"@type\":\"ListItem\",\"position\":2,\"name\":\"Sheet Waterproofing Membranes\"}]},{\"@type\":\"WebSite\",\"@id\":\"https:\/\/izotex.com\/en\/#website\",\"url\":\"https:\/\/izotex.com\/en\/\",\"name\":\"Izotex\",\"description\":\"\",\"potentialAction\":[{\"@type\":\"SearchAction\",\"target\":{\"@type\":\"EntryPoint\",\"urlTemplate\":\"https:\/\/izotex.com\/en\/?s={search_term_string}\"},\"query-input\":{\"@type\":\"PropertyValueSpecification\",\"valueRequired\":true,\"valueName\":\"search_term_string\"}}],\"inLanguage\":\"en-US\"}]}<\/script>\n<!-- \/ Yoast SEO plugin. -->","yoast_head_json":{"title":"Sheet Waterproofing Membranes - Izotex","robots":{"index":"index","follow":"follow","max-snippet":"max-snippet:-1","max-image-preview":"max-image-preview:large","max-video-preview":"max-video-preview:-1"},"canonical":"https:\/\/izotex.com\/en\/sheet-waterproofing-membranes\/","og_locale":"en_US","og_type":"article","og_title":"Sheet Waterproofing Membranes - Izotex","og_url":"https:\/\/izotex.com\/en\/sheet-waterproofing-membranes\/","og_site_name":"Izotex","article_modified_time":"2025-10-15T13:30:57+00:00","twitter_card":"summary_large_image","twitter_misc":{"Est. reading time":"2 minutes"},"schema":{"@context":"https:\/\/schema.org","@graph":[{"@type":"WebPage","@id":"https:\/\/izotex.com\/en\/sheet-waterproofing-membranes\/","url":"https:\/\/izotex.com\/en\/sheet-waterproofing-membranes\/","name":"Sheet Waterproofing Membranes - Izotex","isPartOf":{"@id":"https:\/\/izotex.com\/en\/#website"},"datePublished":"2024-11-26T09:46:53+00:00","dateModified":"2025-10-15T13:30:57+00:00","breadcrumb":{"@id":"https:\/\/izotex.com\/en\/sheet-waterproofing-membranes\/#breadcrumb"},"inLanguage":"en-US","potentialAction":[{"@type":"ReadAction","target":["https:\/\/izotex.com\/en\/sheet-waterproofing-membranes\/"]}]},{"@type":"BreadcrumbList","@id":"https:\/\/izotex.com\/en\/sheet-waterproofing-membranes\/#breadcrumb","itemListElement":[{"@type":"ListItem","position":1,"name":"Home","item":"https:\/\/izotex.com\/en\/"},{"@type":"ListItem","position":2,"name":"Sheet Waterproofing Membranes"}]},{"@type":"WebSite","@id":"https:\/\/izotex.com\/en\/#website","url":"https:\/\/izotex.com\/en\/","name":"Izotex","description":"","potentialAction":[{"@type":"SearchAction","target":{"@type":"EntryPoint","urlTemplate":"https:\/\/izotex.com\/en\/?s={search_term_string}"},"query-input":{"@type":"PropertyValueSpecification","valueRequired":true,"valueName":"search_term_string"}}],"inLanguage":"en-US"}]}},"_links":{"self":[{"href":"https:\/\/izotex.com\/en\/wp-json\/wp\/v2\/pages\/1353","targetHints":{"allow":["GET"]}}],"collection":[{"href":"https:\/\/izotex.com\/en\/wp-json\/wp\/v2\/pages"}],"about":[{"href":"https:\/\/izotex.com\/en\/wp-json\/wp\/v2\/types\/page"}],"author":[{"embeddable":true,"href":"https:\/\/izotex.com\/en\/wp-json\/wp\/v2\/users\/1"}],"replies":[{"embeddable":true,"href":"https:\/\/izotex.com\/en\/wp-json\/wp\/v2\/comments?post=1353"}],"version-history":[{"count":12,"href":"https:\/\/izotex.com\/en\/wp-json\/wp\/v2\/pages\/1353\/revisions"}],"predecessor-version":[{"id":2547,"href":"https:\/\/izotex.com\/en\/wp-json\/wp\/v2\/pages\/1353\/revisions\/2547"}],"wp:attachment":[{"href":"https:\/\/izotex.com\/en\/wp-json\/wp\/v2\/media?parent=1353"}],"curies":[{"name":"wp","href":"https:\/\/api.w.org\/{rel}","templated":true}]}}