{"id":1347,"date":"2024-11-26T08:46:47","date_gmt":"2024-11-26T08:46:47","guid":{"rendered":"https:\/\/izotex.canturan.dev\/window-sealing-tapes\/"},"modified":"2025-11-04T14:47:56","modified_gmt":"2025-11-04T14:47:56","slug":"window-sealing-tapes","status":"publish","type":"page","link":"https:\/\/izotex.com\/en\/window-sealing-tapes\/","title":{"rendered":"Window Sealing Tapes"},"content":{"rendered":"\n\t<section class=\"section\" id=\"section_1834860375\">\n\t\t<div class=\"section-bg fill\" >\n\t\t\t\t\t\t\t\t\t\n\t\t\t\n\n\t\t<\/div>\n\n\t\t\n\n\t\t<div class=\"section-content relative\">\n\t\t\t\n\n  <div class=\"banner has-hover\" id=\"banner-944438079\">\n          <div class=\"banner-inner fill\">\n        <div class=\"banner-bg fill\" >\n            <img decoding=\"async\" width=\"2560\" height=\"1080\" src=\"https:\/\/izotex.com\/wp-content\/uploads\/2024\/11\/freepik_edit-scaled.jpg\" class=\"bg attachment-original size-original\" alt=\"\" \/>                        <div class=\"overlay\"><\/div>            \n                    <\/div>\n\t\t\n        <div class=\"banner-layers container\">\n            <div class=\"fill banner-link\"><\/div>            \n\t<div class=\"img has-hover x5 md-x0 lg-x0 y90 md-y50 lg-y50\" id=\"image_958892118\">\n\t\t\t\t\t\t\t\t<div class=\"img-inner dark\" >\n\t\t\t<img decoding=\"async\" width=\"1500\" height=\"1178\" src=\"https:\/\/izotex.com\/wp-content\/uploads\/2024\/11\/KENDINDEN-YAPISKANLI-KOR-KASA-YALITIM-BANTLARI-1.png\" class=\"attachment-original size-original\" alt=\"\" srcset=\"https:\/\/izotex.com\/wp-content\/uploads\/2024\/11\/KENDINDEN-YAPISKANLI-KOR-KASA-YALITIM-BANTLARI-1.png 1500w, https:\/\/izotex.com\/wp-content\/uploads\/2024\/11\/KENDINDEN-YAPISKANLI-KOR-KASA-YALITIM-BANTLARI-1-300x236.png 300w, https:\/\/izotex.com\/wp-content\/uploads\/2024\/11\/KENDINDEN-YAPISKANLI-KOR-KASA-YALITIM-BANTLARI-1-1024x804.png 1024w, https:\/\/izotex.com\/wp-content\/uploads\/2024\/11\/KENDINDEN-YAPISKANLI-KOR-KASA-YALITIM-BANTLARI-1-768x603.png 768w\" sizes=\"(max-width: 1500px) 100vw, 1500px\" \/>\t\t\t\t\t\t\n\t\t\t\t\t<\/div>\n\t\t\t\t\t\t\t\t\n<style>\n#image_958892118 {\n  width: 53%;\n}\n@media (min-width:550px) {\n  #image_958892118 {\n    width: 40%;\n  }\n}\n<\/style>\n\t<\/div>\n\t\n        <\/div>\n      <\/div>\n\n            \n<style>\n#banner-944438079 {\n  padding-top: 60vh;\n}\n#banner-944438079 .overlay {\n  background-color: rgba(0, 0, 0, 0.128);\n}\n#banner-944438079 .banner-bg img {\n  object-position: 39% 40%;\n}\n@media (min-width:550px) {\n  #banner-944438079 {\n    padding-top: 70vh;\n  }\n}\n<\/style>\n  <\/div>\n\n\n\t\t<\/div>\n\n\t\t\n<style>\n#section_1834860375 {\n  padding-top: 0px;\n  padding-bottom: 0px;\n}\n<\/style>\n\t<\/section>\n\t\n\n\t<section class=\"section\" id=\"section_92054353\">\n\t\t<div class=\"section-bg fill\" >\n\t\t\t\t\t\t\t\t\t\n\t\t\t\n\n\t\t<\/div>\n\n\t\t\n\n\t\t<div class=\"section-content relative\">\n\t\t\t\n<div class=\"row row-collapse\"  id=\"row-1505253774\">\n\n\t<div id=\"col-613476021\" class=\"col small-12 large-12\"  data-animate=\"fadeInDown\">\n\t\t\t\t<div class=\"col-inner\"  >\n\t\t\t\n\t\t\t\n\n<div class=\"izotex-bant\">\n<p>Sealing and Energy Efficiency in Your Buildings<\/p>\n<div class=\"izotex-bant-1\">\n<h1>EFFECTIVE SEALING IN WINDOW FRAMES<\/h1>\n<\/div>\n<p style=\"color: black;\">Airtight \u2013 Waterproof &#8211; Breathable<\/p>\n<\/div>\n\n\t\t<\/div>\n\t\t\t\t\t<\/div>\n\n\t\n<\/div>\n\t\t<\/div>\n\n\t\t\n<style>\n#section_92054353 {\n  padding-top: 10px;\n  padding-bottom: 10px;\n}\n@media (min-width:550px) {\n  #section_92054353 {\n    padding-top: 30px;\n    padding-bottom: 30px;\n  }\n}\n<\/style>\n\t<\/section>\n\t\n\n\t<section class=\"section\" id=\"section_1701378169\">\n\t\t<div class=\"section-bg fill\" >\n\t\t\t\t\t\t\t\t\t\n\t\t\t\n\n\t\t<\/div>\n\n\t\t\n\n\t\t<div class=\"section-content relative\">\n\t\t\t\n<div class=\"row\"  id=\"row-218522010\">\n\n\t<div id=\"col-531744440\" class=\"col small-12 large-12\"  >\n\t\t\t\t<div class=\"col-inner\"  >\n\t\t\t\n\t\t\t\n<p style=\"text-align: center;\">Proper sealing applications in window installation are vital for energy efficiency and indoor comfort. Window sealing tapes play a critical role in this process, preventing water and air leaks.<\/p>\n<p style=\"text-align: center;\"><b>IZOTEX products provide a reliable alternative in both new construction projects and renovations by offering high-performance solutions.<\/b><\/p>\n<p style=\"text-align: center;\">IZOTEX provides water and air sealing between the window frame and the wall during window installation, increasing energy efficiency and increasing indoor comfort. Variable Sd smart membrane technology allows use in both outdoor and indoor applications.<\/p>\n\t\t<\/div>\n\t\t\t\t\t<\/div>\n\n\t\n<\/div>\n\t\t<\/div>\n\n\t\t\n<style>\n#section_1701378169 {\n  padding-top: 0px;\n  padding-bottom: 0px;\n}\n<\/style>\n\t<\/section>\n\t\n\n\t<section class=\"section\" id=\"section_592664764\">\n\t\t<div class=\"section-bg fill\" >\n\t\t\t\t\t\t\t\t\t\n\t\t\t\n\n\t\t<\/div>\n\n\t\t\n\n\t\t<div class=\"section-content relative\">\n\t\t\t\n<div class=\"row\"  id=\"row-990194155\">\n\n\t<div id=\"col-112696375\" class=\"col small-12 large-12\"  >\n\t\t\t\t<div class=\"col-inner\"  >\n\t\t\t\n\t\t\t\n<div class=\"container section-title-container\" ><h2 class=\"section-title section-title-center\"><b><\/b><span class=\"section-title-main\" style=\"color:rgb(0, 0, 0);\">WINDOW SEALING TAPES<\/span><b><\/b><\/h2><\/div>\n\t\t<\/div>\n\t\t\t\t\t<\/div>\n\n\t\n\n\t<div id=\"col-1200122470\" class=\"col medium-6 small-12 large-6\"  data-animate=\"fadeInLeft\">\n\t\t\t\t<div class=\"col-inner text-center\"  >\n\t\t\t\n\t<div class=\"is-border\"\n\t\tstyle=\"border-width:0px 1px 0px 0px;\">\n\t<\/div>\n\t\t\t\n\t<div class=\"img has-hover icon-max-height x md-x lg-x y md-y lg-y\" id=\"image_19162128\">\n\t\t\t\t\t\t\t\t<div class=\"img-inner dark\" >\n\t\t\t<img decoding=\"async\" src=\"https:\/\/izotex.com\/wp-content\/uploads\/2024\/11\/izotex-win.svg\" class=\"attachment-original size-original\" alt=\"IZOTEX Win Logo - Y\u00fcksek Performansl\u0131 Pencere Yal\u0131t\u0131m \u00c7\u00f6z\u00fcmleri.\" \/>\t\t\t\t\t\t\n\t\t\t\t\t<\/div>\n\t\t\t\t\t\t\t\t\n<style>\n#image_19162128 {\n  width: 100%;\n}\n<\/style>\n\t<\/div>\n\t\n\t<div class=\"box has-hover   has-hover box-text-bottom\" >\n\n\t\t<div class=\"box-image\" >\n\t\t\t<a href=\"https:\/\/izotex.com\/kor-kasa-yalitim-bantlari\/izotex-win\/\" >\t\t\t<div class=\"image-cover\" style=\"padding-top:56.25%;\">\n\t\t\t\t<img decoding=\"async\" width=\"2560\" height=\"1442\" src=\"https:\/\/izotex.com\/wp-content\/uploads\/2024\/11\/IZOTEX-WIN-KOR-KASA-YALITIM-BANDI-scaled.jpg\" class=\"attachment- size-\" alt=\"IZOTEX WIN K\u00f6r Kasa Yal\u0131t\u0131m Band\u0131\" srcset=\"https:\/\/izotex.com\/wp-content\/uploads\/2024\/11\/IZOTEX-WIN-KOR-KASA-YALITIM-BANDI-scaled.jpg 2560w, https:\/\/izotex.com\/wp-content\/uploads\/2024\/11\/IZOTEX-WIN-KOR-KASA-YALITIM-BANDI-300x169.jpg 300w, https:\/\/izotex.com\/wp-content\/uploads\/2024\/11\/IZOTEX-WIN-KOR-KASA-YALITIM-BANDI-1024x577.jpg 1024w, https:\/\/izotex.com\/wp-content\/uploads\/2024\/11\/IZOTEX-WIN-KOR-KASA-YALITIM-BANDI-768x433.jpg 768w, https:\/\/izotex.com\/wp-content\/uploads\/2024\/11\/IZOTEX-WIN-KOR-KASA-YALITIM-BANDI-1536x865.jpg 1536w, https:\/\/izotex.com\/wp-content\/uploads\/2024\/11\/IZOTEX-WIN-KOR-KASA-YALITIM-BANDI-2048x1154.jpg 2048w\" sizes=\"(max-width: 2560px) 100vw, 2560px\" \/>\t\t\t\t\t\t\t\t\t\t\t<\/div>\n\t\t\t<\/a>\t\t<\/div>\n\n\t\t<div class=\"box-text text-center\" >\n\t\t\t<div class=\"box-text-inner\">\n\t\t\t\t\n<h4 class=\"products-tite-bg\"><strong>WINDOW SYSTEMS WITH METAL FRAME<\/strong><\/h4>\n<p class=\"oralama\">It is used to provide water insulation between the metal window frame where the joinery is placed and the wall junction and to prevent air entry from outside.<\/p>\n<a href=\"https:\/\/izotex.com\/kor-kasa-yalitim-bantlari\/izotex-win\/\" class=\"button secondary is-link lowercase button-product hover-shadow\"  style=\"border-radius:15px;\">\n\t\t<span>Discover More<\/span>\n\t<i class=\"icon-angle-right\" aria-hidden=\"true\" ><\/i><\/a>\n\n\t\t\t<\/div>\n\t\t<\/div>\n\t<\/div>\n\t\n\t\t<\/div>\n\t\t\t\t\n<style>\n#col-1200122470 > .col-inner {\n  padding: 1px 1px 1px 1px;\n}\n<\/style>\n\t<\/div>\n\n\t\n\n\t<div id=\"col-741054714\" class=\"col medium-6 small-12 large-6\"  data-animate=\"fadeInLeft\">\n\t\t\t\t<div class=\"col-inner text-center\"  >\n\t\t\t\n\t\t\t\n\t<div class=\"img has-hover icon-max-height x md-x lg-x y md-y lg-y\" id=\"image_1467239255\">\n\t\t\t\t\t\t\t\t<div class=\"img-inner dark\" >\n\t\t\t<img decoding=\"async\" src=\"https:\/\/izotex.com\/wp-content\/uploads\/2024\/11\/izotex-win-pro.svg\" class=\"attachment-original size-original\" alt=\"IZOTEX Win Pro+ Logo - Geli\u015fmi\u015f Pencere Yal\u0131t\u0131m Teknolojisi.\" \/>\t\t\t\t\t\t\n\t\t\t\t\t<\/div>\n\t\t\t\t\t\t\t\t\n<style>\n#image_1467239255 {\n  width: 100%;\n}\n<\/style>\n\t<\/div>\n\t\n\t<div class=\"box has-hover   has-hover box-text-bottom\" >\n\n\t\t<div class=\"box-image\" >\n\t\t\t<a href=\"https:\/\/izotex.com\/kor-kasa-yalitim-bantlari\/izotex-win-pro\/\" >\t\t\t<div class=\"image-cover\" style=\"padding-top:56.25%;\">\n\t\t\t\t<img decoding=\"async\" width=\"2560\" height=\"1442\" src=\"https:\/\/izotex.com\/wp-content\/uploads\/2024\/11\/IZOTEX-WINPRO-KENDINDEN-YAPISKANLI-KOR-KASA-YALITIM-BANDI-scaled.jpg\" class=\"attachment- size-\" alt=\"IZOTEX WINPRO Kendinden Yap\u0131\u015fkanl\u0131 K\u00f6r Kasa Yal\u0131t\u0131m Band\u0131\" srcset=\"https:\/\/izotex.com\/wp-content\/uploads\/2024\/11\/IZOTEX-WINPRO-KENDINDEN-YAPISKANLI-KOR-KASA-YALITIM-BANDI-scaled.jpg 2560w, https:\/\/izotex.com\/wp-content\/uploads\/2024\/11\/IZOTEX-WINPRO-KENDINDEN-YAPISKANLI-KOR-KASA-YALITIM-BANDI-300x169.jpg 300w, https:\/\/izotex.com\/wp-content\/uploads\/2024\/11\/IZOTEX-WINPRO-KENDINDEN-YAPISKANLI-KOR-KASA-YALITIM-BANDI-1024x577.jpg 1024w, https:\/\/izotex.com\/wp-content\/uploads\/2024\/11\/IZOTEX-WINPRO-KENDINDEN-YAPISKANLI-KOR-KASA-YALITIM-BANDI-768x433.jpg 768w, https:\/\/izotex.com\/wp-content\/uploads\/2024\/11\/IZOTEX-WINPRO-KENDINDEN-YAPISKANLI-KOR-KASA-YALITIM-BANDI-1536x865.jpg 1536w, https:\/\/izotex.com\/wp-content\/uploads\/2024\/11\/IZOTEX-WINPRO-KENDINDEN-YAPISKANLI-KOR-KASA-YALITIM-BANDI-2048x1154.jpg 2048w\" sizes=\"(max-width: 2560px) 100vw, 2560px\" \/>\t\t\t\t\t\t\t\t\t\t\t<\/div>\n\t\t\t<\/a>\t\t<\/div>\n\n\t\t<div class=\"box-text text-center\" >\n\t\t\t<div class=\"box-text-inner\">\n\t\t\t\t\n<h4><strong>WINDOW SYSTEMS WITHOUT METAL FRAME<\/strong><\/h4>\n<p class=\"oralama\">In applications where metal window frames are not used, it is bonded directly to PVC or aluminum joinery, providing water and air tightness between the joinery and the wall.<\/p>\n<a href=\"https:\/\/izotex.com\/kor-kasa-yalitim-bantlari\/izotex-win-pro\/\" class=\"button secondary is-link lowercase button-product hover-shadow\"  style=\"border-radius:15px;\">\n\t\t<span>Discover More<\/span>\n\t<i class=\"icon-angle-right\" aria-hidden=\"true\" ><\/i><\/a>\n\n\t\t\t<\/div>\n\t\t<\/div>\n\t<\/div>\n\t\n\t\t<\/div>\n\t\t\t\t\n<style>\n#col-741054714 > .col-inner {\n  padding: 1px 1px 1px 1px;\n}\n<\/style>\n\t<\/div>\n\n\t\n<\/div>\n\t\t<\/div>\n\n\t\t\n<style>\n#section_592664764 {\n  padding-top: 30px;\n  padding-bottom: 30px;\n}\n<\/style>\n\t<\/section>\n\t\n","protected":false},"excerpt":{"rendered":"","protected":false},"author":1,"featured_media":0,"parent":0,"menu_order":0,"comment_status":"closed","ping_status":"closed","template":"page-blank.php","meta":{"footnotes":""},"class_list":["post-1347","page","type-page","status-publish","hentry"],"aioseo_notices":[],"yoast_head":"<!-- This site is optimized with the Yoast SEO plugin v25.5 - https:\/\/yoast.com\/wordpress\/plugins\/seo\/ -->\n<title>Window Sealing Tapes - Waterproofing | Izotex<\/title>\n<meta name=\"description\" content=\"Improve energy efficiency and comfort with Izotex window sealing tapes. Block water, air, and dust leaks effectively in all construction projects.\" \/>\n<meta name=\"robots\" content=\"index, follow, max-snippet:-1, max-image-preview:large, max-video-preview:-1\" \/>\n<link rel=\"canonical\" href=\"https:\/\/izotex.com\/tr\/kor-kasa-yalitim-bantlari\/\" \/>\n<meta property=\"og:locale\" content=\"en_US\" \/>\n<meta property=\"og:type\" content=\"article\" \/>\n<meta property=\"og:title\" content=\"Window Sealing Tapes - Waterproofing | Izotex\" \/>\n<meta property=\"og:description\" content=\"Improve energy efficiency and comfort with Izotex window sealing tapes. Block water, air, and dust leaks effectively in all construction projects.\" \/>\n<meta property=\"og:url\" content=\"https:\/\/izotex.com\/tr\/kor-kasa-yalitim-bantlari\/\" \/>\n<meta property=\"og:site_name\" content=\"Izotex\" \/>\n<meta property=\"article:modified_time\" content=\"2025-11-04T14:47:56+00:00\" \/>\n<meta name=\"twitter:card\" content=\"summary_large_image\" \/>\n<meta name=\"twitter:label1\" content=\"Est. reading time\" \/>\n\t<meta name=\"twitter:data1\" content=\"2 minutes\" \/>\n<script type=\"application\/ld+json\" class=\"yoast-schema-graph\">{\"@context\":\"https:\/\/schema.org\",\"@graph\":[{\"@type\":\"WebPage\",\"@id\":\"https:\/\/izotex.com\/tr\/kor-kasa-yalitim-bantlari\/\",\"url\":\"https:\/\/izotex.com\/tr\/kor-kasa-yalitim-bantlari\/\",\"name\":\"Window Sealing Tapes - Waterproofing | Izotex\",\"isPartOf\":{\"@id\":\"https:\/\/izotex.com\/en\/#website\"},\"datePublished\":\"2024-11-26T08:46:47+00:00\",\"dateModified\":\"2025-11-04T14:47:56+00:00\",\"description\":\"Improve energy efficiency and comfort with Izotex window sealing tapes. Block water, air, and dust leaks effectively in all construction projects.\",\"breadcrumb\":{\"@id\":\"https:\/\/izotex.com\/tr\/kor-kasa-yalitim-bantlari\/#breadcrumb\"},\"inLanguage\":\"en-US\",\"potentialAction\":[{\"@type\":\"ReadAction\",\"target\":[\"https:\/\/izotex.com\/tr\/kor-kasa-yalitim-bantlari\/\"]}]},{\"@type\":\"BreadcrumbList\",\"@id\":\"https:\/\/izotex.com\/tr\/kor-kasa-yalitim-bantlari\/#breadcrumb\",\"itemListElement\":[{\"@type\":\"ListItem\",\"position\":1,\"name\":\"Home\",\"item\":\"https:\/\/izotex.com\/en\/\"},{\"@type\":\"ListItem\",\"position\":2,\"name\":\"Window Sealing Tapes\"}]},{\"@type\":\"WebSite\",\"@id\":\"https:\/\/izotex.com\/en\/#website\",\"url\":\"https:\/\/izotex.com\/en\/\",\"name\":\"Izotex\",\"description\":\"\",\"potentialAction\":[{\"@type\":\"SearchAction\",\"target\":{\"@type\":\"EntryPoint\",\"urlTemplate\":\"https:\/\/izotex.com\/en\/?s={search_term_string}\"},\"query-input\":{\"@type\":\"PropertyValueSpecification\",\"valueRequired\":true,\"valueName\":\"search_term_string\"}}],\"inLanguage\":\"en-US\"}]}<\/script>\n<!-- \/ Yoast SEO plugin. -->","yoast_head_json":{"title":"Window Sealing Tapes - Waterproofing | Izotex","description":"Improve energy efficiency and comfort with Izotex window sealing tapes. Block water, air, and dust leaks effectively in all construction projects.","robots":{"index":"index","follow":"follow","max-snippet":"max-snippet:-1","max-image-preview":"max-image-preview:large","max-video-preview":"max-video-preview:-1"},"canonical":"https:\/\/izotex.com\/tr\/kor-kasa-yalitim-bantlari\/","og_locale":"en_US","og_type":"article","og_title":"Window Sealing Tapes - Waterproofing | Izotex","og_description":"Improve energy efficiency and comfort with Izotex window sealing tapes. Block water, air, and dust leaks effectively in all construction projects.","og_url":"https:\/\/izotex.com\/tr\/kor-kasa-yalitim-bantlari\/","og_site_name":"Izotex","article_modified_time":"2025-11-04T14:47:56+00:00","twitter_card":"summary_large_image","twitter_misc":{"Est. reading time":"2 minutes"},"schema":{"@context":"https:\/\/schema.org","@graph":[{"@type":"WebPage","@id":"https:\/\/izotex.com\/tr\/kor-kasa-yalitim-bantlari\/","url":"https:\/\/izotex.com\/tr\/kor-kasa-yalitim-bantlari\/","name":"Window Sealing Tapes - Waterproofing | Izotex","isPartOf":{"@id":"https:\/\/izotex.com\/en\/#website"},"datePublished":"2024-11-26T08:46:47+00:00","dateModified":"2025-11-04T14:47:56+00:00","description":"Improve energy efficiency and comfort with Izotex window sealing tapes. Block water, air, and dust leaks effectively in all construction projects.","breadcrumb":{"@id":"https:\/\/izotex.com\/tr\/kor-kasa-yalitim-bantlari\/#breadcrumb"},"inLanguage":"en-US","potentialAction":[{"@type":"ReadAction","target":["https:\/\/izotex.com\/tr\/kor-kasa-yalitim-bantlari\/"]}]},{"@type":"BreadcrumbList","@id":"https:\/\/izotex.com\/tr\/kor-kasa-yalitim-bantlari\/#breadcrumb","itemListElement":[{"@type":"ListItem","position":1,"name":"Home","item":"https:\/\/izotex.com\/en\/"},{"@type":"ListItem","position":2,"name":"Window Sealing Tapes"}]},{"@type":"WebSite","@id":"https:\/\/izotex.com\/en\/#website","url":"https:\/\/izotex.com\/en\/","name":"Izotex","description":"","potentialAction":[{"@type":"SearchAction","target":{"@type":"EntryPoint","urlTemplate":"https:\/\/izotex.com\/en\/?s={search_term_string}"},"query-input":{"@type":"PropertyValueSpecification","valueRequired":true,"valueName":"search_term_string"}}],"inLanguage":"en-US"}]}},"_links":{"self":[{"href":"https:\/\/izotex.com\/en\/wp-json\/wp\/v2\/pages\/1347","targetHints":{"allow":["GET"]}}],"collection":[{"href":"https:\/\/izotex.com\/en\/wp-json\/wp\/v2\/pages"}],"about":[{"href":"https:\/\/izotex.com\/en\/wp-json\/wp\/v2\/types\/page"}],"author":[{"embeddable":true,"href":"https:\/\/izotex.com\/en\/wp-json\/wp\/v2\/users\/1"}],"replies":[{"embeddable":true,"href":"https:\/\/izotex.com\/en\/wp-json\/wp\/v2\/comments?post=1347"}],"version-history":[{"count":10,"href":"https:\/\/izotex.com\/en\/wp-json\/wp\/v2\/pages\/1347\/revisions"}],"predecessor-version":[{"id":2524,"href":"https:\/\/izotex.com\/en\/wp-json\/wp\/v2\/pages\/1347\/revisions\/2524"}],"wp:attachment":[{"href":"https:\/\/izotex.com\/en\/wp-json\/wp\/v2\/media?parent=1347"}],"curies":[{"name":"wp","href":"https:\/\/api.w.org\/{rel}","templated":true}]}}