{"id":1344,"date":"2024-11-19T10:57:32","date_gmt":"2024-11-19T10:57:32","guid":{"rendered":"https:\/\/izotex.canturan.dev\/products\/"},"modified":"2025-11-04T14:51:29","modified_gmt":"2025-11-04T14:51:29","slug":"products","status":"publish","type":"page","link":"https:\/\/izotex.com\/en\/products\/","title":{"rendered":"Products"},"content":{"rendered":"\n\t<section class=\"section\" id=\"section_1889628164\">\n\t\t<div class=\"section-bg fill\" >\n\t\t\t\t\t\t\t\t\t\n\t\t\t\n\n\t\t<\/div>\n\n\t\t\n\n\t\t<div class=\"section-content relative\">\n\t\t\t\n\n  <div class=\"banner has-hover\" id=\"banner-1258269807\">\n          <div class=\"banner-inner fill\">\n        <div class=\"banner-bg fill\" >\n            <img decoding=\"async\" width=\"1\" height=\"1\" src=\"https:\/\/izotex.com\/wp-content\/uploads\/2024\/11\/bg-svg-3.svg\" class=\"bg attachment-large size-large\" alt=\"\" \/>                        <div class=\"overlay\"><\/div>            \n                    <\/div>\n\t\t\n        <div class=\"banner-layers container\">\n            <div class=\"fill banner-link\"><\/div>            \n   <div id=\"text-box-1495221044\" class=\"text-box banner-layer x50 md-x95 lg-x95 y100 md-y50 lg-y50 res-text\">\n                     <div data-animate=\"fadeInRight\">           <div class=\"text-box-content text \">\n              \n              <div class=\"text-inner text-center\">\n                  \n\t<div id=\"text-4179891725\" class=\"text\">\n\t\t\n<h1 class=\"product-mobile-h1\" style=\"font-size: 30px;\"><strong>Perfect Sealing Solutions<br \/>\nwith IZOTEX<br \/>\n<\/strong><\/h1>\n\t\t\n<style>\n#text-4179891725 {\n  text-align: center;\n}\n<\/style>\n\t<\/div>\n\t\n\t<div id=\"text-3763747\" class=\"text bloklama\">\n\t\t\n<p>IZOTEX products provide exceptional sealing solutions for every part of a building, ensuring long-lasting durability and structural integrity. From waterproofing beneath ceramics in wet areas such as bathrooms, balconies, and terraces, to water and air sealing around window joinery, IZOTEX proves effective in a wide range of applications. Offering both practical and technical solutions, IZOTEX meets all construction needs.<\/p>\n<p>Experience the IZOTEX difference in your buildings and secure your living spaces for the future.<br \/>\n\t\t\n<style>\n#text-3763747 {\n  text-align: left;\n}\n<\/style>\n\t<\/div>\n\t\n              <\/div>\n           <\/div>\n       <\/div>                     \n<style>\n#text-box-1495221044 {\n  width: 90%;\n}\n#text-box-1495221044 .text-box-content {\n  font-size: 100%;\n}\n@media (min-width:550px) {\n  #text-box-1495221044 {\n    width: 50%;\n  }\n}\n<\/style>\n    <\/div>\n \n   <div id=\"text-box-1147708035\" class=\"text-box banner-layer x50 md-x10 lg-x10 y5 md-y50 lg-y50 res-text\">\n                                <div class=\"text-box-content text dark\">\n              \n              <div class=\"text-inner text-center\">\n                  \n\t<div class=\"img has-hover x md-x lg-x y md-y lg-y\" id=\"image_313280062\">\n\t\t\t\t\t\t<div data-animate=\"fadeInLeft\">\t\t<div class=\"img-inner dark\" >\n\t\t\t<img decoding=\"async\" width=\"1500\" height=\"1881\" src=\"https:\/\/izotex.com\/wp-content\/uploads\/2024\/11\/izotex-tum-urunler.png\" class=\"attachment-original size-original\" alt=\"\" srcset=\"https:\/\/izotex.com\/wp-content\/uploads\/2024\/11\/izotex-tum-urunler.png 1500w, https:\/\/izotex.com\/wp-content\/uploads\/2024\/11\/izotex-tum-urunler-239x300.png 239w, https:\/\/izotex.com\/wp-content\/uploads\/2024\/11\/izotex-tum-urunler-817x1024.png 817w, https:\/\/izotex.com\/wp-content\/uploads\/2024\/11\/izotex-tum-urunler-768x963.png 768w, https:\/\/izotex.com\/wp-content\/uploads\/2024\/11\/izotex-tum-urunler-1225x1536.png 1225w\" sizes=\"(max-width: 1500px) 100vw, 1500px\" \/>\t\t\t\t\t\t\n\t\t\t\t\t<\/div>\n\t\t<\/div>\t\t\t\t\t\t\n<style>\n#image_313280062 {\n  width: 100%;\n}\n<\/style>\n\t<\/div>\n\t\n              <\/div>\n           <\/div>\n                            \n<style>\n#text-box-1147708035 {\n  width: 50%;\n}\n#text-box-1147708035 .text-box-content {\n  font-size: 100%;\n}\n@media (min-width:550px) {\n  #text-box-1147708035 {\n    width: 30%;\n  }\n}\n<\/style>\n    <\/div>\n \n        <\/div>\n      <\/div>\n\n            \n<style>\n#banner-1258269807 {\n  padding-top: 550px;\n  background-color: rgb(250, 250, 250);\n}\n#banner-1258269807 .overlay {\n  background-color: rgba(250, 250, 250, 0.593);\n}\n#banner-1258269807 .banner-bg img {\n  object-position: 100% 45%;\n}\n@media (min-width:550px) {\n  #banner-1258269807 {\n    padding-top: 500px;\n  }\n}\n<\/style>\n  <\/div>\n\n\n\t\t<\/div>\n\n\t\t\n<style>\n#section_1889628164 {\n  padding-top: 0px;\n  padding-bottom: 0px;\n}\n<\/style>\n\t<\/section>\n\t\n\n\t<section class=\"section\" id=\"section_1355834998\">\n\t\t<div class=\"section-bg fill\" >\n\t\t\t\t\t\t\t\t\t\n\t\t\t\n\n\t\t<\/div>\n\n\t\t\n\n\t\t<div class=\"section-content relative\">\n\t\t\t\n<div class=\"row row-collapse align-middle align-center\"  id=\"row-39630920\">\n\n\t<div id=\"col-2047279071\" class=\"col small-12 large-12\"  data-animate=\"fadeInDown\">\n\t\t\t\t<div class=\"col-inner text-center\"  >\n\t\t\t\n\t\t\t\n\t<div id=\"gap-303325405\" class=\"gap-element clearfix\" style=\"display:block; height:auto;\">\n\t\t\n<style>\n#gap-303325405 {\n  padding-top: 30px;\n}\n<\/style>\n\t<\/div>\n\t\n\n<div class=\"izotex-head divider\">\n<h2 class=\"product-mobile-h2\" style=\"font-size: 24px;\">DISCOVER OUR PRODUCTS FOR PROFESSIONAL WATERPROOFING SOLUTIONS<\/h2>\n<\/div>\n\n\t\t<\/div>\n\t\t\t\t\t<\/div>\n\n\t\n<\/div>\n\t\t<\/div>\n\n\t\t\n<style>\n#section_1355834998 {\n  padding-top: 30px;\n  padding-bottom: 30px;\n}\n<\/style>\n\t<\/section>\n\t\n\n\t<section class=\"section\" id=\"section_1508232037\">\n\t\t<div class=\"section-bg fill\" >\n\t\t\t\t\t\t\t\t\t\n\t\t\t\n\n\t\t<\/div>\n\n\t\t\n\n\t\t<div class=\"section-content relative\">\n\t\t\t\n<div class=\"row image-box-products-row\"  id=\"row-432683631\">\n\n\t<div id=\"col-1610790445\" class=\"col medium-3 small-12 large-3\"  data-animate=\"fadeInLeft\">\n\t\t\t\t<div class=\"col-inner\"  >\n\t\t\t\n\t<div class=\"is-border\"\n\t\tstyle=\"border-width:0px 1px 0px 0px;\">\n\t<\/div>\n\t\t\t\n\t<div class=\"box has-hover image-box-products  has-hover box-text-bottom\" >\n\n\t\t<div class=\"box-image\" >\n\t\t\t<a href=\"https:\/\/izotex.com\/kor-kasa-yalitim-bantlari\/\" >\t\t\t<div class=\"image-cover\" style=\"padding-top:56.25%;\">\n\t\t\t\t<img decoding=\"async\" width=\"1168\" height=\"696\" src=\"https:\/\/izotex.com\/wp-content\/uploads\/2025\/01\/kor-kasa-yalitim-bandi.jpg\" class=\"attachment- size-\" alt=\"Self-adhesive window sealing tape applied between wall and frame\" srcset=\"https:\/\/izotex.com\/wp-content\/uploads\/2025\/01\/kor-kasa-yalitim-bandi.jpg 1168w, https:\/\/izotex.com\/wp-content\/uploads\/2025\/01\/kor-kasa-yalitim-bandi-300x179.jpg 300w, https:\/\/izotex.com\/wp-content\/uploads\/2025\/01\/kor-kasa-yalitim-bandi-1024x610.jpg 1024w, https:\/\/izotex.com\/wp-content\/uploads\/2025\/01\/kor-kasa-yalitim-bandi-768x458.jpg 768w\" sizes=\"(max-width: 1168px) 100vw, 1168px\" \/>\t\t\t\t\t\t\t\t\t\t\t<\/div>\n\t\t\t<\/a>\t\t<\/div>\n\n\t\t<div class=\"box-text text-center\" >\n\t\t\t<div class=\"box-text-inner\">\n\t\t\t\t\n\t<div id=\"text-3173746321\" class=\"text\">\n\t\t\n<h4 class=\"products-tite-bg\"><strong>WINDOW SEALING TAPES<\/strong><\/h4>\n<p>Window sealing tapes that ensure water and air tightness between aluminum or PVC joinery and the wall, featuring strong adhesion for easy application and plasterable properties.<br \/>\n\t\t\n<style>\n#text-3173746321 {\n  font-size: 0.9rem;\n}\n<\/style>\n\t<\/div>\n\t\n<a href=\"https:\/\/izotex.com\/kor-kasa-yalitim-bantlari\/\" class=\"button secondary is-link lowercase button-product hover-shadow\"  style=\"border-radius:15px;\">\n\t\t<span>Discover More<\/span>\n\t<i class=\"icon-angle-right\" aria-hidden=\"true\" ><\/i><\/a>\n\n\t\t\t<\/div>\n\t\t<\/div>\n\t<\/div>\n\t\n\t\t<\/div>\n\t\t\t\t\n<style>\n#col-1610790445 > .col-inner {\n  padding: 1px 1px 1px 1px;\n}\n<\/style>\n\t<\/div>\n\n\t\n\n\t<div id=\"col-1744811559\" class=\"col medium-3 small-12 large-3\"  data-animate=\"fadeInLeft\">\n\t\t\t\t<div class=\"col-inner\"  >\n\t\t\t\n\t<div class=\"is-border\"\n\t\tstyle=\"border-width:0px 1px 0px 0px;\">\n\t<\/div>\n\t\t\t\n\t<div class=\"box has-hover image-box-products  has-hover box-text-bottom\" >\n\n\t\t<div class=\"box-image\" >\n\t\t\t<a href=\"https:\/\/izotex.com\/tekstil-su-yalitim-membranlari\/\" >\t\t\t<div class=\"image-cover\" style=\"padding-top:56.25%;\">\n\t\t\t\t<img decoding=\"async\" width=\"1775\" height=\"1000\" src=\"https:\/\/izotex.com\/wp-content\/uploads\/2025\/01\/tekstil-su-yalitim-membranlari-1.jpg\" class=\"attachment- size-\" alt=\"tekstil-su-yalitim-membranlari\" srcset=\"https:\/\/izotex.com\/wp-content\/uploads\/2025\/01\/tekstil-su-yalitim-membranlari-1.jpg 1775w, https:\/\/izotex.com\/wp-content\/uploads\/2025\/01\/tekstil-su-yalitim-membranlari-1-300x169.jpg 300w, https:\/\/izotex.com\/wp-content\/uploads\/2025\/01\/tekstil-su-yalitim-membranlari-1-1024x577.jpg 1024w, https:\/\/izotex.com\/wp-content\/uploads\/2025\/01\/tekstil-su-yalitim-membranlari-1-768x433.jpg 768w, https:\/\/izotex.com\/wp-content\/uploads\/2025\/01\/tekstil-su-yalitim-membranlari-1-1536x865.jpg 1536w\" sizes=\"(max-width: 1775px) 100vw, 1775px\" \/>\t\t\t\t\t\t\t\t\t\t\t<\/div>\n\t\t\t<\/a>\t\t<\/div>\n\n\t\t<div class=\"box-text text-center\" >\n\t\t\t<div class=\"box-text-inner\">\n\t\t\t\t\n\t<div id=\"text-914640622\" class=\"text\">\n\t\t\n<h4><strong> SHEET WATERPROOFING MEMBRANES<\/strong><\/h4>\n<p>A three-layer waterproofing membranes providing waterproofing in wet areas, specially designed with fibrous surface that are highly compatible with adhesives.<br \/>\n\t\t\n<style>\n#text-914640622 {\n  font-size: 0.9rem;\n}\n<\/style>\n\t<\/div>\n\t\n<a href=\"https:\/\/izotex.com\/tekstil-su-yalitim-membranlari\/\" class=\"button secondary is-link lowercase button-product hover-shadow\"  >\n\t\t<span>Discover More<\/span>\n\t<i class=\"icon-angle-right\" aria-hidden=\"true\" ><\/i><\/a>\n\n\t\t\t<\/div>\n\t\t<\/div>\n\t<\/div>\n\t\n\t\t<\/div>\n\t\t\t\t\n<style>\n#col-1744811559 > .col-inner {\n  padding: 1px 1px 1px 1px;\n}\n<\/style>\n\t<\/div>\n\n\t\n\n\t<div id=\"col-1952831308\" class=\"col medium-3 small-12 large-3\"  data-animate=\"fadeInLeft\">\n\t\t\t\t<div class=\"col-inner\"  >\n\t\t\t\n\t<div class=\"is-border\"\n\t\tstyle=\"border-width:0px 1px 0px 0px;\">\n\t<\/div>\n\t\t\t\n\t<div class=\"box has-hover image-box-products  has-hover box-text-bottom\" >\n\n\t\t<div class=\"box-image\" >\n\t\t\t<a href=\"https:\/\/izotex.com\/kendinden-yapiskanli-membranlar\/izotex-plus\/\" >\t\t\t<div class=\"image-cover\" style=\"padding-top:56.25%;\">\n\t\t\t\t<img decoding=\"async\" width=\"1500\" height=\"845\" src=\"https:\/\/izotex.com\/wp-content\/uploads\/2024\/11\/kendinden-yapiskanli-su-yalitim-membranlari.png\" class=\"attachment- size-\" alt=\"Kendinden Yap\u0131\u015fkanl\u0131 Su Yal\u0131t\u0131m Mebranlar\u0131\" srcset=\"https:\/\/izotex.com\/wp-content\/uploads\/2024\/11\/kendinden-yapiskanli-su-yalitim-membranlari.png 1500w, https:\/\/izotex.com\/wp-content\/uploads\/2024\/11\/kendinden-yapiskanli-su-yalitim-membranlari-300x169.png 300w, https:\/\/izotex.com\/wp-content\/uploads\/2024\/11\/kendinden-yapiskanli-su-yalitim-membranlari-1024x577.png 1024w, https:\/\/izotex.com\/wp-content\/uploads\/2024\/11\/kendinden-yapiskanli-su-yalitim-membranlari-768x433.png 768w\" sizes=\"(max-width: 1500px) 100vw, 1500px\" \/>\t\t\t\t\t\t\t\t\t\t\t<\/div>\n\t\t\t<\/a>\t\t<\/div>\n\n\t\t<div class=\"box-text text-center\" >\n\t\t\t<div class=\"box-text-inner\">\n\t\t\t\t\n\t<div id=\"text-435102118\" class=\"text\">\n\t\t\n<h4><strong>SELF-ADHESIVE WATERPROOFING MEMBRANES<\/strong><\/h4>\n<p>It is a practical self-adhesive waterproofing sheet that can be applied without the need for additional adhesive, produced in various sizes, and suitable for a wide range of applications.<br \/>\n\t\t\n<style>\n#text-435102118 {\n  font-size: 0.9rem;\n}\n<\/style>\n\t<\/div>\n\t\n<a href=\"https:\/\/izotex.com\/kendinden-yapiskanli-membranlar\/izotex-plus\/\" class=\"button secondary is-link lowercase button-product hover-shadow\"  style=\"border-radius:15px;\">\n\t\t<span>Discover More<\/span>\n\t<i class=\"icon-angle-right\" aria-hidden=\"true\" ><\/i><\/a>\n\n\t\t\t<\/div>\n\t\t<\/div>\n\t<\/div>\n\t\n\t\t<\/div>\n\t\t\t\t\n<style>\n#col-1952831308 > .col-inner {\n  padding: 1px 1px 1px 1px;\n}\n<\/style>\n\t<\/div>\n\n\t\n\n\t<div id=\"col-1733333299\" class=\"col medium-3 small-12 large-3\"  data-animate=\"fadeInLeft\">\n\t\t\t\t<div class=\"col-inner\"  >\n\t\t\t\n\t\t\t\n\t<div class=\"box has-hover image-box-products  has-hover box-text-bottom\" >\n\n\t\t<div class=\"box-image\" >\n\t\t\t\t\t\t<div class=\"image-cover\" style=\"padding-top:56.25%;\">\n\t\t\t\t<img decoding=\"async\" width=\"1920\" height=\"1080\" src=\"https:\/\/izotex.com\/wp-content\/uploads\/2024\/11\/Untitled-9-1.png\" class=\"attachment- size-\" alt=\"\" srcset=\"https:\/\/izotex.com\/wp-content\/uploads\/2024\/11\/Untitled-9-1.png 1920w, https:\/\/izotex.com\/wp-content\/uploads\/2024\/11\/Untitled-9-1-300x169.png 300w, https:\/\/izotex.com\/wp-content\/uploads\/2024\/11\/Untitled-9-1-1024x576.png 1024w, https:\/\/izotex.com\/wp-content\/uploads\/2024\/11\/Untitled-9-1-768x432.png 768w, https:\/\/izotex.com\/wp-content\/uploads\/2024\/11\/Untitled-9-1-1536x864.png 1536w\" sizes=\"(max-width: 1920px) 100vw, 1920px\" \/>\t\t\t\t\t\t\t\t\t\t\t<\/div>\n\t\t\t\t\t<\/div>\n\n\t\t<div class=\"box-text text-center\" >\n\t\t\t<div class=\"box-text-inner\">\n\t\t\t\t\n\t<div id=\"text-598911522\" class=\"text\">\n\t\t\n<h4><strong>ACCESSORIES<\/strong><\/h4>\n<p>Durable and long-lasting complementary sealing products that provide effective sealing in challenging areas, such as corner joints and wall floor connections.<br \/>\n\t\t\n<style>\n#text-598911522 {\n  font-size: 0.9rem;\n}\n<\/style>\n\t<\/div>\n\t\n<a class=\"button secondary is-link lowercase button-product hover-shadow\"  style=\"border-radius:15px;\">\n\t\t<span>Discover More<\/span>\n\t<i class=\"icon-angle-right\" aria-hidden=\"true\" ><\/i><\/a>\n\n\t\t\t<\/div>\n\t\t<\/div>\n\t<\/div>\n\t\n\t\t<\/div>\n\t\t\t\t\n<style>\n#col-1733333299 > .col-inner {\n  padding: 1px 1px 1px 1px;\n}\n<\/style>\n\t<\/div>\n\n\t\n<\/div>\n\t\t<\/div>\n\n\t\t\n<style>\n#section_1508232037 {\n  padding-top: 30px;\n  padding-bottom: 30px;\n}\n<\/style>\n\t<\/section>\n\t\n","protected":false},"excerpt":{"rendered":"","protected":false},"author":1,"featured_media":0,"parent":0,"menu_order":0,"comment_status":"closed","ping_status":"closed","template":"page-blank.php","meta":{"footnotes":""},"class_list":["post-1344","page","type-page","status-publish","hentry"],"aioseo_notices":[],"yoast_head":"<!-- This site is optimized with the Yoast SEO plugin v25.5 - https:\/\/yoast.com\/wordpress\/plugins\/seo\/ -->\n<title>Waterproofing Products - Durable Solutions | Izotex<\/title>\n<meta name=\"description\" content=\"Browse Izotex&#039;s range of waterproofing products. Discover durable membranes, insulation tapes, and innovative solutions for reliable water protection.\" \/>\n<meta name=\"robots\" content=\"index, follow, max-snippet:-1, max-image-preview:large, max-video-preview:-1\" \/>\n<link rel=\"canonical\" href=\"https:\/\/izotex.com\/tr\/urunler\/\" \/>\n<meta property=\"og:locale\" content=\"en_US\" \/>\n<meta property=\"og:type\" content=\"article\" \/>\n<meta property=\"og:title\" content=\"Waterproofing Products - Durable Solutions | Izotex\" \/>\n<meta property=\"og:description\" content=\"Browse Izotex&#039;s range of waterproofing products. Discover durable membranes, insulation tapes, and innovative solutions for reliable water protection.\" \/>\n<meta property=\"og:url\" content=\"https:\/\/izotex.com\/tr\/urunler\/\" \/>\n<meta property=\"og:site_name\" content=\"Izotex\" \/>\n<meta property=\"article:modified_time\" content=\"2025-11-04T14:51:29+00:00\" \/>\n<meta name=\"twitter:card\" content=\"summary_large_image\" \/>\n<meta name=\"twitter:label1\" content=\"Est. reading time\" \/>\n\t<meta name=\"twitter:data1\" content=\"2 minutes\" \/>\n<script type=\"application\/ld+json\" class=\"yoast-schema-graph\">{\"@context\":\"https:\/\/schema.org\",\"@graph\":[{\"@type\":\"WebPage\",\"@id\":\"https:\/\/izotex.com\/tr\/urunler\/\",\"url\":\"https:\/\/izotex.com\/tr\/urunler\/\",\"name\":\"Waterproofing Products - Durable Solutions | Izotex\",\"isPartOf\":{\"@id\":\"https:\/\/izotex.com\/en\/#website\"},\"datePublished\":\"2024-11-19T10:57:32+00:00\",\"dateModified\":\"2025-11-04T14:51:29+00:00\",\"description\":\"Browse Izotex's range of waterproofing products. Discover durable membranes, insulation tapes, and innovative solutions for reliable water protection.\",\"breadcrumb\":{\"@id\":\"https:\/\/izotex.com\/tr\/urunler\/#breadcrumb\"},\"inLanguage\":\"en-US\",\"potentialAction\":[{\"@type\":\"ReadAction\",\"target\":[\"https:\/\/izotex.com\/tr\/urunler\/\"]}]},{\"@type\":\"BreadcrumbList\",\"@id\":\"https:\/\/izotex.com\/tr\/urunler\/#breadcrumb\",\"itemListElement\":[{\"@type\":\"ListItem\",\"position\":1,\"name\":\"Home\",\"item\":\"https:\/\/izotex.com\/en\/\"},{\"@type\":\"ListItem\",\"position\":2,\"name\":\"Products\"}]},{\"@type\":\"WebSite\",\"@id\":\"https:\/\/izotex.com\/en\/#website\",\"url\":\"https:\/\/izotex.com\/en\/\",\"name\":\"Izotex\",\"description\":\"\",\"potentialAction\":[{\"@type\":\"SearchAction\",\"target\":{\"@type\":\"EntryPoint\",\"urlTemplate\":\"https:\/\/izotex.com\/en\/?s={search_term_string}\"},\"query-input\":{\"@type\":\"PropertyValueSpecification\",\"valueRequired\":true,\"valueName\":\"search_term_string\"}}],\"inLanguage\":\"en-US\"}]}<\/script>\n<!-- \/ Yoast SEO plugin. -->","yoast_head_json":{"title":"Waterproofing Products - Durable Solutions | Izotex","description":"Browse Izotex's range of waterproofing products. Discover durable membranes, insulation tapes, and innovative solutions for reliable water protection.","robots":{"index":"index","follow":"follow","max-snippet":"max-snippet:-1","max-image-preview":"max-image-preview:large","max-video-preview":"max-video-preview:-1"},"canonical":"https:\/\/izotex.com\/tr\/urunler\/","og_locale":"en_US","og_type":"article","og_title":"Waterproofing Products - Durable Solutions | Izotex","og_description":"Browse Izotex's range of waterproofing products. Discover durable membranes, insulation tapes, and innovative solutions for reliable water protection.","og_url":"https:\/\/izotex.com\/tr\/urunler\/","og_site_name":"Izotex","article_modified_time":"2025-11-04T14:51:29+00:00","twitter_card":"summary_large_image","twitter_misc":{"Est. reading time":"2 minutes"},"schema":{"@context":"https:\/\/schema.org","@graph":[{"@type":"WebPage","@id":"https:\/\/izotex.com\/tr\/urunler\/","url":"https:\/\/izotex.com\/tr\/urunler\/","name":"Waterproofing Products - Durable Solutions | Izotex","isPartOf":{"@id":"https:\/\/izotex.com\/en\/#website"},"datePublished":"2024-11-19T10:57:32+00:00","dateModified":"2025-11-04T14:51:29+00:00","description":"Browse Izotex's range of waterproofing products. Discover durable membranes, insulation tapes, and innovative solutions for reliable water protection.","breadcrumb":{"@id":"https:\/\/izotex.com\/tr\/urunler\/#breadcrumb"},"inLanguage":"en-US","potentialAction":[{"@type":"ReadAction","target":["https:\/\/izotex.com\/tr\/urunler\/"]}]},{"@type":"BreadcrumbList","@id":"https:\/\/izotex.com\/tr\/urunler\/#breadcrumb","itemListElement":[{"@type":"ListItem","position":1,"name":"Home","item":"https:\/\/izotex.com\/en\/"},{"@type":"ListItem","position":2,"name":"Products"}]},{"@type":"WebSite","@id":"https:\/\/izotex.com\/en\/#website","url":"https:\/\/izotex.com\/en\/","name":"Izotex","description":"","potentialAction":[{"@type":"SearchAction","target":{"@type":"EntryPoint","urlTemplate":"https:\/\/izotex.com\/en\/?s={search_term_string}"},"query-input":{"@type":"PropertyValueSpecification","valueRequired":true,"valueName":"search_term_string"}}],"inLanguage":"en-US"}]}},"_links":{"self":[{"href":"https:\/\/izotex.com\/en\/wp-json\/wp\/v2\/pages\/1344","targetHints":{"allow":["GET"]}}],"collection":[{"href":"https:\/\/izotex.com\/en\/wp-json\/wp\/v2\/pages"}],"about":[{"href":"https:\/\/izotex.com\/en\/wp-json\/wp\/v2\/types\/page"}],"author":[{"embeddable":true,"href":"https:\/\/izotex.com\/en\/wp-json\/wp\/v2\/users\/1"}],"replies":[{"embeddable":true,"href":"https:\/\/izotex.com\/en\/wp-json\/wp\/v2\/comments?post=1344"}],"version-history":[{"count":18,"href":"https:\/\/izotex.com\/en\/wp-json\/wp\/v2\/pages\/1344\/revisions"}],"predecessor-version":[{"id":2560,"href":"https:\/\/izotex.com\/en\/wp-json\/wp\/v2\/pages\/1344\/revisions\/2560"}],"wp:attachment":[{"href":"https:\/\/izotex.com\/en\/wp-json\/wp\/v2\/media?parent=1344"}],"curies":[{"name":"wp","href":"https:\/\/api.w.org\/{rel}","templated":true}]}}